{"id":1755,"date":"2023-06-12T07:50:16","date_gmt":"2023-06-12T07:50:16","guid":{"rendered":"https:\/\/damianruiz.eu\/?page_id=1755"},"modified":"2023-06-12T07:57:19","modified_gmt":"2023-06-12T07:57:19","slug":"liberar-al-mono-rescatar-a-la-princesa","status":"publish","type":"page","link":"https:\/\/damianruiz.eu\/ca\/liberar-al-mono-rescatar-a-la-princesa\/","title":{"rendered":"Liberar al mono, rescatar a la princesa"},"content":{"rendered":"<p><span style=\"font-weight: 400;\">Aquest llibre, publicat en 2014 i revisat fa dos anys, \u00e9s la meva proposta te\u00f2rica i pr\u00e0ctica per al tractament del trastorn obsessiu, compulsiu o no.<\/span><\/p>\n<p><img fetchpriority=\"high\" decoding=\"async\" class=\"aligncenter wp-image-1731 \" src=\"https:\/\/damianruiz.eu\/wp-content\/uploads\/2023\/06\/Liberar-al-mono-rescatar-a-la-princesa.jpg\" alt=\"\" width=\"278\" height=\"417\" srcset=\"https:\/\/damianruiz.eu\/wp-content\/uploads\/2023\/06\/Liberar-al-mono-rescatar-a-la-princesa.jpg 1000w, https:\/\/damianruiz.eu\/wp-content\/uploads\/2023\/06\/Liberar-al-mono-rescatar-a-la-princesa-200x300.jpg 200w, https:\/\/damianruiz.eu\/wp-content\/uploads\/2023\/06\/Liberar-al-mono-rescatar-a-la-princesa-683x1024.jpg 683w, https:\/\/damianruiz.eu\/wp-content\/uploads\/2023\/06\/Liberar-al-mono-rescatar-a-la-princesa-768x1152.jpg 768w\" sizes=\"(max-width: 278px) 100vw, 278px\" \/><\/p>\n<p><span style=\"font-weight: 400;\">En ell explico, des de la meva pr\u00f2pia perspectiva psicol\u00f2gica, basada en la recerca te\u00f2rica i en la praxi cl\u00ednica, com es genera, es desenvolupa i es pot arribar a millorar significativament, fins i tot superar en alguns casos, un TOC.<\/span><\/p>\n<p><span style=\"font-weight: 400;\">Despr\u00e9s d&#8217;anys tractant centenars de pacients, tant jo com l&#8217;equip de psic\u00f2legs de l\u2019IPITIA de Barcelona, hem pogut anar comprovant com moltes de les premisses de les quals parteix la meva teoria funcionen adequadament en la seva aplicaci\u00f3 pr\u00e0ctica.<\/span><\/p>\n<p><span style=\"font-weight: 400;\">A \u201cLiberar el mono, rescatar a la princesa\u201d parlo de les circumst\u00e0ncies traum\u00e0tiques per les quals sol passar una persona, normalment, en la seva inf\u00e0ncia o adolesc\u00e8ncia, i que poden ser puntuals, com una situaci\u00f3 d&#8217;ab\u00fas sexual o prolongades en el temps, per exemple viure en un mitj\u00e0 familiar hostil i agressiu i que, a m\u00e9s de la predisposici\u00f3 gen\u00e8tica de cada individu, poden portar-li a desencadenar en un moment donat de la seva vida, quan apareixen estressors, un trastorn obsessiu.<\/span><\/p>\n<p><span style=\"font-weight: 400;\">Despr\u00e9s explico els diferents tipus de TOC que existeixen i que nosaltres tractem, el m\u00e9s habitual el trastorn obsessiu de contingut homosexual i que solen patir, principalment, homes heterosexuals.<\/span><\/p>\n<ul>\n<li style=\"font-weight: 400;\" aria-level=\"1\"><span style=\"font-weight: 400;\">Com sempre reitero, l&#8217;homosexualitat \u00e9s una orientaci\u00f3 sexual minorit\u00e0ria per\u00f2 tan \u201cnormal\u201d com la hetero o la bisexualitat. \u00c9s a dir quan en la meva consulta o en el centre que dirigeixo ve una persona amb clara orientaci\u00f3 homosexual per\u00f2 egodist\u00f3nica, \u00e9s a dir que \u201cno s&#8217;accepta\u201d, l&#8217;ajudem a que ho faci i que integri completament la seva orientaci\u00f3 tant a nivell sexual com afectiva, i que tracti de viure-la amb plenitud i satisfacci\u00f3-.\u00a0<\/span><\/li>\n<\/ul>\n<p><span style=\"font-weight: 400;\">Continguts obsessius centrats en la culpa, l&#8217;agressi\u00f3, la peder\u00e0stia, la impulsi\u00f3, la neteja, religiosos, d&#8217;ordre, etc. s\u00f3n comuns per a moltes persones que pateixen aquest trastorn. I de tot aix\u00f2 n\u2019escric.<\/span><\/p>\n<p><span style=\"font-weight: 400;\">En el llibre tamb\u00e9 es parla de tot all\u00f2 que pot ajudar a millorar un TOC. Tractant-se d&#8217;un trastorn d&#8217;ansietat com aix\u00ed ho considerem, excepte quan detectem components de tipus psic\u00f2tic (una minoria de casos), si aconseguim reduir l&#8217;ansietat-tret, \u00e9s a dir la que subjeu en l&#8217;estructura p\u015biquica de la persona, i que en un estudi intern que v\u00e0rem realitzar a nivell estad\u00edstic i que jo mateix vaig presentar en el Congr\u00e9s de Psicologia Europea celebrat a Moscou en 2019, vam mostrar que era possible. Amb una metodologia de test-retest, vam poder concloure, d&#8217;una manera incipient, que el TOC comen\u00e7ava a minorar simptomatol\u00f2gicament.<\/span><\/p>\n<p><span style=\"font-weight: 400;\">Escric tamb\u00e9 sobre les activitats, exercicis i altres recomanacions que el pacient pot realitzar pel seu compte per a poder comen\u00e7ar a treballar amb la intenci\u00f3 de millorar el seu trastorn per\u00f2 sempre \u00e9s recomanable la realitzaci\u00f3 d&#8217;una ter\u00e0pia psicol\u00f2gica, combinada, almenys en una primera fase, amb una farmacol\u00f2gica (guiada per un psiquiatre), per a combatre aquest trastorn.<\/span><\/p>\n<p><span style=\"font-weight: 400;\">\u201cLiberar al mono, rescatar a la princesa\u201d \u00e9s un text divulgatiu, dirigit a les persones que pateixen un TOC, els seus familiars i professionals de la salut que el tracten i ofereix una perspectiva diferent, ecl\u00e8ctica i integradora, basada, com he dit abans en un treball de recerca te\u00f2rica en la qual he aprofundit especialment en l&#8217;estudi del comportament dels primats (primatolog\u00eda), en la teoria bio-psicosocial de Theodore Millon aix\u00ed com el que ha estat el meu objecte de formaci\u00f3 principal, l&#8217;estudi teoricopr\u00e0ctic de l&#8217;obra de Carl G. Jung, i que em va portar a convertir-me en analista jungui\u00e0.<\/span><\/p>\n<p><span style=\"font-weight: 400;\">Respecto, com dic sempre i com no podria ser d&#8217;una altra manera, la l\u00ednia cognitiu-conductual per\u00f2 ni jo com a psic\u00f2leg m&#8217;adscric a ella, ni personalment crec en els principis que la sustenten (no sols a nivell psicol\u00f2gic sin\u00f3 a nivell conceptual, existencial o filos\u00f2fic), per molt oficial que sigui o pretengui ser. I insisteixo, tinc amics, col\u00b7legues que la practiquen, que coneixen com penso, i als qui respecto profundament.<\/span><\/p>\n<p><span style=\"font-weight: 400;\">El meu concepte de l&#8217;\u00e9sser hum\u00e0 inclou molt m\u00e9s que un cervell racional i una conducta que aquest articula. Existeix la filogen\u00e8tica, la ontogen\u00e9tica i, al meu entendre, un arquetip essencial que explica molt m\u00e9s, en cas de disson\u00e0ncia amb la realitat, el trastorn, que no una creen\u00e7a r\u00edgida en un materialisme org\u00e0nic que condemna a qui el pateix.<\/span><\/p>\n<p><span style=\"font-weight: 400;\">Com a m\u00ednim aquest llibre ofereix una visi\u00f3 diferent i alternativa sobre el TOC, i per a aquells que se senten reflectits i identificats amb tot el que en ell he escrit, una possibilitat de millora.<\/span><\/p>\n<p><span style=\"font-weight: 400;\">Dami\u00e1n Ruiz<\/span><\/p>\n","protected":false},"excerpt":{"rendered":"<p>Aquest llibre, publicat en 2014 i revisat fa dos anys, \u00e9s la meva proposta te\u00f2rica i pr\u00e0ctica per al tractament [&hellip;]<\/p>\n","protected":false},"author":3,"featured_media":0,"parent":0,"menu_order":0,"comment_status":"closed","ping_status":"closed","template":"","meta":{"_uag_custom_page_level_css":"","site-sidebar-layout":"default","site-content-layout":"","ast-site-content-layout":"default","site-content-style":"default","site-sidebar-style":"default","ast-global-header-display":"","ast-banner-title-visibility":"","ast-main-header-display":"","ast-hfb-above-header-display":"","ast-hfb-below-header-display":"","ast-hfb-mobile-header-display":"","site-post-title":"","ast-breadcrumbs-content":"","ast-featured-img":"","footer-sml-layout":"","theme-transparent-header-meta":"default","adv-header-id-meta":"","stick-header-meta":"","header-above-stick-meta":"","header-main-stick-meta":"","header-below-stick-meta":"","astra-migrate-meta-layouts":"default","ast-page-background-enabled":"default","ast-page-background-meta":{"desktop":{"background-color":"var(--ast-global-color-4)","background-image":"","background-repeat":"repeat","background-position":"center center","background-size":"auto","background-attachment":"scroll","background-type":"","background-media":"","overlay-type":"","overlay-color":"","overlay-opacity":"","overlay-gradient":""},"tablet":{"background-color":"","background-image":"","background-repeat":"repeat","background-position":"center center","background-size":"auto","background-attachment":"scroll","background-type":"","background-media":"","overlay-type":"","overlay-color":"","overlay-opacity":"","overlay-gradient":""},"mobile":{"background-color":"","background-image":"","background-repeat":"repeat","background-position":"center center","background-size":"auto","background-attachment":"scroll","background-type":"","background-media":"","overlay-type":"","overlay-color":"","overlay-opacity":"","overlay-gradient":""}},"ast-content-background-meta":{"desktop":{"background-color":"var(--ast-global-color-5)","background-image":"","background-repeat":"repeat","background-position":"center center","background-size":"auto","background-attachment":"scroll","background-type":"","background-media":"","overlay-type":"","overlay-color":"","overlay-opacity":"","overlay-gradient":""},"tablet":{"background-color":"var(--ast-global-color-5)","background-image":"","background-repeat":"repeat","background-position":"center center","background-size":"auto","background-attachment":"scroll","background-type":"","background-media":"","overlay-type":"","overlay-color":"","overlay-opacity":"","overlay-gradient":""},"mobile":{"background-color":"var(--ast-global-color-5)","background-image":"","background-repeat":"repeat","background-position":"center center","background-size":"auto","background-attachment":"scroll","background-type":"","background-media":"","overlay-type":"","overlay-color":"","overlay-opacity":"","overlay-gradient":""}},"footnotes":""},"class_list":["post-1755","page","type-page","status-publish","hentry"],"yoast_head":"<!-- This site is optimized with the Yoast SEO plugin v27.4 - https:\/\/yoast.com\/product\/yoast-seo-wordpress\/ -->\n<title>Liberar al mono, rescatar a la princesa - Dami\u00e1n Ruiz<\/title>\n<meta name=\"robots\" content=\"index, follow, max-snippet:-1, max-image-preview:large, max-video-preview:-1\" \/>\n<link rel=\"canonical\" href=\"https:\/\/damianruiz.eu\/liberar-al-mono-rescatar-a-la-princesa\/\" \/>\n<meta property=\"og:locale\" content=\"ca_ES\" \/>\n<meta property=\"og:type\" content=\"article\" \/>\n<meta property=\"og:title\" content=\"Liberar al mono, rescatar a la princesa - Dami\u00e1n Ruiz\" \/>\n<meta property=\"og:description\" content=\"Aquest llibre, publicat en 2014 i revisat fa dos anys, \u00e9s la meva proposta te\u00f2rica i pr\u00e0ctica per al tractament [&hellip;]\" \/>\n<meta property=\"og:url\" content=\"https:\/\/damianruiz.eu\/liberar-al-mono-rescatar-a-la-princesa\/\" \/>\n<meta property=\"og:site_name\" content=\"Dami\u00e1n Ruiz\" \/>\n<meta property=\"article:modified_time\" content=\"2023-06-12T07:57:19+00:00\" \/>\n<meta property=\"og:image\" content=\"https:\/\/damianruiz.eu\/wp-content\/uploads\/2023\/06\/Liberar-al-mono-rescatar-a-la-princesa.jpg\" \/>\n<meta name=\"twitter:card\" content=\"summary_large_image\" \/>\n<meta name=\"twitter:label1\" content=\"Temps estimat de lectura\" \/>\n\t<meta name=\"twitter:data1\" content=\"4 minuts\" \/>\n<script type=\"application\/ld+json\" class=\"yoast-schema-graph\">{\"@context\":\"https:\\\/\\\/schema.org\",\"@graph\":[{\"@type\":\"WebPage\",\"@id\":\"https:\\\/\\\/damianruiz.eu\\\/liberar-al-mono-rescatar-a-la-princesa\\\/\",\"url\":\"https:\\\/\\\/damianruiz.eu\\\/liberar-al-mono-rescatar-a-la-princesa\\\/\",\"name\":\"Liberar al mono, rescatar a la princesa - Dami\u00e1n Ruiz\",\"isPartOf\":{\"@id\":\"https:\\\/\\\/damianruiz.eu\\\/#website\"},\"primaryImageOfPage\":{\"@id\":\"https:\\\/\\\/damianruiz.eu\\\/liberar-al-mono-rescatar-a-la-princesa\\\/#primaryimage\"},\"image\":{\"@id\":\"https:\\\/\\\/damianruiz.eu\\\/liberar-al-mono-rescatar-a-la-princesa\\\/#primaryimage\"},\"thumbnailUrl\":\"https:\\\/\\\/damianruiz.eu\\\/wp-content\\\/uploads\\\/2023\\\/06\\\/Liberar-al-mono-rescatar-a-la-princesa.jpg\",\"datePublished\":\"2023-06-12T07:50:16+00:00\",\"dateModified\":\"2023-06-12T07:57:19+00:00\",\"breadcrumb\":{\"@id\":\"https:\\\/\\\/damianruiz.eu\\\/liberar-al-mono-rescatar-a-la-princesa\\\/#breadcrumb\"},\"inLanguage\":\"ca\",\"potentialAction\":[{\"@type\":\"ReadAction\",\"target\":[\"https:\\\/\\\/damianruiz.eu\\\/liberar-al-mono-rescatar-a-la-princesa\\\/\"]}]},{\"@type\":\"ImageObject\",\"inLanguage\":\"ca\",\"@id\":\"https:\\\/\\\/damianruiz.eu\\\/liberar-al-mono-rescatar-a-la-princesa\\\/#primaryimage\",\"url\":\"https:\\\/\\\/damianruiz.eu\\\/wp-content\\\/uploads\\\/2023\\\/06\\\/Liberar-al-mono-rescatar-a-la-princesa.jpg\",\"contentUrl\":\"https:\\\/\\\/damianruiz.eu\\\/wp-content\\\/uploads\\\/2023\\\/06\\\/Liberar-al-mono-rescatar-a-la-princesa.jpg\"},{\"@type\":\"BreadcrumbList\",\"@id\":\"https:\\\/\\\/damianruiz.eu\\\/liberar-al-mono-rescatar-a-la-princesa\\\/#breadcrumb\",\"itemListElement\":[{\"@type\":\"ListItem\",\"position\":1,\"name\":\"Portada\",\"item\":\"https:\\\/\\\/damianruiz.eu\\\/ca\\\/\"},{\"@type\":\"ListItem\",\"position\":2,\"name\":\"Liberar al mono, rescatar a la princesa\"}]},{\"@type\":\"WebSite\",\"@id\":\"https:\\\/\\\/damianruiz.eu\\\/#website\",\"url\":\"https:\\\/\\\/damianruiz.eu\\\/\",\"name\":\"Dami\u00e1n Ruiz\",\"description\":\"Licenciado y Postgraduado en Psicolog\u00eda por la Universidad de Barcelona.\",\"publisher\":{\"@id\":\"https:\\\/\\\/damianruiz.eu\\\/#organization\"},\"potentialAction\":[{\"@type\":\"SearchAction\",\"target\":{\"@type\":\"EntryPoint\",\"urlTemplate\":\"https:\\\/\\\/damianruiz.eu\\\/?s={search_term_string}\"},\"query-input\":{\"@type\":\"PropertyValueSpecification\",\"valueRequired\":true,\"valueName\":\"search_term_string\"}}],\"inLanguage\":\"ca\"},{\"@type\":\"Organization\",\"@id\":\"https:\\\/\\\/damianruiz.eu\\\/#organization\",\"name\":\"Dami\u00e1n Ruiz\",\"url\":\"https:\\\/\\\/damianruiz.eu\\\/\",\"logo\":{\"@type\":\"ImageObject\",\"inLanguage\":\"ca\",\"@id\":\"https:\\\/\\\/damianruiz.eu\\\/#\\\/schema\\\/logo\\\/image\\\/\",\"url\":\"https:\\\/\\\/damianruiz.eu\\\/wp-content\\\/uploads\\\/2024\\\/04\\\/cropped-logo-2024-damian-ruiz-233.png\",\"contentUrl\":\"https:\\\/\\\/damianruiz.eu\\\/wp-content\\\/uploads\\\/2024\\\/04\\\/cropped-logo-2024-damian-ruiz-233.png\",\"width\":233,\"height\":60,\"caption\":\"Dami\u00e1n Ruiz\"},\"image\":{\"@id\":\"https:\\\/\\\/damianruiz.eu\\\/#\\\/schema\\\/logo\\\/image\\\/\"}}]}<\/script>\n<!-- \/ Yoast SEO plugin. -->","yoast_head_json":{"title":"Liberar al mono, rescatar a la princesa - Dami\u00e1n Ruiz","robots":{"index":"index","follow":"follow","max-snippet":"max-snippet:-1","max-image-preview":"max-image-preview:large","max-video-preview":"max-video-preview:-1"},"canonical":"https:\/\/damianruiz.eu\/liberar-al-mono-rescatar-a-la-princesa\/","og_locale":"ca_ES","og_type":"article","og_title":"Liberar al mono, rescatar a la princesa - Dami\u00e1n Ruiz","og_description":"Aquest llibre, publicat en 2014 i revisat fa dos anys, \u00e9s la meva proposta te\u00f2rica i pr\u00e0ctica per al tractament [&hellip;]","og_url":"https:\/\/damianruiz.eu\/liberar-al-mono-rescatar-a-la-princesa\/","og_site_name":"Dami\u00e1n Ruiz","article_modified_time":"2023-06-12T07:57:19+00:00","og_image":[{"url":"https:\/\/damianruiz.eu\/wp-content\/uploads\/2023\/06\/Liberar-al-mono-rescatar-a-la-princesa.jpg","type":"","width":"","height":""}],"twitter_card":"summary_large_image","twitter_misc":{"Temps estimat de lectura":"4 minuts"},"schema":{"@context":"https:\/\/schema.org","@graph":[{"@type":"WebPage","@id":"https:\/\/damianruiz.eu\/liberar-al-mono-rescatar-a-la-princesa\/","url":"https:\/\/damianruiz.eu\/liberar-al-mono-rescatar-a-la-princesa\/","name":"Liberar al mono, rescatar a la princesa - Dami\u00e1n Ruiz","isPartOf":{"@id":"https:\/\/damianruiz.eu\/#website"},"primaryImageOfPage":{"@id":"https:\/\/damianruiz.eu\/liberar-al-mono-rescatar-a-la-princesa\/#primaryimage"},"image":{"@id":"https:\/\/damianruiz.eu\/liberar-al-mono-rescatar-a-la-princesa\/#primaryimage"},"thumbnailUrl":"https:\/\/damianruiz.eu\/wp-content\/uploads\/2023\/06\/Liberar-al-mono-rescatar-a-la-princesa.jpg","datePublished":"2023-06-12T07:50:16+00:00","dateModified":"2023-06-12T07:57:19+00:00","breadcrumb":{"@id":"https:\/\/damianruiz.eu\/liberar-al-mono-rescatar-a-la-princesa\/#breadcrumb"},"inLanguage":"ca","potentialAction":[{"@type":"ReadAction","target":["https:\/\/damianruiz.eu\/liberar-al-mono-rescatar-a-la-princesa\/"]}]},{"@type":"ImageObject","inLanguage":"ca","@id":"https:\/\/damianruiz.eu\/liberar-al-mono-rescatar-a-la-princesa\/#primaryimage","url":"https:\/\/damianruiz.eu\/wp-content\/uploads\/2023\/06\/Liberar-al-mono-rescatar-a-la-princesa.jpg","contentUrl":"https:\/\/damianruiz.eu\/wp-content\/uploads\/2023\/06\/Liberar-al-mono-rescatar-a-la-princesa.jpg"},{"@type":"BreadcrumbList","@id":"https:\/\/damianruiz.eu\/liberar-al-mono-rescatar-a-la-princesa\/#breadcrumb","itemListElement":[{"@type":"ListItem","position":1,"name":"Portada","item":"https:\/\/damianruiz.eu\/ca\/"},{"@type":"ListItem","position":2,"name":"Liberar al mono, rescatar a la princesa"}]},{"@type":"WebSite","@id":"https:\/\/damianruiz.eu\/#website","url":"https:\/\/damianruiz.eu\/","name":"Dami\u00e1n Ruiz","description":"Licenciado y Postgraduado en Psicolog\u00eda por la Universidad de Barcelona.","publisher":{"@id":"https:\/\/damianruiz.eu\/#organization"},"potentialAction":[{"@type":"SearchAction","target":{"@type":"EntryPoint","urlTemplate":"https:\/\/damianruiz.eu\/?s={search_term_string}"},"query-input":{"@type":"PropertyValueSpecification","valueRequired":true,"valueName":"search_term_string"}}],"inLanguage":"ca"},{"@type":"Organization","@id":"https:\/\/damianruiz.eu\/#organization","name":"Dami\u00e1n Ruiz","url":"https:\/\/damianruiz.eu\/","logo":{"@type":"ImageObject","inLanguage":"ca","@id":"https:\/\/damianruiz.eu\/#\/schema\/logo\/image\/","url":"https:\/\/damianruiz.eu\/wp-content\/uploads\/2024\/04\/cropped-logo-2024-damian-ruiz-233.png","contentUrl":"https:\/\/damianruiz.eu\/wp-content\/uploads\/2024\/04\/cropped-logo-2024-damian-ruiz-233.png","width":233,"height":60,"caption":"Dami\u00e1n Ruiz"},"image":{"@id":"https:\/\/damianruiz.eu\/#\/schema\/logo\/image\/"}}]}},"uagb_featured_image_src":{"full":false,"thumbnail":false,"medium":false,"medium_large":false,"large":false,"1536x1536":false,"2048x2048":false},"uagb_author_info":{"display_name":"miguel","author_link":"https:\/\/damianruiz.eu\/ca\/author\/miguel\/"},"uagb_comment_info":0,"uagb_excerpt":"Aquest llibre, publicat en 2014 i revisat fa dos anys, \u00e9s la meva proposta te\u00f2rica i pr\u00e0ctica per al tractament [&hellip;]","_links":{"self":[{"href":"https:\/\/damianruiz.eu\/ca\/wp-json\/wp\/v2\/pages\/1755","targetHints":{"allow":["GET"]}}],"collection":[{"href":"https:\/\/damianruiz.eu\/ca\/wp-json\/wp\/v2\/pages"}],"about":[{"href":"https:\/\/damianruiz.eu\/ca\/wp-json\/wp\/v2\/types\/page"}],"author":[{"embeddable":true,"href":"https:\/\/damianruiz.eu\/ca\/wp-json\/wp\/v2\/users\/3"}],"replies":[{"embeddable":true,"href":"https:\/\/damianruiz.eu\/ca\/wp-json\/wp\/v2\/comments?post=1755"}],"version-history":[{"count":3,"href":"https:\/\/damianruiz.eu\/ca\/wp-json\/wp\/v2\/pages\/1755\/revisions"}],"predecessor-version":[{"id":1764,"href":"https:\/\/damianruiz.eu\/ca\/wp-json\/wp\/v2\/pages\/1755\/revisions\/1764"}],"wp:attachment":[{"href":"https:\/\/damianruiz.eu\/ca\/wp-json\/wp\/v2\/media?parent=1755"}],"curies":[{"name":"wp","href":"https:\/\/api.w.org\/{rel}","templated":true}]}}