{"id":2155,"date":"2024-04-05T15:10:50","date_gmt":"2024-04-05T15:10:50","guid":{"rendered":"https:\/\/damianruiz.eu\/?page_id=2155"},"modified":"2024-07-15T22:15:46","modified_gmt":"2024-07-15T22:15:46","slug":"procedimiento-terapeutico","status":"publish","type":"page","link":"https:\/\/damianruiz.eu\/ca\/procedimiento-terapeutico\/","title":{"rendered":"Procedimiento terap\u00e9utico"},"content":{"rendered":"<div class=\"wpb-content-wrapper\"><p>[vc_row][vc_column][vc_single_image image=&#8221;2393&#8243; img_size=&#8221;medium&#8221; alignment=&#8221;center&#8221;][vc_column_text]<\/p>\n<h1 style=\"text-align: center;\"><b>PROCEDIMENT TERAP\u00c8UTIC<\/b><\/h1>\n<p><span style=\"font-weight: 400;\">El procediment terap\u00e8utic consisteix en una primera sessi\u00f3 en l\u00ednia o presencial en les consultes d\u2019en Dami\u00e1n Ruiz a Barcelona. A partir d&#8217;aqu\u00ed es pot seguir la ter\u00e0pia en qualsevol de les dues modalitats sent preferent la presencial, especialment a l&#8217;inici de la ter\u00e0pia.<\/span><\/p>\n<p><span style=\"font-weight: 400;\">S&#8217;establir\u00e0 la periodicitat que pot ser, en un principi, setmanal o quinzenal.\u00a0<\/span><\/p>\n<p><span style=\"font-weight: 400;\">Per a aquelles persones que visquin fora d&#8217;aquestes dues capitals i puguin fer-ho, es recomana despla\u00e7ar-se per a realitzar en un inici de la ter\u00e0pia un intensiu individual de cap de setmana.<\/span><\/p>\n<p><span style=\"font-weight: 400;\">La privacitat i confidencialitat del procediment estan absolutament garantides per\u00f2, per a aquelles persones que per determinats motius, necessitin d&#8217;una major discreci\u00f3 existeix la possibilitat de despla\u00e7ament al seu lloc d&#8217;allotjament (dins del territori nacional).<\/span>[\/vc_column_text][\/vc_column][\/vc_row]<\/p>\n<\/div>","protected":false},"excerpt":{"rendered":"<p>[vc_row][vc_column][vc_single_image image=&#8221;2393&#8243; img_size=&#8221;medium&#8221; alignment=&#8221;center&#8221;][vc_column_text] PROCEDIMENT TERAP\u00c8UTIC El procediment terap\u00e8utic consisteix en una primera sessi\u00f3 en l\u00ednia o presencial en les [&hellip;]<\/p>\n","protected":false},"author":3,"featured_media":2394,"parent":0,"menu_order":0,"comment_status":"closed","ping_status":"closed","template":"","meta":{"_uag_custom_page_level_css":"","site-sidebar-layout":"no-sidebar","site-content-layout":"plain-container","ast-site-content-layout":"default","site-content-style":"default","site-sidebar-style":"default","ast-global-header-display":"","ast-banner-title-visibility":"","ast-main-header-display":"","ast-hfb-above-header-display":"","ast-hfb-below-header-display":"","ast-hfb-mobile-header-display":"","site-post-title":"disabled","ast-breadcrumbs-content":"","ast-featured-img":"disabled","footer-sml-layout":"","theme-transparent-header-meta":"default","adv-header-id-meta":"","stick-header-meta":"","header-above-stick-meta":"","header-main-stick-meta":"","header-below-stick-meta":"","astra-migrate-meta-layouts":"set","ast-page-background-enabled":"default","ast-page-background-meta":{"desktop":{"background-color":"var(--ast-global-color-4)","background-image":"","background-repeat":"repeat","background-position":"center center","background-size":"auto","background-attachment":"scroll","background-type":"","background-media":"","overlay-type":"","overlay-color":"","overlay-opacity":"","overlay-gradient":""},"tablet":{"background-color":"","background-image":"","background-repeat":"repeat","background-position":"center center","background-size":"auto","background-attachment":"scroll","background-type":"","background-media":"","overlay-type":"","overlay-color":"","overlay-opacity":"","overlay-gradient":""},"mobile":{"background-color":"","background-image":"","background-repeat":"repeat","background-position":"center center","background-size":"auto","background-attachment":"scroll","background-type":"","background-media":"","overlay-type":"","overlay-color":"","overlay-opacity":"","overlay-gradient":""}},"ast-content-background-meta":{"desktop":{"background-color":"var(--ast-global-color-5)","background-image":"","background-repeat":"repeat","background-position":"center center","background-size":"auto","background-attachment":"scroll","background-type":"","background-media":"","overlay-type":"","overlay-color":"","overlay-opacity":"","overlay-gradient":""},"tablet":{"background-color":"var(--ast-global-color-5)","background-image":"","background-repeat":"repeat","background-position":"center center","background-size":"auto","background-attachment":"scroll","background-type":"","background-media":"","overlay-type":"","overlay-color":"","overlay-opacity":"","overlay-gradient":""},"mobile":{"background-color":"var(--ast-global-color-5)","background-image":"","background-repeat":"repeat","background-position":"center center","background-size":"auto","background-attachment":"scroll","background-type":"","background-media":"","overlay-type":"","overlay-color":"","overlay-opacity":"","overlay-gradient":""}},"footnotes":""},"class_list":["post-2155","page","type-page","status-publish","has-post-thumbnail","hentry"],"yoast_head":"<!-- This site is optimized with the Yoast SEO plugin v27.5 - https:\/\/yoast.com\/product\/yoast-seo-wordpress\/ -->\n<title>Procedimiento terap\u00e9utico - Dami\u00e1n Ruiz<\/title>\n<meta name=\"robots\" content=\"index, follow, max-snippet:-1, max-image-preview:large, max-video-preview:-1\" \/>\n<link rel=\"canonical\" href=\"https:\/\/damianruiz.eu\/ca\/procedimiento-terapeutico\/\" \/>\n<meta property=\"og:locale\" content=\"ca_ES\" \/>\n<meta property=\"og:type\" content=\"article\" \/>\n<meta property=\"og:title\" content=\"Procedimiento terap\u00e9utico - Dami\u00e1n Ruiz\" \/>\n<meta property=\"og:description\" content=\"[vc_row][vc_column][vc_single_image image=&#8221;2393&#8243; img_size=&#8221;medium&#8221; alignment=&#8221;center&#8221;][vc_column_text] PROCEDIMENT TERAP\u00c8UTIC El procediment terap\u00e8utic consisteix en una primera sessi\u00f3 en l\u00ednia o presencial en les [&hellip;]\" \/>\n<meta property=\"og:url\" content=\"https:\/\/damianruiz.eu\/ca\/procedimiento-terapeutico\/\" \/>\n<meta property=\"og:site_name\" content=\"Dami\u00e1n Ruiz\" \/>\n<meta property=\"article:modified_time\" content=\"2024-07-15T22:15:46+00:00\" \/>\n<meta property=\"og:image\" content=\"https:\/\/damianruiz.eu\/wp-content\/uploads\/2024\/04\/procedimiento-terapeutico.jpg\" \/>\n\t<meta property=\"og:image:width\" content=\"1280\" \/>\n\t<meta property=\"og:image:height\" content=\"857\" \/>\n\t<meta property=\"og:image:type\" content=\"image\/jpeg\" \/>\n<meta name=\"twitter:card\" content=\"summary_large_image\" \/>\n<meta name=\"twitter:label1\" content=\"Temps estimat de lectura\" \/>\n\t<meta name=\"twitter:data1\" content=\"1 minut\" \/>\n<script type=\"application\/ld+json\" class=\"yoast-schema-graph\">{\"@context\":\"https:\\\/\\\/schema.org\",\"@graph\":[{\"@type\":\"WebPage\",\"@id\":\"https:\\\/\\\/damianruiz.eu\\\/ca\\\/procedimiento-terapeutico\\\/\",\"url\":\"https:\\\/\\\/damianruiz.eu\\\/ca\\\/procedimiento-terapeutico\\\/\",\"name\":\"Procedimiento terap\u00e9utico - Dami\u00e1n Ruiz\",\"isPartOf\":{\"@id\":\"https:\\\/\\\/damianruiz.eu\\\/#website\"},\"primaryImageOfPage\":{\"@id\":\"https:\\\/\\\/damianruiz.eu\\\/ca\\\/procedimiento-terapeutico\\\/#primaryimage\"},\"image\":{\"@id\":\"https:\\\/\\\/damianruiz.eu\\\/ca\\\/procedimiento-terapeutico\\\/#primaryimage\"},\"thumbnailUrl\":\"https:\\\/\\\/damianruiz.eu\\\/wp-content\\\/uploads\\\/2024\\\/04\\\/procedimiento-terapeutico.jpg\",\"datePublished\":\"2024-04-05T15:10:50+00:00\",\"dateModified\":\"2024-07-15T22:15:46+00:00\",\"breadcrumb\":{\"@id\":\"https:\\\/\\\/damianruiz.eu\\\/ca\\\/procedimiento-terapeutico\\\/#breadcrumb\"},\"inLanguage\":\"ca\",\"potentialAction\":[{\"@type\":\"ReadAction\",\"target\":[\"https:\\\/\\\/damianruiz.eu\\\/ca\\\/procedimiento-terapeutico\\\/\"]}]},{\"@type\":\"ImageObject\",\"inLanguage\":\"ca\",\"@id\":\"https:\\\/\\\/damianruiz.eu\\\/ca\\\/procedimiento-terapeutico\\\/#primaryimage\",\"url\":\"https:\\\/\\\/damianruiz.eu\\\/wp-content\\\/uploads\\\/2024\\\/04\\\/procedimiento-terapeutico.jpg\",\"contentUrl\":\"https:\\\/\\\/damianruiz.eu\\\/wp-content\\\/uploads\\\/2024\\\/04\\\/procedimiento-terapeutico.jpg\",\"width\":1280,\"height\":857},{\"@type\":\"BreadcrumbList\",\"@id\":\"https:\\\/\\\/damianruiz.eu\\\/ca\\\/procedimiento-terapeutico\\\/#breadcrumb\",\"itemListElement\":[{\"@type\":\"ListItem\",\"position\":1,\"name\":\"Portada\",\"item\":\"https:\\\/\\\/damianruiz.eu\\\/ca\\\/\"},{\"@type\":\"ListItem\",\"position\":2,\"name\":\"Procedimiento terap\u00e9utico\"}]},{\"@type\":\"WebSite\",\"@id\":\"https:\\\/\\\/damianruiz.eu\\\/#website\",\"url\":\"https:\\\/\\\/damianruiz.eu\\\/\",\"name\":\"Dami\u00e1n Ruiz\",\"description\":\"Licenciado y Postgraduado en Psicolog\u00eda por la Universidad de Barcelona.\",\"publisher\":{\"@id\":\"https:\\\/\\\/damianruiz.eu\\\/#organization\"},\"potentialAction\":[{\"@type\":\"SearchAction\",\"target\":{\"@type\":\"EntryPoint\",\"urlTemplate\":\"https:\\\/\\\/damianruiz.eu\\\/?s={search_term_string}\"},\"query-input\":{\"@type\":\"PropertyValueSpecification\",\"valueRequired\":true,\"valueName\":\"search_term_string\"}}],\"inLanguage\":\"ca\"},{\"@type\":\"Organization\",\"@id\":\"https:\\\/\\\/damianruiz.eu\\\/#organization\",\"name\":\"Dami\u00e1n Ruiz\",\"url\":\"https:\\\/\\\/damianruiz.eu\\\/\",\"logo\":{\"@type\":\"ImageObject\",\"inLanguage\":\"ca\",\"@id\":\"https:\\\/\\\/damianruiz.eu\\\/#\\\/schema\\\/logo\\\/image\\\/\",\"url\":\"https:\\\/\\\/damianruiz.eu\\\/wp-content\\\/uploads\\\/2024\\\/04\\\/cropped-logo-2024-damian-ruiz-233.png\",\"contentUrl\":\"https:\\\/\\\/damianruiz.eu\\\/wp-content\\\/uploads\\\/2024\\\/04\\\/cropped-logo-2024-damian-ruiz-233.png\",\"width\":233,\"height\":60,\"caption\":\"Dami\u00e1n Ruiz\"},\"image\":{\"@id\":\"https:\\\/\\\/damianruiz.eu\\\/#\\\/schema\\\/logo\\\/image\\\/\"}}]}<\/script>\n<!-- \/ Yoast SEO plugin. -->","yoast_head_json":{"title":"Procedimiento terap\u00e9utico - Dami\u00e1n Ruiz","robots":{"index":"index","follow":"follow","max-snippet":"max-snippet:-1","max-image-preview":"max-image-preview:large","max-video-preview":"max-video-preview:-1"},"canonical":"https:\/\/damianruiz.eu\/ca\/procedimiento-terapeutico\/","og_locale":"ca_ES","og_type":"article","og_title":"Procedimiento terap\u00e9utico - Dami\u00e1n Ruiz","og_description":"[vc_row][vc_column][vc_single_image image=&#8221;2393&#8243; img_size=&#8221;medium&#8221; alignment=&#8221;center&#8221;][vc_column_text] PROCEDIMENT TERAP\u00c8UTIC El procediment terap\u00e8utic consisteix en una primera sessi\u00f3 en l\u00ednia o presencial en les [&hellip;]","og_url":"https:\/\/damianruiz.eu\/ca\/procedimiento-terapeutico\/","og_site_name":"Dami\u00e1n Ruiz","article_modified_time":"2024-07-15T22:15:46+00:00","og_image":[{"width":1280,"height":857,"url":"https:\/\/damianruiz.eu\/wp-content\/uploads\/2024\/04\/procedimiento-terapeutico.jpg","type":"image\/jpeg"}],"twitter_card":"summary_large_image","twitter_misc":{"Temps estimat de lectura":"1 minut"},"schema":{"@context":"https:\/\/schema.org","@graph":[{"@type":"WebPage","@id":"https:\/\/damianruiz.eu\/ca\/procedimiento-terapeutico\/","url":"https:\/\/damianruiz.eu\/ca\/procedimiento-terapeutico\/","name":"Procedimiento terap\u00e9utico - Dami\u00e1n Ruiz","isPartOf":{"@id":"https:\/\/damianruiz.eu\/#website"},"primaryImageOfPage":{"@id":"https:\/\/damianruiz.eu\/ca\/procedimiento-terapeutico\/#primaryimage"},"image":{"@id":"https:\/\/damianruiz.eu\/ca\/procedimiento-terapeutico\/#primaryimage"},"thumbnailUrl":"https:\/\/damianruiz.eu\/wp-content\/uploads\/2024\/04\/procedimiento-terapeutico.jpg","datePublished":"2024-04-05T15:10:50+00:00","dateModified":"2024-07-15T22:15:46+00:00","breadcrumb":{"@id":"https:\/\/damianruiz.eu\/ca\/procedimiento-terapeutico\/#breadcrumb"},"inLanguage":"ca","potentialAction":[{"@type":"ReadAction","target":["https:\/\/damianruiz.eu\/ca\/procedimiento-terapeutico\/"]}]},{"@type":"ImageObject","inLanguage":"ca","@id":"https:\/\/damianruiz.eu\/ca\/procedimiento-terapeutico\/#primaryimage","url":"https:\/\/damianruiz.eu\/wp-content\/uploads\/2024\/04\/procedimiento-terapeutico.jpg","contentUrl":"https:\/\/damianruiz.eu\/wp-content\/uploads\/2024\/04\/procedimiento-terapeutico.jpg","width":1280,"height":857},{"@type":"BreadcrumbList","@id":"https:\/\/damianruiz.eu\/ca\/procedimiento-terapeutico\/#breadcrumb","itemListElement":[{"@type":"ListItem","position":1,"name":"Portada","item":"https:\/\/damianruiz.eu\/ca\/"},{"@type":"ListItem","position":2,"name":"Procedimiento terap\u00e9utico"}]},{"@type":"WebSite","@id":"https:\/\/damianruiz.eu\/#website","url":"https:\/\/damianruiz.eu\/","name":"Dami\u00e1n Ruiz","description":"Licenciado y Postgraduado en Psicolog\u00eda por la Universidad de Barcelona.","publisher":{"@id":"https:\/\/damianruiz.eu\/#organization"},"potentialAction":[{"@type":"SearchAction","target":{"@type":"EntryPoint","urlTemplate":"https:\/\/damianruiz.eu\/?s={search_term_string}"},"query-input":{"@type":"PropertyValueSpecification","valueRequired":true,"valueName":"search_term_string"}}],"inLanguage":"ca"},{"@type":"Organization","@id":"https:\/\/damianruiz.eu\/#organization","name":"Dami\u00e1n Ruiz","url":"https:\/\/damianruiz.eu\/","logo":{"@type":"ImageObject","inLanguage":"ca","@id":"https:\/\/damianruiz.eu\/#\/schema\/logo\/image\/","url":"https:\/\/damianruiz.eu\/wp-content\/uploads\/2024\/04\/cropped-logo-2024-damian-ruiz-233.png","contentUrl":"https:\/\/damianruiz.eu\/wp-content\/uploads\/2024\/04\/cropped-logo-2024-damian-ruiz-233.png","width":233,"height":60,"caption":"Dami\u00e1n Ruiz"},"image":{"@id":"https:\/\/damianruiz.eu\/#\/schema\/logo\/image\/"}}]}},"uagb_featured_image_src":{"full":["https:\/\/damianruiz.eu\/wp-content\/uploads\/2024\/04\/procedimiento-terapeutico.jpg",1280,857,false],"thumbnail":["https:\/\/damianruiz.eu\/wp-content\/uploads\/2024\/04\/procedimiento-terapeutico-150x150.jpg",150,150,true],"medium":["https:\/\/damianruiz.eu\/wp-content\/uploads\/2024\/04\/procedimiento-terapeutico-300x201.jpg",300,201,true],"medium_large":["https:\/\/damianruiz.eu\/wp-content\/uploads\/2024\/04\/procedimiento-terapeutico-768x514.jpg",768,514,true],"large":["https:\/\/damianruiz.eu\/wp-content\/uploads\/2024\/04\/procedimiento-terapeutico-1024x686.jpg",1024,686,true],"1536x1536":["https:\/\/damianruiz.eu\/wp-content\/uploads\/2024\/04\/procedimiento-terapeutico.jpg",1280,857,false],"2048x2048":["https:\/\/damianruiz.eu\/wp-content\/uploads\/2024\/04\/procedimiento-terapeutico.jpg",1280,857,false]},"uagb_author_info":{"display_name":"miguel","author_link":"https:\/\/damianruiz.eu\/ca\/author\/miguel\/"},"uagb_comment_info":0,"uagb_excerpt":"[vc_row][vc_column][vc_single_image image=&#8221;2393&#8243; img_size=&#8221;medium&#8221; alignment=&#8221;center&#8221;][vc_column_text] PROCEDIMENT TERAP\u00c8UTIC El procediment terap\u00e8utic consisteix en una primera sessi\u00f3 en l\u00ednia o presencial en les [&hellip;]","_links":{"self":[{"href":"https:\/\/damianruiz.eu\/ca\/wp-json\/wp\/v2\/pages\/2155","targetHints":{"allow":["GET"]}}],"collection":[{"href":"https:\/\/damianruiz.eu\/ca\/wp-json\/wp\/v2\/pages"}],"about":[{"href":"https:\/\/damianruiz.eu\/ca\/wp-json\/wp\/v2\/types\/page"}],"author":[{"embeddable":true,"href":"https:\/\/damianruiz.eu\/ca\/wp-json\/wp\/v2\/users\/3"}],"replies":[{"embeddable":true,"href":"https:\/\/damianruiz.eu\/ca\/wp-json\/wp\/v2\/comments?post=2155"}],"version-history":[{"count":4,"href":"https:\/\/damianruiz.eu\/ca\/wp-json\/wp\/v2\/pages\/2155\/revisions"}],"predecessor-version":[{"id":2658,"href":"https:\/\/damianruiz.eu\/ca\/wp-json\/wp\/v2\/pages\/2155\/revisions\/2658"}],"wp:featuredmedia":[{"embeddable":true,"href":"https:\/\/damianruiz.eu\/ca\/wp-json\/wp\/v2\/media\/2394"}],"wp:attachment":[{"href":"https:\/\/damianruiz.eu\/ca\/wp-json\/wp\/v2\/media?parent=2155"}],"curies":[{"name":"wp","href":"https:\/\/api.w.org\/{rel}","templated":true}]}}