{"id":3004,"date":"2025-04-30T07:49:42","date_gmt":"2025-04-30T07:49:42","guid":{"rendered":"https:\/\/damianruiz.eu\/?page_id=3004"},"modified":"2025-04-30T07:49:42","modified_gmt":"2025-04-30T07:49:42","slug":"supervisio-clinica-per-a-psicolegs-es","status":"publish","type":"page","link":"https:\/\/damianruiz.eu\/ca\/supervisio-clinica-per-a-psicolegs-es\/","title":{"rendered":"Supervisi\u00f3 Cl\u00ednica per a Psic\u00f2legs\/es"},"content":{"rendered":"<p><span style=\"font-weight: 400;\">Ofereixo <\/span><b>espais quinzenals de supervisi\u00f3 cl\u00ednica grupal<\/b><span style=\"font-weight: 400;\">, dirigits a psic\u00f2legs\/es en exercici que desitgin enriquir la seva pr\u00e0ctica cl\u00ednica i reflexionar sobre casos reals en un entorn professional i confidencial.<\/span><\/p>\n<h4><b>Com funciona la supervisi\u00f3?<\/b><\/h4>\n<p><span style=\"font-weight: 400;\">\u00a0\u00a0\u00a0\u00a0\u00a0\u00a0\u00a0\u00a0\u00a0\u00a0\u00a0\u00a0\u00a0\u00a0\u00a0\u00a0\u00a0\u00a0\u00a0\u00a0\u00a0\u00a0\u00a0\u00a0\u00a0Els <\/span><b>participants proposen els casos<\/b><span style=\"font-weight: 400;\"> per ser supervisats en cada sessi\u00f3, la qual cosa permet un an\u00e0lisi profund i complet de les situacions cl\u00edniques. La supervisi\u00f3 es duu a terme des d&#8217;una perspectiva <\/span><b>ecl\u00e8ctica i integradora<\/b><span style=\"font-weight: 400;\">, combinant eines i enfocaments de diverses escoles psicol\u00f2giques.<\/span><span style=\"font-weight: 400;\"><br \/>\n<\/span><span style=\"font-weight: 400;\">Aquest enfocament inclou, de manera flexible, influ\u00e8ncies del <\/span><b>humanisme<\/b><span style=\"font-weight: 400;\">, la <\/span><b>psicologia anal\u00edtica de Jung<\/b><span style=\"font-weight: 400;\">, el <\/span><b>cognitivisme<\/b><span style=\"font-weight: 400;\"> i la <\/span><b>teoria de Millon<\/b><span style=\"font-weight: 400;\">, entre altres corrents, adaptant-se a les necessitats de cada cas. L&#8217;objectiu \u00e9s abordar els casos de manera <\/span><b>hol\u00edstica<\/b><span style=\"font-weight: 400;\">, considerant tant els aspectes cognitius com els emocionals, interpersonals i arquet\u00edpics, amb especial atenci\u00f3 al proc\u00e9s terap\u00e8utic global i a la relaci\u00f3 terap\u00e8utica.<\/span><span style=\"font-weight: 400;\"><br \/>\n<\/span><b>No es tracta d&#8217;un enfocament cognitiu-conductual<\/b><span style=\"font-weight: 400;\">, sin\u00f3 d&#8217;una supervisi\u00f3 que integra diverses teories i t\u00e8cniques per oferir una visi\u00f3 m\u00e9s \u00e0mplia i personalitzada de cada cas.<\/span><\/p>\n<h4><b>Confidencialitat total<\/b><\/h4>\n<p><span style=\"font-weight: 400;\">Tot el que es comparteix es gestiona amb la m\u00e0xima <\/span><b>confidencialitat<\/b><span style=\"font-weight: 400;\">. Els casos seran presentats de forma <\/span><b>an\u00f2nima<\/b><span style=\"font-weight: 400;\">, protegint sempre la identitat dels pacients. Els participants es comprometen a mantenir un espai de respecte, privacitat i responsabilitat \u00e8tica.<\/span><\/p>\n<h4><b>Modalitat i horaris<\/b><\/h4>\n<ul>\n<li style=\"font-weight: 400;\" aria-level=\"1\"><span style=\"font-weight: 400;\">Un dimarts presencial (Barcelona) i un dimarts online (Zoom), alternats quinzenalment<\/span><\/li>\n<li style=\"font-weight: 400;\" aria-level=\"1\"><span style=\"font-weight: 400;\"><strong>Horari<\/strong>: de 9:30 a 11:30<\/span><\/li>\n<li style=\"font-weight: 400;\" aria-level=\"1\"><b>Grups online<\/b><span style=\"font-weight: 400;\">: fins a 10 participants<\/span><\/li>\n<li style=\"font-weight: 400;\" aria-level=\"1\"><b>Grups presencials<\/b><span style=\"font-weight: 400;\">: fins a 15 participants<\/span><\/li>\n<\/ul>\n<h4><b>Per qu\u00e8 aquesta supervisi\u00f3?<\/b><\/h4>\n<p><span style=\"font-weight: 400;\">Aquest espai est\u00e0 dissenyat per oferir una supervisi\u00f3 cl\u00ednica <\/span><b>flexible i enriquidora<\/b><span style=\"font-weight: 400;\">, en qu\u00e8 es combinen diferents corrents psicol\u00f2giques per abordar els casos de manera integral. La supervisi\u00f3 inclou elements de teories com l&#8217;humanisme, la <\/span><b>psicologia anal\u00edtica de Jung<\/b><span style=\"font-weight: 400;\"> i la <\/span><b>teoria de Millon<\/b><span style=\"font-weight: 400;\">, segons el que cada cas necessiti. Aquest enfocament integrador facilita una comprensi\u00f3 m\u00e9s \u00e0mplia de les din\u00e0miques del pacient i dels processos terap\u00e8utics.<\/span><\/p>\n<h4><b>Tarifes<\/b><\/h4>\n<ul>\n<li style=\"font-weight: 400;\" aria-level=\"1\"><b>Preu per cada sessi\u00f3<\/b><span style=\"font-weight: 400;\">: 50 euros<\/span><\/li>\n<li style=\"font-weight: 400;\" aria-level=\"1\"><b>Bono per cinc sessions<\/b><span style=\"font-weight: 400;\">: 200 euros<\/span><span style=\"font-weight: 400;\"><br \/>\n<\/span><\/li>\n<\/ul>\n<h4><b>Lloc de les supervisions presencials:<\/b><\/h4>\n<h4><span style=\"font-weight: 400;\">Guitard, 45, 3\u00ba &#8211; 08014 Barcelona<\/span><\/h4>\n","protected":false},"excerpt":{"rendered":"<p>Ofereixo espais quinzenals de supervisi\u00f3 cl\u00ednica grupal, dirigits a psic\u00f2legs\/es en exercici que desitgin enriquir la seva pr\u00e0ctica cl\u00ednica i [&hellip;]<\/p>\n","protected":false},"author":3,"featured_media":0,"parent":0,"menu_order":0,"comment_status":"closed","ping_status":"closed","template":"","meta":{"_uag_custom_page_level_css":"","site-sidebar-layout":"default","site-content-layout":"","ast-site-content-layout":"default","site-content-style":"default","site-sidebar-style":"default","ast-global-header-display":"","ast-banner-title-visibility":"","ast-main-header-display":"","ast-hfb-above-header-display":"","ast-hfb-below-header-display":"","ast-hfb-mobile-header-display":"","site-post-title":"","ast-breadcrumbs-content":"","ast-featured-img":"","footer-sml-layout":"","theme-transparent-header-meta":"default","adv-header-id-meta":"","stick-header-meta":"","header-above-stick-meta":"","header-main-stick-meta":"","header-below-stick-meta":"","astra-migrate-meta-layouts":"set","ast-page-background-enabled":"default","ast-page-background-meta":{"desktop":{"background-color":"var(--ast-global-color-4)","background-image":"","background-repeat":"repeat","background-position":"center center","background-size":"auto","background-attachment":"scroll","background-type":"","background-media":"","overlay-type":"","overlay-color":"","overlay-opacity":"","overlay-gradient":""},"tablet":{"background-color":"","background-image":"","background-repeat":"repeat","background-position":"center center","background-size":"auto","background-attachment":"scroll","background-type":"","background-media":"","overlay-type":"","overlay-color":"","overlay-opacity":"","overlay-gradient":""},"mobile":{"background-color":"","background-image":"","background-repeat":"repeat","background-position":"center center","background-size":"auto","background-attachment":"scroll","background-type":"","background-media":"","overlay-type":"","overlay-color":"","overlay-opacity":"","overlay-gradient":""}},"ast-content-background-meta":{"desktop":{"background-color":"var(--ast-global-color-5)","background-image":"","background-repeat":"repeat","background-position":"center center","background-size":"auto","background-attachment":"scroll","background-type":"","background-media":"","overlay-type":"","overlay-color":"","overlay-opacity":"","overlay-gradient":""},"tablet":{"background-color":"var(--ast-global-color-5)","background-image":"","background-repeat":"repeat","background-position":"center center","background-size":"auto","background-attachment":"scroll","background-type":"","background-media":"","overlay-type":"","overlay-color":"","overlay-opacity":"","overlay-gradient":""},"mobile":{"background-color":"var(--ast-global-color-5)","background-image":"","background-repeat":"repeat","background-position":"center center","background-size":"auto","background-attachment":"scroll","background-type":"","background-media":"","overlay-type":"","overlay-color":"","overlay-opacity":"","overlay-gradient":""}},"footnotes":""},"class_list":["post-3004","page","type-page","status-publish","hentry"],"yoast_head":"<!-- This site is optimized with the Yoast SEO plugin v27.5 - https:\/\/yoast.com\/product\/yoast-seo-wordpress\/ -->\n<title>Supervisi\u00f3 Cl\u00ednica per a Psic\u00f2legs\/es - Dami\u00e1n Ruiz<\/title>\n<meta name=\"robots\" content=\"index, follow, max-snippet:-1, max-image-preview:large, max-video-preview:-1\" \/>\n<link rel=\"canonical\" href=\"https:\/\/damianruiz.eu\/ca\/supervisio-clinica-per-a-psicolegs-es\/\" \/>\n<meta property=\"og:locale\" content=\"ca_ES\" \/>\n<meta property=\"og:type\" content=\"article\" \/>\n<meta property=\"og:title\" content=\"Supervisi\u00f3 Cl\u00ednica per a Psic\u00f2legs\/es - Dami\u00e1n Ruiz\" \/>\n<meta property=\"og:description\" content=\"Ofereixo espais quinzenals de supervisi\u00f3 cl\u00ednica grupal, dirigits a psic\u00f2legs\/es en exercici que desitgin enriquir la seva pr\u00e0ctica cl\u00ednica i [&hellip;]\" \/>\n<meta property=\"og:url\" content=\"https:\/\/damianruiz.eu\/ca\/supervisio-clinica-per-a-psicolegs-es\/\" \/>\n<meta property=\"og:site_name\" content=\"Dami\u00e1n Ruiz\" \/>\n<meta name=\"twitter:card\" content=\"summary_large_image\" \/>\n<meta name=\"twitter:label1\" content=\"Temps estimat de lectura\" \/>\n\t<meta name=\"twitter:data1\" content=\"2 minuts\" \/>\n<script type=\"application\/ld+json\" class=\"yoast-schema-graph\">{\"@context\":\"https:\\\/\\\/schema.org\",\"@graph\":[{\"@type\":\"WebPage\",\"@id\":\"https:\\\/\\\/damianruiz.eu\\\/ca\\\/supervisio-clinica-per-a-psicolegs-es\\\/\",\"url\":\"https:\\\/\\\/damianruiz.eu\\\/ca\\\/supervisio-clinica-per-a-psicolegs-es\\\/\",\"name\":\"Supervisi\u00f3 Cl\u00ednica per a Psic\u00f2legs\\\/es - Dami\u00e1n Ruiz\",\"isPartOf\":{\"@id\":\"https:\\\/\\\/damianruiz.eu\\\/#website\"},\"datePublished\":\"2025-04-30T07:49:42+00:00\",\"breadcrumb\":{\"@id\":\"https:\\\/\\\/damianruiz.eu\\\/ca\\\/supervisio-clinica-per-a-psicolegs-es\\\/#breadcrumb\"},\"inLanguage\":\"ca\",\"potentialAction\":[{\"@type\":\"ReadAction\",\"target\":[\"https:\\\/\\\/damianruiz.eu\\\/ca\\\/supervisio-clinica-per-a-psicolegs-es\\\/\"]}]},{\"@type\":\"BreadcrumbList\",\"@id\":\"https:\\\/\\\/damianruiz.eu\\\/ca\\\/supervisio-clinica-per-a-psicolegs-es\\\/#breadcrumb\",\"itemListElement\":[{\"@type\":\"ListItem\",\"position\":1,\"name\":\"Portada\",\"item\":\"https:\\\/\\\/damianruiz.eu\\\/ca\\\/\"},{\"@type\":\"ListItem\",\"position\":2,\"name\":\"Supervisi\u00f3 Cl\u00ednica per a Psic\u00f2legs\\\/es\"}]},{\"@type\":\"WebSite\",\"@id\":\"https:\\\/\\\/damianruiz.eu\\\/#website\",\"url\":\"https:\\\/\\\/damianruiz.eu\\\/\",\"name\":\"Dami\u00e1n Ruiz\",\"description\":\"Licenciado y Postgraduado en Psicolog\u00eda por la Universidad de Barcelona.\",\"publisher\":{\"@id\":\"https:\\\/\\\/damianruiz.eu\\\/#organization\"},\"potentialAction\":[{\"@type\":\"SearchAction\",\"target\":{\"@type\":\"EntryPoint\",\"urlTemplate\":\"https:\\\/\\\/damianruiz.eu\\\/?s={search_term_string}\"},\"query-input\":{\"@type\":\"PropertyValueSpecification\",\"valueRequired\":true,\"valueName\":\"search_term_string\"}}],\"inLanguage\":\"ca\"},{\"@type\":\"Organization\",\"@id\":\"https:\\\/\\\/damianruiz.eu\\\/#organization\",\"name\":\"Dami\u00e1n Ruiz\",\"url\":\"https:\\\/\\\/damianruiz.eu\\\/\",\"logo\":{\"@type\":\"ImageObject\",\"inLanguage\":\"ca\",\"@id\":\"https:\\\/\\\/damianruiz.eu\\\/#\\\/schema\\\/logo\\\/image\\\/\",\"url\":\"https:\\\/\\\/damianruiz.eu\\\/wp-content\\\/uploads\\\/2024\\\/04\\\/cropped-logo-2024-damian-ruiz-233.png\",\"contentUrl\":\"https:\\\/\\\/damianruiz.eu\\\/wp-content\\\/uploads\\\/2024\\\/04\\\/cropped-logo-2024-damian-ruiz-233.png\",\"width\":233,\"height\":60,\"caption\":\"Dami\u00e1n Ruiz\"},\"image\":{\"@id\":\"https:\\\/\\\/damianruiz.eu\\\/#\\\/schema\\\/logo\\\/image\\\/\"}}]}<\/script>\n<!-- \/ Yoast SEO plugin. -->","yoast_head_json":{"title":"Supervisi\u00f3 Cl\u00ednica per a Psic\u00f2legs\/es - Dami\u00e1n Ruiz","robots":{"index":"index","follow":"follow","max-snippet":"max-snippet:-1","max-image-preview":"max-image-preview:large","max-video-preview":"max-video-preview:-1"},"canonical":"https:\/\/damianruiz.eu\/ca\/supervisio-clinica-per-a-psicolegs-es\/","og_locale":"ca_ES","og_type":"article","og_title":"Supervisi\u00f3 Cl\u00ednica per a Psic\u00f2legs\/es - Dami\u00e1n Ruiz","og_description":"Ofereixo espais quinzenals de supervisi\u00f3 cl\u00ednica grupal, dirigits a psic\u00f2legs\/es en exercici que desitgin enriquir la seva pr\u00e0ctica cl\u00ednica i [&hellip;]","og_url":"https:\/\/damianruiz.eu\/ca\/supervisio-clinica-per-a-psicolegs-es\/","og_site_name":"Dami\u00e1n Ruiz","twitter_card":"summary_large_image","twitter_misc":{"Temps estimat de lectura":"2 minuts"},"schema":{"@context":"https:\/\/schema.org","@graph":[{"@type":"WebPage","@id":"https:\/\/damianruiz.eu\/ca\/supervisio-clinica-per-a-psicolegs-es\/","url":"https:\/\/damianruiz.eu\/ca\/supervisio-clinica-per-a-psicolegs-es\/","name":"Supervisi\u00f3 Cl\u00ednica per a Psic\u00f2legs\/es - Dami\u00e1n Ruiz","isPartOf":{"@id":"https:\/\/damianruiz.eu\/#website"},"datePublished":"2025-04-30T07:49:42+00:00","breadcrumb":{"@id":"https:\/\/damianruiz.eu\/ca\/supervisio-clinica-per-a-psicolegs-es\/#breadcrumb"},"inLanguage":"ca","potentialAction":[{"@type":"ReadAction","target":["https:\/\/damianruiz.eu\/ca\/supervisio-clinica-per-a-psicolegs-es\/"]}]},{"@type":"BreadcrumbList","@id":"https:\/\/damianruiz.eu\/ca\/supervisio-clinica-per-a-psicolegs-es\/#breadcrumb","itemListElement":[{"@type":"ListItem","position":1,"name":"Portada","item":"https:\/\/damianruiz.eu\/ca\/"},{"@type":"ListItem","position":2,"name":"Supervisi\u00f3 Cl\u00ednica per a Psic\u00f2legs\/es"}]},{"@type":"WebSite","@id":"https:\/\/damianruiz.eu\/#website","url":"https:\/\/damianruiz.eu\/","name":"Dami\u00e1n Ruiz","description":"Licenciado y Postgraduado en Psicolog\u00eda por la Universidad de Barcelona.","publisher":{"@id":"https:\/\/damianruiz.eu\/#organization"},"potentialAction":[{"@type":"SearchAction","target":{"@type":"EntryPoint","urlTemplate":"https:\/\/damianruiz.eu\/?s={search_term_string}"},"query-input":{"@type":"PropertyValueSpecification","valueRequired":true,"valueName":"search_term_string"}}],"inLanguage":"ca"},{"@type":"Organization","@id":"https:\/\/damianruiz.eu\/#organization","name":"Dami\u00e1n Ruiz","url":"https:\/\/damianruiz.eu\/","logo":{"@type":"ImageObject","inLanguage":"ca","@id":"https:\/\/damianruiz.eu\/#\/schema\/logo\/image\/","url":"https:\/\/damianruiz.eu\/wp-content\/uploads\/2024\/04\/cropped-logo-2024-damian-ruiz-233.png","contentUrl":"https:\/\/damianruiz.eu\/wp-content\/uploads\/2024\/04\/cropped-logo-2024-damian-ruiz-233.png","width":233,"height":60,"caption":"Dami\u00e1n Ruiz"},"image":{"@id":"https:\/\/damianruiz.eu\/#\/schema\/logo\/image\/"}}]}},"uagb_featured_image_src":{"full":false,"thumbnail":false,"medium":false,"medium_large":false,"large":false,"1536x1536":false,"2048x2048":false},"uagb_author_info":{"display_name":"miguel","author_link":"https:\/\/damianruiz.eu\/ca\/author\/miguel\/"},"uagb_comment_info":0,"uagb_excerpt":"Ofereixo espais quinzenals de supervisi\u00f3 cl\u00ednica grupal, dirigits a psic\u00f2legs\/es en exercici que desitgin enriquir la seva pr\u00e0ctica cl\u00ednica i [&hellip;]","_links":{"self":[{"href":"https:\/\/damianruiz.eu\/ca\/wp-json\/wp\/v2\/pages\/3004","targetHints":{"allow":["GET"]}}],"collection":[{"href":"https:\/\/damianruiz.eu\/ca\/wp-json\/wp\/v2\/pages"}],"about":[{"href":"https:\/\/damianruiz.eu\/ca\/wp-json\/wp\/v2\/types\/page"}],"author":[{"embeddable":true,"href":"https:\/\/damianruiz.eu\/ca\/wp-json\/wp\/v2\/users\/3"}],"replies":[{"embeddable":true,"href":"https:\/\/damianruiz.eu\/ca\/wp-json\/wp\/v2\/comments?post=3004"}],"version-history":[{"count":1,"href":"https:\/\/damianruiz.eu\/ca\/wp-json\/wp\/v2\/pages\/3004\/revisions"}],"predecessor-version":[{"id":3005,"href":"https:\/\/damianruiz.eu\/ca\/wp-json\/wp\/v2\/pages\/3004\/revisions\/3005"}],"wp:attachment":[{"href":"https:\/\/damianruiz.eu\/ca\/wp-json\/wp\/v2\/media?parent=3004"}],"curies":[{"name":"wp","href":"https:\/\/api.w.org\/{rel}","templated":true}]}}