{"id":3336,"date":"2025-11-15T10:11:06","date_gmt":"2025-11-15T10:11:06","guid":{"rendered":"https:\/\/damianruiz.eu\/?page_id=3336"},"modified":"2025-12-10T21:20:35","modified_gmt":"2025-12-10T21:20:35","slug":"trastorns-obsessius","status":"publish","type":"page","link":"https:\/\/damianruiz.eu\/ca\/trastorns-obsessius\/","title":{"rendered":"El tractament del TOC"},"content":{"rendered":"<div class=\"wpb-content-wrapper\">\t\t<div data-elementor-type=\"wp-page\" data-elementor-id=\"3336\" class=\"elementor elementor-3336 elementor-2935\">\n\t\t\t\t<div class=\"elementor-element elementor-element-a8fa1da e-con-full e-flex e-con e-parent\" data-id=\"a8fa1da\" data-element_type=\"container\" data-e-type=\"container\">\n\t\t\t\t<div class=\"elementor-element elementor-element-4dffe4d7 elementor-widget elementor-widget-text-editor\" data-id=\"4dffe4d7\" data-element_type=\"widget\" data-e-type=\"widget\" data-widget_type=\"text-editor.default\">\n\t\t\t\t<div class=\"elementor-widget-container\">\n\t\t\t\t\t\t\t\t\t<p>[vc_row][vc_column][vc_column_text]<\/p><p data-start=\"172\" data-end=\"187\"><strong data-start=\"172\" data-end=\"187\">Dami\u00e1n Ruiz<\/strong><\/p><p><span style=\"font-weight: 400;\">Quan, ja fa gaireb\u00e9 vint anys, un jove va <strong>apar\u00e8ixer al meu consultori privat<\/strong> de Barcelona dient-me que feia anys que patia i es tractava del <strong>TOC<\/strong> i que el seu nivell de sofriment era insuportable, vaig iniciar un <strong>proc\u00e9s d\u2019investigaci\u00f3<\/strong> te\u00f2rica a trav\u00e9s de lectures de tota mena, excepte de la l\u00ednia cognitiu conductual, la qual mai no m\u2019ha interessat.<\/span><\/p><p><strong><i>(<strong>Comento aqu\u00ed un fet significatiu<\/strong>)<\/i><\/strong><\/p><ul><li><i><span style=\"font-weight: 400;\">Quan era un jove professor associat de la Facultat de Psicologia de la Universitat de Barcelona, el cap del Departament de Personalitat, al qual jo pertanyia, em va dir que, si volia continuar com a professor, havia de fer un doctorat en \u201cCognitivisme dur\u201d. Crec que hi vaig pensar ben poc. No ho vaig voler. Aix\u00f2 no vol dir que, si ho hagu\u00e9s fet, necess\u00e0riament hauria continuat all\u00e0, per\u00f2 ho vaig tenir ben clar.<\/span><\/i><\/li><\/ul><ul><li><i><span style=\"font-weight: 400;\">No crec en cap l\u00ednia terap\u00e8utica que no consideri l\u2019inconscient i encara menys en aquelles que se centren principalment en el s\u00edmptoma.<\/span><\/i><\/li><\/ul><ul><li><i style=\"font-weight: inherit;\"><span style=\"font-weight: 400;\"><i>El s\u00edmptoma obsessiu \u00e9s com la febre, i all\u00f2 que cal cercar n\u2019\u00e9s la causa.<\/i><\/span><\/i><\/li><\/ul><ul><li><i><span style=\"font-weight: 400;\">\u00a0A partir d\u2019aqu\u00ed, tot el meu respecte als professionals d\u2019aquesta corrent psicol\u00f2gica.)<\/span><\/i><\/li><\/ul><p><span style=\"font-weight: 400;\">La q\u00fcesti\u00f3 \u00e9s que, pels <strong>dos motius que m\u00e9s m\u2019estimulen en la meva professi\u00f3<\/strong><\/span><\/p><ol><li><span style=\"font-weight: 400;\">L\u2019empatia envers el sofriment ali\u00e8<\/span><\/li><li><span style=\"font-weight: 400;\">L\u2019inter\u00e8s pels reptes psicol\u00f2gics.<\/span><\/li><\/ol><p><span style=\"font-weight: 400;\">Vaig<strong> anar avan\u00e7ant<\/strong>, a poc a poc, en all\u00f2 que acabaria esdevenint un procediment terap\u00e8utic integrador i ecl\u00e8ctic en qu\u00e8 convergeixen elements de la teoria de Carl G. Jung, de la primatologia, de la perspectiva de Theodore Millon, de determinats conceptes d\u2019Alexander Lowen i Wilhelm Reich, i, si m\u2019ho permeteu, tamb\u00e9, conceptualment, de Friedrich Nietzsche.<\/span><\/p><p><span style=\"font-weight: 400;\">I aix\u00ed vaig comen\u00e7ar a treballar terap\u00e8uticament. Crec sincerament que aquesta metodologia \u00e9s altament efectiva en molts casos. Tanmateix, el poder omnipresent del conductisme a Espanya i la seva \u201coficialitat\u201d, tant acad\u00e8mica com a la xarxa p\u00fablica de sanitat, deixa ben poc marge per a una alternativa, independentment del fet que, en el seu moment, present\u00e9s \u2014juntament amb membres de l\u2019equip que dirigia\u2014 resultats estad\u00edsticament comprovats sobre la reducci\u00f3 de l\u2019ansietat <\/span><i><span style=\"font-weight: 400;\">tret<\/span><\/i><span style=\"font-weight: 400;\"> en pacients amb TOC, al congr\u00e9s de psicologia europea celebrat a Moscou el 2019.<\/span><span style=\"font-weight: 400;\"><br \/><\/span><\/p><p><span style=\"font-weight: 400;\">\u00a0Ja se sap: si una ter\u00e0pia oficial no funciona en un pacient, la q\u00fcesti\u00f3 es minimitza; en canvi, si aix\u00f2 mateix passa en una l\u00ednia nova, es magnifica.<\/span><\/p><p><span style=\"font-weight: 400;\">En <strong>qualsevol cas<\/strong>, no hi ha miracles: que jo confi\u00ef plenament i pugui afirmar que hi ha hagut i hi ha molt bons resultats en el tractament del <strong>TOC<\/strong> no significa que hagi estat aix\u00ed per a tots els pacients tractats, per\u00f2 s\u00ed per a un percentatge for\u00e7a considerable.<\/span><\/p><p><strong>I en qu\u00e8 es basa aquesta ter\u00e0pia?<\/strong><\/p><p><span style=\"font-weight: 400;\">Parteixo de la possible predisposici\u00f3 gen\u00e8tica del<strong> TOC<\/strong>, all\u00f2 important \u00e9s trobar la causa o les causes que el van poder desencadenar (I SEMPRE N\u2019HI HA), normalment a la infantesa o a l\u2019adolesc\u00e8ncia o b\u00e9 de quin tipus de tracte es va rebre per part dels pares o tutors: tant l\u2019exc\u00e9s de rigidesa com la sobreprotecci\u00f3 ansi\u00f3gena poden ser factors activadors del trastorn obsessiu, encara que sigui anys despr\u00e9s.<\/span><\/p><p><span style=\"font-weight: 400;\"><br \/><\/span><strong> Un cop conegut l\u2019origen, cal cercar quines emocions o pulsions han quedat bloquejades i en quins aspectes s\u2019ha instal\u00b7lat la por i\/o la culpa.<\/strong><\/p><p><span style=\"font-weight: 400;\"><br \/><\/span><span style=\"font-weight: 400;\"> El<strong> TOC<\/strong> \u00e9s un <strong>trastorn d\u2019ansietat<\/strong>, amb <strong>components depressius subjacent<\/strong>, i les dues emocions que hi subjeuen s\u00f3n, ho repeteixo, la por i\/o la culpa. Les persones amb <strong>TOC<\/strong>, m\u00e9s enll\u00e0 dels rituals mentals o conductuals, pensen en lloc de viure, i viuen intentant evitar que passi res de negatiu.<\/span><\/p><p><span style=\"font-weight: 400;\"><br \/><\/span><span style=\"font-weight: 400;\"> Per tant, si aix\u00f2 \u00e9s aix\u00ed, el m\u00e9s l\u00f2gic \u00e9s treballar sobre aquestes dues emocions, a les quals n\u2019afegeixo una tercera: el desig. Perqu\u00e8 l\u2019abs\u00e8ncia de desig, en el sentit de motivaci\u00f3, de passi\u00f3, implica que no hi ha una connexi\u00f3 aut\u00e8ntica amb l\u2019exist\u00e8ncia.<\/span><\/p><p><strong>I quin \u00e9s, en resum, el procediment terap\u00e8utic?<\/strong><span style=\"font-weight: 400;\"><br \/><\/span><\/p><p><span style=\"font-weight: 400;\">\u00a0Treure del focus el s\u00edmptoma obsessiu.<\/span><span style=\"font-weight: 400;\"><br \/><\/span><\/p><p><span style=\"font-weight: 400;\">\u00a0Focalitzar tot all\u00f2 reprimit, all\u00f2 que fa por, all\u00f2 que es tem i all\u00f2 que genera culpa, i procurar activar-ho progressivament.<\/span><span style=\"font-weight: 400;\"><br \/><\/span><span style=\"font-weight: 400;\"> El contingut del <strong>TOC<\/strong> \u2014sigui d\u2019orientaci\u00f3 sexual*, de contaminaci\u00f3, d\u2019ordre, o qualsevol altre\u2014 sempre \u00e9s metaf\u00f2ric, mai literal.<\/span><span style=\"font-weight: 400;\"><br \/><\/span><span style=\"font-weight: 400;\"> A les meves sessions parlo molt poc del <strong>TOC<\/strong> perqu\u00e8 el que pretenc \u00e9s desenvolupar el costat sa que ha estat bloquejat en cada pacient, sovint castrat ps\u00edquicament.<\/span><span style=\"font-weight: 400;\"><br \/><\/span><span style=\"font-weight: 400;\"> Per sortir del <strong>TOC<\/strong> cal tornar a l\u2019exist\u00e8ncia d\u2019una manera clarament activa, i, encara que soni ingenuu, \u00e9s imprescindible recuperar una certa alegria de viure. A mesura que el camp ps\u00edquic s\u2019eixampla amb continguts nous i engrescadors, l\u2019ansietat comen\u00e7a a disminuir i el TOC, a partir d\u2019un cert punt, davalla de manera natural.<\/span><\/p><p><i><span style=\"font-weight: 400;\">* Cal aclarir que el <strong>TOC<\/strong> d\u2019orientaci\u00f3 sexual no t\u00e9 res a veure amb l\u2019homosexualitat egodist\u00f2nica. En el<strong> primer cas<\/strong>, el pacient mai no pot arribar a concloure res, pot passar anys comprovant-se sense poder establir un criteri permanent. En el <strong>segon<\/strong>, el pacient sap que li agraden les persones del mateix sexe \u2014\u00e9s a dir, no dubta\u2014, per\u00f2 no ho pot acceptar o integrar a causa de prejudicis d\u2019un tipus o d\u2019un altre.<\/span><\/i><\/p><p><i><span style=\"font-weight: 400;\"><br \/><\/span><\/i><i><span style=\"font-weight: 400;\"> Al primer cal ajudar-lo a sortir del <strong>TOC<\/strong>; al segon, a acceptar la seva orientaci\u00f3 sexual i viure-la plenament.<\/span><\/i><i><span style=\"font-weight: 400;\"><br \/><\/span><\/i><\/p><p style=\"text-align: right;\"><span style=\"font-weight: 400;\">Dami\u00e1n Ruiz<\/span><\/p><p style=\"text-align: right;\"><a href=\"http:\/\/www.damianruiz.eu\"><span style=\"font-weight: 400;\">www.damianruiz.eu<\/span><\/a><\/p><p>[\/vc_column_text][\/vc_column][\/vc_row]<\/p>\t\t\t\t\t\t\t\t<\/div>\n\t\t\t\t<\/div>\n\t\t\t\t<\/div>\n\t\t\t\t<\/div>\n\t\t<\/div>","protected":false},"excerpt":{"rendered":"<p>[vc_row][vc_column][vc_column_text] Dami\u00e1n Ruiz Quan, ja fa gaireb\u00e9 vint anys, un jove va apar\u00e8ixer al meu consultori privat de Barcelona dient-me [&hellip;]<\/p>\n","protected":false},"author":6,"featured_media":0,"parent":0,"menu_order":0,"comment_status":"closed","ping_status":"closed","template":"","meta":{"_uag_custom_page_level_css":"","site-sidebar-layout":"no-sidebar","site-content-layout":"plain-container","ast-site-content-layout":"default","site-content-style":"default","site-sidebar-style":"default","ast-global-header-display":"","ast-banner-title-visibility":"","ast-main-header-display":"","ast-hfb-above-header-display":"","ast-hfb-below-header-display":"","ast-hfb-mobile-header-display":"","site-post-title":"","ast-breadcrumbs-content":"","ast-featured-img":"disabled","footer-sml-layout":"","theme-transparent-header-meta":"default","adv-header-id-meta":"","stick-header-meta":"","header-above-stick-meta":"","header-main-stick-meta":"","header-below-stick-meta":"","astra-migrate-meta-layouts":"set","ast-page-background-enabled":"default","ast-page-background-meta":{"desktop":{"background-color":"var(--ast-global-color-4)","background-image":"","background-repeat":"repeat","background-position":"center center","background-size":"auto","background-attachment":"scroll","background-type":"","background-media":"","overlay-type":"","overlay-color":"","overlay-opacity":"","overlay-gradient":""},"tablet":{"background-color":"","background-image":"","background-repeat":"repeat","background-position":"center center","background-size":"auto","background-attachment":"scroll","background-type":"","background-media":"","overlay-type":"","overlay-color":"","overlay-opacity":"","overlay-gradient":""},"mobile":{"background-color":"","background-image":"","background-repeat":"repeat","background-position":"center center","background-size":"auto","background-attachment":"scroll","background-type":"","background-media":"","overlay-type":"","overlay-color":"","overlay-opacity":"","overlay-gradient":""}},"ast-content-background-meta":{"desktop":{"background-color":"var(--ast-global-color-5)","background-image":"","background-repeat":"repeat","background-position":"center center","background-size":"auto","background-attachment":"scroll","background-type":"","background-media":"","overlay-type":"","overlay-color":"","overlay-opacity":"","overlay-gradient":""},"tablet":{"background-color":"var(--ast-global-color-5)","background-image":"","background-repeat":"repeat","background-position":"center center","background-size":"auto","background-attachment":"scroll","background-type":"","background-media":"","overlay-type":"","overlay-color":"","overlay-opacity":"","overlay-gradient":""},"mobile":{"background-color":"var(--ast-global-color-5)","background-image":"","background-repeat":"repeat","background-position":"center center","background-size":"auto","background-attachment":"scroll","background-type":"","background-media":"","overlay-type":"","overlay-color":"","overlay-opacity":"","overlay-gradient":""}},"footnotes":""},"class_list":["post-3336","page","type-page","status-publish","hentry"],"yoast_head":"<!-- This site is optimized with the Yoast SEO plugin v27.5 - https:\/\/yoast.com\/product\/yoast-seo-wordpress\/ -->\n<title>Tractament intensiu del TOC a Barcelona<\/title>\n<meta name=\"description\" content=\"El tractament intensiu del TOC a Barcelona ofereix un enfocament profund per superar les obsessions i recuperar l&#039;equilibri emocional.\" \/>\n<meta name=\"robots\" content=\"index, follow, max-snippet:-1, max-image-preview:large, max-video-preview:-1\" \/>\n<link rel=\"canonical\" href=\"https:\/\/damianruiz.eu\/ca\/trastorns-obsessius\/\" \/>\n<meta property=\"og:locale\" content=\"ca_ES\" \/>\n<meta property=\"og:type\" content=\"article\" \/>\n<meta property=\"og:title\" content=\"Tractament intensiu del TOC a Barcelona\" \/>\n<meta property=\"og:description\" content=\"El tractament intensiu del TOC a Barcelona ofereix un enfocament profund per superar les obsessions i recuperar l&#039;equilibri emocional.\" \/>\n<meta property=\"og:url\" content=\"https:\/\/damianruiz.eu\/ca\/trastorns-obsessius\/\" \/>\n<meta property=\"og:site_name\" content=\"Dami\u00e1n Ruiz\" \/>\n<meta property=\"article:modified_time\" content=\"2025-12-10T21:20:35+00:00\" \/>\n<meta name=\"twitter:card\" content=\"summary_large_image\" \/>\n<meta name=\"twitter:label1\" content=\"Temps estimat de lectura\" \/>\n\t<meta name=\"twitter:data1\" content=\"5 minuts\" \/>\n<script type=\"application\/ld+json\" class=\"yoast-schema-graph\">{\"@context\":\"https:\\\/\\\/schema.org\",\"@graph\":[{\"@type\":\"WebPage\",\"@id\":\"https:\\\/\\\/damianruiz.eu\\\/ca\\\/trastorns-obsessius\\\/\",\"url\":\"https:\\\/\\\/damianruiz.eu\\\/ca\\\/trastorns-obsessius\\\/\",\"name\":\"Tractament intensiu del TOC a Barcelona\",\"isPartOf\":{\"@id\":\"https:\\\/\\\/damianruiz.eu\\\/#website\"},\"datePublished\":\"2025-11-15T10:11:06+00:00\",\"dateModified\":\"2025-12-10T21:20:35+00:00\",\"description\":\"El tractament intensiu del TOC a Barcelona ofereix un enfocament profund per superar les obsessions i recuperar l'equilibri emocional.\",\"breadcrumb\":{\"@id\":\"https:\\\/\\\/damianruiz.eu\\\/ca\\\/trastorns-obsessius\\\/#breadcrumb\"},\"inLanguage\":\"ca\",\"potentialAction\":[{\"@type\":\"ReadAction\",\"target\":[\"https:\\\/\\\/damianruiz.eu\\\/ca\\\/trastorns-obsessius\\\/\"]}]},{\"@type\":\"BreadcrumbList\",\"@id\":\"https:\\\/\\\/damianruiz.eu\\\/ca\\\/trastorns-obsessius\\\/#breadcrumb\",\"itemListElement\":[{\"@type\":\"ListItem\",\"position\":1,\"name\":\"Portada\",\"item\":\"https:\\\/\\\/damianruiz.eu\\\/ca\\\/\"},{\"@type\":\"ListItem\",\"position\":2,\"name\":\"El tractament del TOC\"}]},{\"@type\":\"WebSite\",\"@id\":\"https:\\\/\\\/damianruiz.eu\\\/#website\",\"url\":\"https:\\\/\\\/damianruiz.eu\\\/\",\"name\":\"Dami\u00e1n Ruiz\",\"description\":\"Licenciado y Postgraduado en Psicolog\u00eda por la Universidad de Barcelona.\",\"publisher\":{\"@id\":\"https:\\\/\\\/damianruiz.eu\\\/#organization\"},\"potentialAction\":[{\"@type\":\"SearchAction\",\"target\":{\"@type\":\"EntryPoint\",\"urlTemplate\":\"https:\\\/\\\/damianruiz.eu\\\/?s={search_term_string}\"},\"query-input\":{\"@type\":\"PropertyValueSpecification\",\"valueRequired\":true,\"valueName\":\"search_term_string\"}}],\"inLanguage\":\"ca\"},{\"@type\":\"Organization\",\"@id\":\"https:\\\/\\\/damianruiz.eu\\\/#organization\",\"name\":\"Dami\u00e1n Ruiz\",\"url\":\"https:\\\/\\\/damianruiz.eu\\\/\",\"logo\":{\"@type\":\"ImageObject\",\"inLanguage\":\"ca\",\"@id\":\"https:\\\/\\\/damianruiz.eu\\\/#\\\/schema\\\/logo\\\/image\\\/\",\"url\":\"https:\\\/\\\/damianruiz.eu\\\/wp-content\\\/uploads\\\/2024\\\/04\\\/cropped-logo-2024-damian-ruiz-233.png\",\"contentUrl\":\"https:\\\/\\\/damianruiz.eu\\\/wp-content\\\/uploads\\\/2024\\\/04\\\/cropped-logo-2024-damian-ruiz-233.png\",\"width\":233,\"height\":60,\"caption\":\"Dami\u00e1n Ruiz\"},\"image\":{\"@id\":\"https:\\\/\\\/damianruiz.eu\\\/#\\\/schema\\\/logo\\\/image\\\/\"}}]}<\/script>\n<!-- \/ Yoast SEO plugin. -->","yoast_head_json":{"title":"Tractament intensiu del TOC a Barcelona","description":"El tractament intensiu del TOC a Barcelona ofereix un enfocament profund per superar les obsessions i recuperar l'equilibri emocional.","robots":{"index":"index","follow":"follow","max-snippet":"max-snippet:-1","max-image-preview":"max-image-preview:large","max-video-preview":"max-video-preview:-1"},"canonical":"https:\/\/damianruiz.eu\/ca\/trastorns-obsessius\/","og_locale":"ca_ES","og_type":"article","og_title":"Tractament intensiu del TOC a Barcelona","og_description":"El tractament intensiu del TOC a Barcelona ofereix un enfocament profund per superar les obsessions i recuperar l'equilibri emocional.","og_url":"https:\/\/damianruiz.eu\/ca\/trastorns-obsessius\/","og_site_name":"Dami\u00e1n Ruiz","article_modified_time":"2025-12-10T21:20:35+00:00","twitter_card":"summary_large_image","twitter_misc":{"Temps estimat de lectura":"5 minuts"},"schema":{"@context":"https:\/\/schema.org","@graph":[{"@type":"WebPage","@id":"https:\/\/damianruiz.eu\/ca\/trastorns-obsessius\/","url":"https:\/\/damianruiz.eu\/ca\/trastorns-obsessius\/","name":"Tractament intensiu del TOC a Barcelona","isPartOf":{"@id":"https:\/\/damianruiz.eu\/#website"},"datePublished":"2025-11-15T10:11:06+00:00","dateModified":"2025-12-10T21:20:35+00:00","description":"El tractament intensiu del TOC a Barcelona ofereix un enfocament profund per superar les obsessions i recuperar l'equilibri emocional.","breadcrumb":{"@id":"https:\/\/damianruiz.eu\/ca\/trastorns-obsessius\/#breadcrumb"},"inLanguage":"ca","potentialAction":[{"@type":"ReadAction","target":["https:\/\/damianruiz.eu\/ca\/trastorns-obsessius\/"]}]},{"@type":"BreadcrumbList","@id":"https:\/\/damianruiz.eu\/ca\/trastorns-obsessius\/#breadcrumb","itemListElement":[{"@type":"ListItem","position":1,"name":"Portada","item":"https:\/\/damianruiz.eu\/ca\/"},{"@type":"ListItem","position":2,"name":"El tractament del TOC"}]},{"@type":"WebSite","@id":"https:\/\/damianruiz.eu\/#website","url":"https:\/\/damianruiz.eu\/","name":"Dami\u00e1n Ruiz","description":"Licenciado y Postgraduado en Psicolog\u00eda por la Universidad de Barcelona.","publisher":{"@id":"https:\/\/damianruiz.eu\/#organization"},"potentialAction":[{"@type":"SearchAction","target":{"@type":"EntryPoint","urlTemplate":"https:\/\/damianruiz.eu\/?s={search_term_string}"},"query-input":{"@type":"PropertyValueSpecification","valueRequired":true,"valueName":"search_term_string"}}],"inLanguage":"ca"},{"@type":"Organization","@id":"https:\/\/damianruiz.eu\/#organization","name":"Dami\u00e1n Ruiz","url":"https:\/\/damianruiz.eu\/","logo":{"@type":"ImageObject","inLanguage":"ca","@id":"https:\/\/damianruiz.eu\/#\/schema\/logo\/image\/","url":"https:\/\/damianruiz.eu\/wp-content\/uploads\/2024\/04\/cropped-logo-2024-damian-ruiz-233.png","contentUrl":"https:\/\/damianruiz.eu\/wp-content\/uploads\/2024\/04\/cropped-logo-2024-damian-ruiz-233.png","width":233,"height":60,"caption":"Dami\u00e1n Ruiz"},"image":{"@id":"https:\/\/damianruiz.eu\/#\/schema\/logo\/image\/"}}]}},"uagb_featured_image_src":{"full":false,"thumbnail":false,"medium":false,"medium_large":false,"large":false,"1536x1536":false,"2048x2048":false},"uagb_author_info":{"display_name":"mguad","author_link":"https:\/\/damianruiz.eu\/ca\/author\/mguad\/"},"uagb_comment_info":0,"uagb_excerpt":"[vc_row][vc_column][vc_column_text] Dami\u00e1n Ruiz Quan, ja fa gaireb\u00e9 vint anys, un jove va apar\u00e8ixer al meu consultori privat de Barcelona dient-me [&hellip;]","_links":{"self":[{"href":"https:\/\/damianruiz.eu\/ca\/wp-json\/wp\/v2\/pages\/3336","targetHints":{"allow":["GET"]}}],"collection":[{"href":"https:\/\/damianruiz.eu\/ca\/wp-json\/wp\/v2\/pages"}],"about":[{"href":"https:\/\/damianruiz.eu\/ca\/wp-json\/wp\/v2\/types\/page"}],"author":[{"embeddable":true,"href":"https:\/\/damianruiz.eu\/ca\/wp-json\/wp\/v2\/users\/6"}],"replies":[{"embeddable":true,"href":"https:\/\/damianruiz.eu\/ca\/wp-json\/wp\/v2\/comments?post=3336"}],"version-history":[{"count":20,"href":"https:\/\/damianruiz.eu\/ca\/wp-json\/wp\/v2\/pages\/3336\/revisions"}],"predecessor-version":[{"id":3514,"href":"https:\/\/damianruiz.eu\/ca\/wp-json\/wp\/v2\/pages\/3336\/revisions\/3514"}],"wp:attachment":[{"href":"https:\/\/damianruiz.eu\/ca\/wp-json\/wp\/v2\/media?parent=3336"}],"curies":[{"name":"wp","href":"https:\/\/api.w.org\/{rel}","templated":true}]}}