{"id":784,"date":"2020-08-22T02:53:38","date_gmt":"2020-08-22T02:53:38","guid":{"rendered":"https:\/\/damianruiz.eu\/2024\/?page_id=784"},"modified":"2021-05-31T18:10:34","modified_gmt":"2021-05-31T18:10:34","slug":"analisi-junguia","status":"publish","type":"page","link":"https:\/\/damianruiz.eu\/ca\/analisi-junguia\/","title":{"rendered":"An\u00e0lisi jungui\u00e0"},"content":{"rendered":"<h2>\u00bfQu\u00e8 \u00e9s l&#8217;an\u00e0lisi jungui\u00e0?<\/h2>\n<p>\u00c9s un proc\u00e9s profund d&#8217;autoconeixement basat en l&#8217;exploraci\u00f3 de l&#8217;inconscient, segons la teoria i m\u00e8tode desenvolupat per Carl G. Jung (1875-1961), metge i psic\u00f2leg su\u00eds, i l&#8217;objectiu \u00e9s arribar a ser la persona que un \u00e9s. El millor exemple de com treball es pot representar a trav\u00e9s de les paraules de Miquel \u00c0ngel, i despr\u00e9s d&#8217;una pregunta a l&#8217;acabar una de les seves escultures, <i>&#8220;simplement m&#8217;he limitat a treure la pedra que la cobria&#8221;<\/i>.<\/p>\n<p>Perqu\u00e8 cada individu ja <b><i>\u00e9s<\/i><\/b> en origen, i les circumst\u00e0ncies ambientals nom\u00e9s modificaran per b\u00e9 o per malament la seva predisposici\u00f3 gen\u00e8tica-arquetipal. D&#8217;aqu\u00ed que en el proc\u00e9s anal\u00edtic el que caldr\u00e0 treballar \u00e9s el retorn a l&#8217;ess\u00e8ncia superant llasts, traumes, conflictes i tot all\u00f2 que li impedeix un desenvolupament complet de la seva personalitat i talents.<\/p>\n<p>La meva \u00e9s una visi\u00f3 de la psique molt allunyada de l&#8217;cognitivisme i de el conductisme (no em centre en el s\u00edmptoma ni en la conducta, no em focalitzo en reestructurar creences), aix\u00ed com de la nova tend\u00e8ncia social d&#8217;auto-configuraci\u00f3 a la carta, entre altres coses perqu\u00e8 considero que la gen\u00e8tica influeix molt m\u00e9s que el mitj\u00e0, sempre ho explico de la seg\u00fcent manera: un cavall, una olivera, una formiga o un lle\u00f3, solament poden ser aix\u00f2, i l&#8217;\u00fanic que el medi ambient (tot el que ens envolta) pot fer \u00e9s que sigui un espl\u00e8ndid cavall o un cavall raqu\u00edtic, una olivera que visqui mil anys o que mori en dos, i aix\u00ed en qualsevol cas.<\/p>\n<p>Per tant aquest proc\u00e9s d&#8217;individuaci\u00f3 de l&#8217;an\u00e0lisi jungui\u00e0 tracta, fonamentalment, d&#8217;arribar a convertir-te en la millor versi\u00f3 de tu mateix.<\/p>\n<p>I, partint de la base que els \u00e9ssers humans no som iguals, -una altra cosa \u00e9s que el just seria que tothom tingu\u00e9s condicions adequades de partida-, podem considerar que la idea l&#8217;an\u00e0lisi \u00e9s que el analitzant sigui capa\u00e7 d&#8217;integrar les seves conflictes, de desenvolupar aspectes latents de la seva naturalesa i sobretot eliminar les pors i inseguretats que li impedeixen avan\u00e7ar en la vida.<\/p>\n<h2>\u00bf\u00c9s terap\u00e8utic l&#8217;an\u00e0lisi jungui\u00e0?<\/h2>\n<p>S\u00ed, per\u00f2 no es centra en el s\u00edmptoma, sin\u00f3 en les causes i desequilibris que el generen, per tant \u00e9s un proc\u00e9s m\u00e9s lent.<\/p>\n<p><b>I un apunt important.<\/b><\/p>\n<p>L&#8217;an\u00e0lisi jungui\u00e0 \u00e9s un m\u00e8tode anal\u00edtic que indaga en els aspectes m\u00e9s profunds de la psique i de la hist\u00f2ria personal de l&#8217;individu, per\u00f2 jo tinc una visi\u00f3 pragm\u00e0tica i liberal (en el sentit anglosax\u00f3) de la vida i, per tant, tracte que els canvis, en conformitat per descomptat amb el analitzant, siguin reflectits en la seva pr\u00f2pia exist\u00e8ncia.<\/p>\n","protected":false},"excerpt":{"rendered":"<p>\u00bfQu\u00e8 \u00e9s l&#8217;an\u00e0lisi jungui\u00e0? \u00c9s un proc\u00e9s profund d&#8217;autoconeixement basat en l&#8217;exploraci\u00f3 de l&#8217;inconscient, segons la teoria i m\u00e8tode desenvolupat [&hellip;]<\/p>\n","protected":false},"author":4,"featured_media":468,"parent":0,"menu_order":0,"comment_status":"closed","ping_status":"closed","template":"","meta":{"_uag_custom_page_level_css":"","site-sidebar-layout":"default","site-content-layout":"","ast-site-content-layout":"default","site-content-style":"default","site-sidebar-style":"default","ast-global-header-display":"","ast-banner-title-visibility":"","ast-main-header-display":"","ast-hfb-above-header-display":"","ast-hfb-below-header-display":"","ast-hfb-mobile-header-display":"","site-post-title":"","ast-breadcrumbs-content":"","ast-featured-img":"","footer-sml-layout":"","theme-transparent-header-meta":"default","adv-header-id-meta":"","stick-header-meta":"","header-above-stick-meta":"","header-main-stick-meta":"","header-below-stick-meta":"","astra-migrate-meta-layouts":"default","ast-page-background-enabled":"default","ast-page-background-meta":{"desktop":{"background-color":"var(--ast-global-color-4)","background-image":"","background-repeat":"repeat","background-position":"center center","background-size":"auto","background-attachment":"scroll","background-type":"","background-media":"","overlay-type":"","overlay-color":"","overlay-opacity":"","overlay-gradient":""},"tablet":{"background-color":"","background-image":"","background-repeat":"repeat","background-position":"center center","background-size":"auto","background-attachment":"scroll","background-type":"","background-media":"","overlay-type":"","overlay-color":"","overlay-opacity":"","overlay-gradient":""},"mobile":{"background-color":"","background-image":"","background-repeat":"repeat","background-position":"center center","background-size":"auto","background-attachment":"scroll","background-type":"","background-media":"","overlay-type":"","overlay-color":"","overlay-opacity":"","overlay-gradient":""}},"ast-content-background-meta":{"desktop":{"background-color":"var(--ast-global-color-5)","background-image":"","background-repeat":"repeat","background-position":"center center","background-size":"auto","background-attachment":"scroll","background-type":"","background-media":"","overlay-type":"","overlay-color":"","overlay-opacity":"","overlay-gradient":""},"tablet":{"background-color":"var(--ast-global-color-5)","background-image":"","background-repeat":"repeat","background-position":"center center","background-size":"auto","background-attachment":"scroll","background-type":"","background-media":"","overlay-type":"","overlay-color":"","overlay-opacity":"","overlay-gradient":""},"mobile":{"background-color":"var(--ast-global-color-5)","background-image":"","background-repeat":"repeat","background-position":"center center","background-size":"auto","background-attachment":"scroll","background-type":"","background-media":"","overlay-type":"","overlay-color":"","overlay-opacity":"","overlay-gradient":""}},"footnotes":""},"class_list":["post-784","page","type-page","status-publish","has-post-thumbnail","hentry"],"yoast_head":"<!-- This site is optimized with the Yoast SEO plugin v27.5 - https:\/\/yoast.com\/product\/yoast-seo-wordpress\/ -->\n<title>An\u00e0lisi jungui\u00e0 - Dami\u00e1n Ruiz<\/title>\n<meta name=\"robots\" content=\"index, follow, max-snippet:-1, max-image-preview:large, max-video-preview:-1\" \/>\n<link rel=\"canonical\" href=\"https:\/\/damianruiz.eu\/analisis-junguiano\/\" \/>\n<meta property=\"og:locale\" content=\"ca_ES\" \/>\n<meta property=\"og:type\" content=\"article\" \/>\n<meta property=\"og:title\" content=\"An\u00e0lisi jungui\u00e0 - Dami\u00e1n Ruiz\" \/>\n<meta property=\"og:description\" content=\"\u00bfQu\u00e8 \u00e9s l&#8217;an\u00e0lisi jungui\u00e0? \u00c9s un proc\u00e9s profund d&#8217;autoconeixement basat en l&#8217;exploraci\u00f3 de l&#8217;inconscient, segons la teoria i m\u00e8tode desenvolupat [&hellip;]\" \/>\n<meta property=\"og:url\" content=\"https:\/\/damianruiz.eu\/analisis-junguiano\/\" \/>\n<meta property=\"og:site_name\" content=\"Dami\u00e1n Ruiz\" \/>\n<meta property=\"article:modified_time\" content=\"2021-05-31T18:10:34+00:00\" \/>\n<meta property=\"og:image\" content=\"https:\/\/damianruiz.eu\/wp-content\/uploads\/2020\/08\/man-1209957_1280.jpg\" \/>\n\t<meta property=\"og:image:width\" content=\"1280\" \/>\n\t<meta property=\"og:image:height\" content=\"960\" \/>\n\t<meta property=\"og:image:type\" content=\"image\/jpeg\" \/>\n<meta name=\"twitter:card\" content=\"summary_large_image\" \/>\n<meta name=\"twitter:label1\" content=\"Temps estimat de lectura\" \/>\n\t<meta name=\"twitter:data1\" content=\"2 minuts\" \/>\n<script type=\"application\/ld+json\" class=\"yoast-schema-graph\">{\"@context\":\"https:\\\/\\\/schema.org\",\"@graph\":[{\"@type\":\"WebPage\",\"@id\":\"https:\\\/\\\/damianruiz.eu\\\/analisis-junguiano\\\/\",\"url\":\"https:\\\/\\\/damianruiz.eu\\\/analisis-junguiano\\\/\",\"name\":\"An\u00e0lisi jungui\u00e0 - Dami\u00e1n Ruiz\",\"isPartOf\":{\"@id\":\"https:\\\/\\\/damianruiz.eu\\\/#website\"},\"primaryImageOfPage\":{\"@id\":\"https:\\\/\\\/damianruiz.eu\\\/analisis-junguiano\\\/#primaryimage\"},\"image\":{\"@id\":\"https:\\\/\\\/damianruiz.eu\\\/analisis-junguiano\\\/#primaryimage\"},\"thumbnailUrl\":\"https:\\\/\\\/damianruiz.eu\\\/wp-content\\\/uploads\\\/2020\\\/08\\\/man-1209957_1280.jpg\",\"datePublished\":\"2020-08-22T02:53:38+00:00\",\"dateModified\":\"2021-05-31T18:10:34+00:00\",\"breadcrumb\":{\"@id\":\"https:\\\/\\\/damianruiz.eu\\\/analisis-junguiano\\\/#breadcrumb\"},\"inLanguage\":\"ca\",\"potentialAction\":[{\"@type\":\"ReadAction\",\"target\":[\"https:\\\/\\\/damianruiz.eu\\\/analisis-junguiano\\\/\"]}]},{\"@type\":\"ImageObject\",\"inLanguage\":\"ca\",\"@id\":\"https:\\\/\\\/damianruiz.eu\\\/analisis-junguiano\\\/#primaryimage\",\"url\":\"https:\\\/\\\/damianruiz.eu\\\/wp-content\\\/uploads\\\/2020\\\/08\\\/man-1209957_1280.jpg\",\"contentUrl\":\"https:\\\/\\\/damianruiz.eu\\\/wp-content\\\/uploads\\\/2020\\\/08\\\/man-1209957_1280.jpg\",\"width\":1280,\"height\":960},{\"@type\":\"BreadcrumbList\",\"@id\":\"https:\\\/\\\/damianruiz.eu\\\/analisis-junguiano\\\/#breadcrumb\",\"itemListElement\":[{\"@type\":\"ListItem\",\"position\":1,\"name\":\"Portada\",\"item\":\"https:\\\/\\\/damianruiz.eu\\\/ca\\\/\"},{\"@type\":\"ListItem\",\"position\":2,\"name\":\"An\u00e0lisi jungui\u00e0\"}]},{\"@type\":\"WebSite\",\"@id\":\"https:\\\/\\\/damianruiz.eu\\\/#website\",\"url\":\"https:\\\/\\\/damianruiz.eu\\\/\",\"name\":\"Dami\u00e1n Ruiz\",\"description\":\"Licenciado y Postgraduado en Psicolog\u00eda por la Universidad de Barcelona.\",\"publisher\":{\"@id\":\"https:\\\/\\\/damianruiz.eu\\\/#organization\"},\"potentialAction\":[{\"@type\":\"SearchAction\",\"target\":{\"@type\":\"EntryPoint\",\"urlTemplate\":\"https:\\\/\\\/damianruiz.eu\\\/?s={search_term_string}\"},\"query-input\":{\"@type\":\"PropertyValueSpecification\",\"valueRequired\":true,\"valueName\":\"search_term_string\"}}],\"inLanguage\":\"ca\"},{\"@type\":\"Organization\",\"@id\":\"https:\\\/\\\/damianruiz.eu\\\/#organization\",\"name\":\"Dami\u00e1n Ruiz\",\"url\":\"https:\\\/\\\/damianruiz.eu\\\/\",\"logo\":{\"@type\":\"ImageObject\",\"inLanguage\":\"ca\",\"@id\":\"https:\\\/\\\/damianruiz.eu\\\/#\\\/schema\\\/logo\\\/image\\\/\",\"url\":\"https:\\\/\\\/damianruiz.eu\\\/wp-content\\\/uploads\\\/2024\\\/04\\\/cropped-logo-2024-damian-ruiz-233.png\",\"contentUrl\":\"https:\\\/\\\/damianruiz.eu\\\/wp-content\\\/uploads\\\/2024\\\/04\\\/cropped-logo-2024-damian-ruiz-233.png\",\"width\":233,\"height\":60,\"caption\":\"Dami\u00e1n Ruiz\"},\"image\":{\"@id\":\"https:\\\/\\\/damianruiz.eu\\\/#\\\/schema\\\/logo\\\/image\\\/\"}}]}<\/script>\n<!-- \/ Yoast SEO plugin. -->","yoast_head_json":{"title":"An\u00e0lisi jungui\u00e0 - Dami\u00e1n Ruiz","robots":{"index":"index","follow":"follow","max-snippet":"max-snippet:-1","max-image-preview":"max-image-preview:large","max-video-preview":"max-video-preview:-1"},"canonical":"https:\/\/damianruiz.eu\/analisis-junguiano\/","og_locale":"ca_ES","og_type":"article","og_title":"An\u00e0lisi jungui\u00e0 - Dami\u00e1n Ruiz","og_description":"\u00bfQu\u00e8 \u00e9s l&#8217;an\u00e0lisi jungui\u00e0? \u00c9s un proc\u00e9s profund d&#8217;autoconeixement basat en l&#8217;exploraci\u00f3 de l&#8217;inconscient, segons la teoria i m\u00e8tode desenvolupat [&hellip;]","og_url":"https:\/\/damianruiz.eu\/analisis-junguiano\/","og_site_name":"Dami\u00e1n Ruiz","article_modified_time":"2021-05-31T18:10:34+00:00","og_image":[{"width":1280,"height":960,"url":"https:\/\/damianruiz.eu\/wp-content\/uploads\/2020\/08\/man-1209957_1280.jpg","type":"image\/jpeg"}],"twitter_card":"summary_large_image","twitter_misc":{"Temps estimat de lectura":"2 minuts"},"schema":{"@context":"https:\/\/schema.org","@graph":[{"@type":"WebPage","@id":"https:\/\/damianruiz.eu\/analisis-junguiano\/","url":"https:\/\/damianruiz.eu\/analisis-junguiano\/","name":"An\u00e0lisi jungui\u00e0 - Dami\u00e1n Ruiz","isPartOf":{"@id":"https:\/\/damianruiz.eu\/#website"},"primaryImageOfPage":{"@id":"https:\/\/damianruiz.eu\/analisis-junguiano\/#primaryimage"},"image":{"@id":"https:\/\/damianruiz.eu\/analisis-junguiano\/#primaryimage"},"thumbnailUrl":"https:\/\/damianruiz.eu\/wp-content\/uploads\/2020\/08\/man-1209957_1280.jpg","datePublished":"2020-08-22T02:53:38+00:00","dateModified":"2021-05-31T18:10:34+00:00","breadcrumb":{"@id":"https:\/\/damianruiz.eu\/analisis-junguiano\/#breadcrumb"},"inLanguage":"ca","potentialAction":[{"@type":"ReadAction","target":["https:\/\/damianruiz.eu\/analisis-junguiano\/"]}]},{"@type":"ImageObject","inLanguage":"ca","@id":"https:\/\/damianruiz.eu\/analisis-junguiano\/#primaryimage","url":"https:\/\/damianruiz.eu\/wp-content\/uploads\/2020\/08\/man-1209957_1280.jpg","contentUrl":"https:\/\/damianruiz.eu\/wp-content\/uploads\/2020\/08\/man-1209957_1280.jpg","width":1280,"height":960},{"@type":"BreadcrumbList","@id":"https:\/\/damianruiz.eu\/analisis-junguiano\/#breadcrumb","itemListElement":[{"@type":"ListItem","position":1,"name":"Portada","item":"https:\/\/damianruiz.eu\/ca\/"},{"@type":"ListItem","position":2,"name":"An\u00e0lisi jungui\u00e0"}]},{"@type":"WebSite","@id":"https:\/\/damianruiz.eu\/#website","url":"https:\/\/damianruiz.eu\/","name":"Dami\u00e1n Ruiz","description":"Licenciado y Postgraduado en Psicolog\u00eda por la Universidad de Barcelona.","publisher":{"@id":"https:\/\/damianruiz.eu\/#organization"},"potentialAction":[{"@type":"SearchAction","target":{"@type":"EntryPoint","urlTemplate":"https:\/\/damianruiz.eu\/?s={search_term_string}"},"query-input":{"@type":"PropertyValueSpecification","valueRequired":true,"valueName":"search_term_string"}}],"inLanguage":"ca"},{"@type":"Organization","@id":"https:\/\/damianruiz.eu\/#organization","name":"Dami\u00e1n Ruiz","url":"https:\/\/damianruiz.eu\/","logo":{"@type":"ImageObject","inLanguage":"ca","@id":"https:\/\/damianruiz.eu\/#\/schema\/logo\/image\/","url":"https:\/\/damianruiz.eu\/wp-content\/uploads\/2024\/04\/cropped-logo-2024-damian-ruiz-233.png","contentUrl":"https:\/\/damianruiz.eu\/wp-content\/uploads\/2024\/04\/cropped-logo-2024-damian-ruiz-233.png","width":233,"height":60,"caption":"Dami\u00e1n Ruiz"},"image":{"@id":"https:\/\/damianruiz.eu\/#\/schema\/logo\/image\/"}}]}},"uagb_featured_image_src":{"full":["https:\/\/damianruiz.eu\/wp-content\/uploads\/2020\/08\/man-1209957_1280.jpg",1280,960,false],"thumbnail":["https:\/\/damianruiz.eu\/wp-content\/uploads\/2020\/08\/man-1209957_1280-150x150.jpg",150,150,true],"medium":["https:\/\/damianruiz.eu\/wp-content\/uploads\/2020\/08\/man-1209957_1280-300x225.jpg",300,225,true],"medium_large":["https:\/\/damianruiz.eu\/wp-content\/uploads\/2020\/08\/man-1209957_1280-768x576.jpg",768,576,true],"large":["https:\/\/damianruiz.eu\/wp-content\/uploads\/2020\/08\/man-1209957_1280-1024x768.jpg",1024,768,true],"1536x1536":["https:\/\/damianruiz.eu\/wp-content\/uploads\/2020\/08\/man-1209957_1280.jpg",1280,960,false],"2048x2048":["https:\/\/damianruiz.eu\/wp-content\/uploads\/2020\/08\/man-1209957_1280.jpg",1280,960,false]},"uagb_author_info":{"display_name":"Dami\u00e1n Ruiz","author_link":"https:\/\/damianruiz.eu\/ca\/author\/damianruiz\/"},"uagb_comment_info":0,"uagb_excerpt":"\u00bfQu\u00e8 \u00e9s l&#8217;an\u00e0lisi jungui\u00e0? \u00c9s un proc\u00e9s profund d&#8217;autoconeixement basat en l&#8217;exploraci\u00f3 de l&#8217;inconscient, segons la teoria i m\u00e8tode desenvolupat [&hellip;]","_links":{"self":[{"href":"https:\/\/damianruiz.eu\/ca\/wp-json\/wp\/v2\/pages\/784","targetHints":{"allow":["GET"]}}],"collection":[{"href":"https:\/\/damianruiz.eu\/ca\/wp-json\/wp\/v2\/pages"}],"about":[{"href":"https:\/\/damianruiz.eu\/ca\/wp-json\/wp\/v2\/types\/page"}],"author":[{"embeddable":true,"href":"https:\/\/damianruiz.eu\/ca\/wp-json\/wp\/v2\/users\/4"}],"replies":[{"embeddable":true,"href":"https:\/\/damianruiz.eu\/ca\/wp-json\/wp\/v2\/comments?post=784"}],"version-history":[{"count":4,"href":"https:\/\/damianruiz.eu\/ca\/wp-json\/wp\/v2\/pages\/784\/revisions"}],"predecessor-version":[{"id":976,"href":"https:\/\/damianruiz.eu\/ca\/wp-json\/wp\/v2\/pages\/784\/revisions\/976"}],"wp:featuredmedia":[{"embeddable":true,"href":"https:\/\/damianruiz.eu\/ca\/wp-json\/wp\/v2\/media\/468"}],"wp:attachment":[{"href":"https:\/\/damianruiz.eu\/ca\/wp-json\/wp\/v2\/media?parent=784"}],"curies":[{"name":"wp","href":"https:\/\/api.w.org\/{rel}","templated":true}]}}