{"id":1761,"date":"2023-06-12T07:52:45","date_gmt":"2023-06-12T07:52:45","guid":{"rendered":"https:\/\/damianruiz.eu\/?page_id=1761"},"modified":"2023-06-12T08:08:08","modified_gmt":"2023-06-12T08:08:08","slug":"liberer-le-singe-sauver-la-princesse","status":"publish","type":"page","link":"https:\/\/damianruiz.eu\/fr\/liberer-le-singe-sauver-la-princesse\/","title":{"rendered":"Lib\u00e9rer le singe, sauver la princesse"},"content":{"rendered":"<p><span style=\"font-weight: 400;\">Ce livre, publi\u00e9 en 2014 et r\u00e9vis\u00e9 il y a deux ans, est ma proposition th\u00e9orique et pratique pour le traitement des troubles obsessionnels, compulsifs ou non.<\/span><\/p>\n<p><img fetchpriority=\"high\" decoding=\"async\" class=\"\" src=\"https:\/\/damianruiz.eu\/wp-content\/uploads\/2023\/06\/Liberar-al-mono-rescatar-a-la-princesa.jpg\" width=\"293\" height=\"440\" \/><\/p>\n<p><span style=\"font-weight: 400;\">J&rsquo;y explique, de mon propre point de vue psychologique, en m&rsquo;appuyant sur la recherche th\u00e9orique et la pratique clinique, comment le TOC est g\u00e9n\u00e9r\u00e9, se d\u00e9veloppe et peut \u00eatre am\u00e9lior\u00e9 de mani\u00e8re significative, voire surmont\u00e9 dans certains cas.<\/span><\/p>\n<p><span style=\"font-weight: 400;\">Apr\u00e8s des ann\u00e9es de traitement de centaines de patients, moi-m\u00eame et l&rsquo;\u00e9quipe de psychologues de l\u2019&rsquo;IPITIA \u00e0 Barcelone avons pu v\u00e9rifier que bon nombre des pr\u00e9misses sur lesquelles repose ma th\u00e9orie fonctionnent de mani\u00e8re ad\u00e9quate dans leur application pratique.<\/span><\/p>\n<p><span style=\"font-weight: 400;\">Dans \u00ab\u00a0Lib\u00e9rez le singe, sauvez la princesse\u00a0\u00bb, je parle des circonstances traumatiques qu&rsquo;une personne traverse habituellement, le plus souvent dans l&rsquo;enfance ou l&rsquo;adolescence, et qui peuvent \u00eatre sp\u00e9cifiques, comme une situation d&rsquo;abus sexuel, ou prolong\u00e9es dans le temps, par exemple, vivre dans un environnement familial hostile et agressif et qui, en plus de la pr\u00e9disposition g\u00e9n\u00e9tique de chaque individu, peuvent l&rsquo;amener \u00e0 d\u00e9clencher un trouble obsessionnel \u00e0 un moment donn\u00e9 de sa vie, lorsque des facteurs de stress se pr\u00e9sentent, un trouble obsessionnel.<\/span><\/p>\n<p><span style=\"font-weight: 400;\">J&rsquo;explique ensuite les diff\u00e9rents types de TOC qui existent et que nous traitons, le plus courant \u00e9tant le trouble obsessionnel \u00e0 contenu homosexuel, dont souffrent en g\u00e9n\u00e9ral surtout les hommes h\u00e9t\u00e9rosexuels.<\/span><\/p>\n<p><span style=\"font-weight: 400;\">Comme je le r\u00e9p\u00e8te toujours, l&rsquo;homosexualit\u00e9 est une orientation sexuelle minoritaire, mais elle est aussi \u00ab\u00a0normale\u00a0\u00bb que l&rsquo;h\u00e9t\u00e9rosexualit\u00e9 ou la bisexualit\u00e9. C&rsquo;est-\u00e0-dire que lorsqu&rsquo;une personne ayant une orientation homosexuelle claire vient \u00e0 mon cabinet ou au centre que je dirige, mais avec une orientation \u00e9godystonique, c&rsquo;est-\u00e0-dire qu&rsquo;elle \u00ab\u00a0ne s&rsquo;accepte pas\u00a0\u00bb, nous l&rsquo;aidons \u00e0 le faire et \u00e0 int\u00e9grer pleinement son orientation tant sur le plan sexuel qu&rsquo;affectif, et \u00e0 essayer de la vivre pleinement et avec satisfaction.\u00a0<\/span><\/p>\n<p><span style=\"font-weight: 400;\">Les contenus obsessionnels centr\u00e9s sur la culpabilit\u00e9, l&rsquo;agressivit\u00e9, la p\u00e9d\u00e9rastie, l&rsquo;impulsion, la propret\u00e9, le religieux, le rangement, etc. sont communs \u00e0 de nombreuses personnes atteintes de ce trouble. Je parle de tout cela dans mon livre.<\/span><\/p>\n<p><span style=\"font-weight: 400;\">Le livre aborde \u00e9galement tout ce qui peut contribuer \u00e0 am\u00e9liorer les TOC. S&rsquo;agissant d&rsquo;un trouble anxieux tel que nous le consid\u00e9rons, sauf lorsque nous d\u00e9tectons des composantes psychotiques (une minorit\u00e9 de cas), si nous parvenons \u00e0 r\u00e9duire l&rsquo;anxi\u00e9t\u00e9 trait, c&rsquo;est-\u00e0-dire l&rsquo;anxi\u00e9t\u00e9 qui sous-tend la structure psychique de la personn. Et cela dans une \u00e9tude interne que nous avons men\u00e9e \u00e0 un niveau statistique et que j&rsquo;ai moi-m\u00eame pr\u00e9sent\u00e9e au Congr\u00e8s europ\u00e9en de psychologie qui s&rsquo;est tenu \u00e0 Moscou en 2019, nous avons montr\u00e9 que c&rsquo;\u00e9tait possible. Avec une m\u00e9thodologie test-retest, nous avons pu d\u00e9montrer, de mani\u00e8re balbutiante, que les TOC commen\u00e7aient \u00e0 s&rsquo;att\u00e9nuer sur le plan symptomatique.<\/span><\/p>\n<p><span style=\"font-weight: 400;\">J&rsquo;\u00e9cris \u00e9galement sur des activit\u00e9s, des exercices et d&rsquo;autres recommandations que le patient peut r\u00e9aliser seul pour commencer \u00e0 travailler sur l&rsquo;am\u00e9lioration de son trouble, mais il est toujours conseill\u00e9 de r\u00e9aliser une th\u00e9rapie psychologique, combin\u00e9e, au moins dans la premi\u00e8re phase, \u00e0 une th\u00e9rapie pharmacologique (guid\u00e9e par un psychiatre), afin de combattre ce trouble.<\/span><\/p>\n<p><span style=\"font-weight: 400;\">\u00ab\u00a0Lib\u00e9rez le singe, sauvez la princesse\u00a0\u00bb est un texte informatif, destin\u00e9 aux personnes souffrant de TOC, \u00e0 leurs familles et aux professionnels de la sant\u00e9 qui les traitent, et qui offre une perspective diff\u00e9rente, \u00e9clectique et int\u00e9grative, bas\u00e9e, comme je l&rsquo;ai d\u00e9j\u00e0 dit, sur une approche th\u00e9orique, comme je l&rsquo;ai d\u00e9j\u00e0 dit, sur un travail de recherche th\u00e9orique dans lequel j&rsquo;ai approfondi en particulier l&rsquo;\u00e9tude du comportement des primates (primatologie), la th\u00e9orie bio-psycho-sociale de Th\u00e9odore Millon ainsi que ce qui a \u00e9t\u00e9 mon principal objet de formation, l&rsquo;\u00e9tude th\u00e9orico-pratique de l&rsquo;\u0153uvre de Carl G. Jung, et qui m&rsquo;a conduit \u00e0 devenir un expert dans l&rsquo;\u00e9tude du comportement des primates (primatologie), la th\u00e9orie bio-psycho-sociale de Th\u00e9odore Millon ainsi que ce qui a \u00e9t\u00e9 mon principal objet de formation, l&rsquo;\u00e9tude th\u00e9orico-pratique de l&rsquo;\u0153uvre de Carl G. Jung. Jung, qui m&rsquo;a conduit \u00e0 devenir analyste jungien.<\/span><\/p>\n<p><span style=\"font-weight: 400;\">Je respecte, comme je le dis toujours et comme il ne peut en \u00eatre autrement, la ligne cognitivo-comportementale, mais je n&rsquo;y adh\u00e8re pas en tant que psychologue et je ne crois pas non plus personnellement aux principes qui la soutiennent (non seulement au niveau psychologique, mais aussi au niveau conceptuel, existentiel ou philosophique), aussi officielle qu&rsquo;elle soit ou pr\u00e9tende \u00eatre. Et j&rsquo;insiste, j&rsquo;ai des amis, des coll\u00e8gues qui la pratiquent, qui savent comment je pense et que je respecte profond\u00e9ment.<\/span><\/p>\n<p><span style=\"font-weight: 400;\">Ma conception de l&rsquo;\u00eatre humain va bien au-del\u00e0 d&rsquo;un cerveau rationnel et du comportement qu&rsquo;il exprime. Il y a du phylog\u00e9n\u00e9tique, de l&rsquo;ontog\u00e9n\u00e9tique et, \u00e0 mon avis, un arch\u00e9type essentiel qui explique beaucoup plus, en cas de dissonance avec la r\u00e9alit\u00e9, le d\u00e9sordre qu&rsquo;une croyance rigide en un mat\u00e9rialisme organique qui condamne celui qui en souffre.<\/span><\/p>\n<p><span style=\"font-weight: 400;\">Ce livre offre au moins une vision diff\u00e9rente et alternative des TOC et, pour ceux qui se sentent refl\u00e9t\u00e9s et identifi\u00e9s par tout ce que j&rsquo;y ai \u00e9crit, une possibilit\u00e9 d&rsquo;am\u00e9lioration.<\/span><\/p>\n<p>&nbsp;<\/p>\n<p style=\"text-align: right;\"><span style=\"font-weight: 400;\">Dami\u00e1n Ruiz<\/span><\/p>\n","protected":false},"excerpt":{"rendered":"<p>Ce livre, publi\u00e9 en 2014 et r\u00e9vis\u00e9 il y a deux ans, est ma proposition th\u00e9orique et pratique pour le [&hellip;]<\/p>\n","protected":false},"author":3,"featured_media":0,"parent":0,"menu_order":0,"comment_status":"closed","ping_status":"closed","template":"","meta":{"_uag_custom_page_level_css":"","site-sidebar-layout":"default","site-content-layout":"","ast-site-content-layout":"default","site-content-style":"default","site-sidebar-style":"default","ast-global-header-display":"","ast-banner-title-visibility":"","ast-main-header-display":"","ast-hfb-above-header-display":"","ast-hfb-below-header-display":"","ast-hfb-mobile-header-display":"","site-post-title":"","ast-breadcrumbs-content":"","ast-featured-img":"","footer-sml-layout":"","theme-transparent-header-meta":"default","adv-header-id-meta":"","stick-header-meta":"","header-above-stick-meta":"","header-main-stick-meta":"","header-below-stick-meta":"","astra-migrate-meta-layouts":"default","ast-page-background-enabled":"default","ast-page-background-meta":{"desktop":{"background-color":"var(--ast-global-color-4)","background-image":"","background-repeat":"repeat","background-position":"center center","background-size":"auto","background-attachment":"scroll","background-type":"","background-media":"","overlay-type":"","overlay-color":"","overlay-opacity":"","overlay-gradient":""},"tablet":{"background-color":"","background-image":"","background-repeat":"repeat","background-position":"center center","background-size":"auto","background-attachment":"scroll","background-type":"","background-media":"","overlay-type":"","overlay-color":"","overlay-opacity":"","overlay-gradient":""},"mobile":{"background-color":"","background-image":"","background-repeat":"repeat","background-position":"center center","background-size":"auto","background-attachment":"scroll","background-type":"","background-media":"","overlay-type":"","overlay-color":"","overlay-opacity":"","overlay-gradient":""}},"ast-content-background-meta":{"desktop":{"background-color":"var(--ast-global-color-5)","background-image":"","background-repeat":"repeat","background-position":"center center","background-size":"auto","background-attachment":"scroll","background-type":"","background-media":"","overlay-type":"","overlay-color":"","overlay-opacity":"","overlay-gradient":""},"tablet":{"background-color":"var(--ast-global-color-5)","background-image":"","background-repeat":"repeat","background-position":"center center","background-size":"auto","background-attachment":"scroll","background-type":"","background-media":"","overlay-type":"","overlay-color":"","overlay-opacity":"","overlay-gradient":""},"mobile":{"background-color":"var(--ast-global-color-5)","background-image":"","background-repeat":"repeat","background-position":"center center","background-size":"auto","background-attachment":"scroll","background-type":"","background-media":"","overlay-type":"","overlay-color":"","overlay-opacity":"","overlay-gradient":""}},"footnotes":""},"class_list":["post-1761","page","type-page","status-publish","hentry"],"yoast_head":"<!-- This site is optimized with the Yoast SEO plugin v27.4 - https:\/\/yoast.com\/product\/yoast-seo-wordpress\/ -->\n<title>Lib\u00e9rer le singe, sauver la princesse - Dami\u00e1n Ruiz<\/title>\n<meta name=\"robots\" content=\"index, follow, max-snippet:-1, max-image-preview:large, max-video-preview:-1\" \/>\n<link rel=\"canonical\" href=\"https:\/\/damianruiz.eu\/liberar-al-mono-rescatar-a-la-princesa\/\" \/>\n<meta property=\"og:locale\" content=\"fr_FR\" \/>\n<meta property=\"og:type\" content=\"article\" \/>\n<meta property=\"og:title\" content=\"Lib\u00e9rer le singe, sauver la princesse - Dami\u00e1n Ruiz\" \/>\n<meta property=\"og:description\" content=\"Ce livre, publi\u00e9 en 2014 et r\u00e9vis\u00e9 il y a deux ans, est ma proposition th\u00e9orique et pratique pour le [&hellip;]\" \/>\n<meta property=\"og:url\" content=\"https:\/\/damianruiz.eu\/liberar-al-mono-rescatar-a-la-princesa\/\" \/>\n<meta property=\"og:site_name\" content=\"Dami\u00e1n Ruiz\" \/>\n<meta property=\"article:modified_time\" content=\"2023-06-12T08:08:08+00:00\" \/>\n<meta property=\"og:image\" content=\"https:\/\/damianruiz.eu\/wp-content\/uploads\/2023\/06\/Liberar-al-mono-rescatar-a-la-princesa.jpg\" \/>\n<meta name=\"twitter:card\" content=\"summary_large_image\" \/>\n<meta name=\"twitter:label1\" content=\"Dur\u00e9e de lecture estim\u00e9e\" \/>\n\t<meta name=\"twitter:data1\" content=\"4 minutes\" \/>\n<script type=\"application\/ld+json\" class=\"yoast-schema-graph\">{\"@context\":\"https:\\\/\\\/schema.org\",\"@graph\":[{\"@type\":\"WebPage\",\"@id\":\"https:\\\/\\\/damianruiz.eu\\\/liberar-al-mono-rescatar-a-la-princesa\\\/\",\"url\":\"https:\\\/\\\/damianruiz.eu\\\/liberar-al-mono-rescatar-a-la-princesa\\\/\",\"name\":\"Lib\u00e9rer le singe, sauver la princesse - Dami\u00e1n Ruiz\",\"isPartOf\":{\"@id\":\"https:\\\/\\\/damianruiz.eu\\\/#website\"},\"primaryImageOfPage\":{\"@id\":\"https:\\\/\\\/damianruiz.eu\\\/liberar-al-mono-rescatar-a-la-princesa\\\/#primaryimage\"},\"image\":{\"@id\":\"https:\\\/\\\/damianruiz.eu\\\/liberar-al-mono-rescatar-a-la-princesa\\\/#primaryimage\"},\"thumbnailUrl\":\"https:\\\/\\\/damianruiz.eu\\\/wp-content\\\/uploads\\\/2023\\\/06\\\/Liberar-al-mono-rescatar-a-la-princesa.jpg\",\"datePublished\":\"2023-06-12T07:52:45+00:00\",\"dateModified\":\"2023-06-12T08:08:08+00:00\",\"breadcrumb\":{\"@id\":\"https:\\\/\\\/damianruiz.eu\\\/liberar-al-mono-rescatar-a-la-princesa\\\/#breadcrumb\"},\"inLanguage\":\"fr-FR\",\"potentialAction\":[{\"@type\":\"ReadAction\",\"target\":[\"https:\\\/\\\/damianruiz.eu\\\/liberar-al-mono-rescatar-a-la-princesa\\\/\"]}]},{\"@type\":\"ImageObject\",\"inLanguage\":\"fr-FR\",\"@id\":\"https:\\\/\\\/damianruiz.eu\\\/liberar-al-mono-rescatar-a-la-princesa\\\/#primaryimage\",\"url\":\"https:\\\/\\\/damianruiz.eu\\\/wp-content\\\/uploads\\\/2023\\\/06\\\/Liberar-al-mono-rescatar-a-la-princesa.jpg\",\"contentUrl\":\"https:\\\/\\\/damianruiz.eu\\\/wp-content\\\/uploads\\\/2023\\\/06\\\/Liberar-al-mono-rescatar-a-la-princesa.jpg\"},{\"@type\":\"BreadcrumbList\",\"@id\":\"https:\\\/\\\/damianruiz.eu\\\/liberar-al-mono-rescatar-a-la-princesa\\\/#breadcrumb\",\"itemListElement\":[{\"@type\":\"ListItem\",\"position\":1,\"name\":\"Portada\",\"item\":\"https:\\\/\\\/damianruiz.eu\\\/fr\\\/\"},{\"@type\":\"ListItem\",\"position\":2,\"name\":\"Lib\u00e9rer le singe, sauver la princesse\"}]},{\"@type\":\"WebSite\",\"@id\":\"https:\\\/\\\/damianruiz.eu\\\/#website\",\"url\":\"https:\\\/\\\/damianruiz.eu\\\/\",\"name\":\"Dami\u00e1n Ruiz\",\"description\":\"Licenciado y Postgraduado en Psicolog\u00eda por la Universidad de Barcelona.\",\"publisher\":{\"@id\":\"https:\\\/\\\/damianruiz.eu\\\/#organization\"},\"potentialAction\":[{\"@type\":\"SearchAction\",\"target\":{\"@type\":\"EntryPoint\",\"urlTemplate\":\"https:\\\/\\\/damianruiz.eu\\\/?s={search_term_string}\"},\"query-input\":{\"@type\":\"PropertyValueSpecification\",\"valueRequired\":true,\"valueName\":\"search_term_string\"}}],\"inLanguage\":\"fr-FR\"},{\"@type\":\"Organization\",\"@id\":\"https:\\\/\\\/damianruiz.eu\\\/#organization\",\"name\":\"Dami\u00e1n Ruiz\",\"url\":\"https:\\\/\\\/damianruiz.eu\\\/\",\"logo\":{\"@type\":\"ImageObject\",\"inLanguage\":\"fr-FR\",\"@id\":\"https:\\\/\\\/damianruiz.eu\\\/#\\\/schema\\\/logo\\\/image\\\/\",\"url\":\"https:\\\/\\\/damianruiz.eu\\\/wp-content\\\/uploads\\\/2024\\\/04\\\/cropped-logo-2024-damian-ruiz-233.png\",\"contentUrl\":\"https:\\\/\\\/damianruiz.eu\\\/wp-content\\\/uploads\\\/2024\\\/04\\\/cropped-logo-2024-damian-ruiz-233.png\",\"width\":233,\"height\":60,\"caption\":\"Dami\u00e1n Ruiz\"},\"image\":{\"@id\":\"https:\\\/\\\/damianruiz.eu\\\/#\\\/schema\\\/logo\\\/image\\\/\"}}]}<\/script>\n<!-- \/ Yoast SEO plugin. -->","yoast_head_json":{"title":"Lib\u00e9rer le singe, sauver la princesse - Dami\u00e1n Ruiz","robots":{"index":"index","follow":"follow","max-snippet":"max-snippet:-1","max-image-preview":"max-image-preview:large","max-video-preview":"max-video-preview:-1"},"canonical":"https:\/\/damianruiz.eu\/liberar-al-mono-rescatar-a-la-princesa\/","og_locale":"fr_FR","og_type":"article","og_title":"Lib\u00e9rer le singe, sauver la princesse - Dami\u00e1n Ruiz","og_description":"Ce livre, publi\u00e9 en 2014 et r\u00e9vis\u00e9 il y a deux ans, est ma proposition th\u00e9orique et pratique pour le [&hellip;]","og_url":"https:\/\/damianruiz.eu\/liberar-al-mono-rescatar-a-la-princesa\/","og_site_name":"Dami\u00e1n Ruiz","article_modified_time":"2023-06-12T08:08:08+00:00","og_image":[{"url":"https:\/\/damianruiz.eu\/wp-content\/uploads\/2023\/06\/Liberar-al-mono-rescatar-a-la-princesa.jpg","type":"","width":"","height":""}],"twitter_card":"summary_large_image","twitter_misc":{"Dur\u00e9e de lecture estim\u00e9e":"4 minutes"},"schema":{"@context":"https:\/\/schema.org","@graph":[{"@type":"WebPage","@id":"https:\/\/damianruiz.eu\/liberar-al-mono-rescatar-a-la-princesa\/","url":"https:\/\/damianruiz.eu\/liberar-al-mono-rescatar-a-la-princesa\/","name":"Lib\u00e9rer le singe, sauver la princesse - Dami\u00e1n Ruiz","isPartOf":{"@id":"https:\/\/damianruiz.eu\/#website"},"primaryImageOfPage":{"@id":"https:\/\/damianruiz.eu\/liberar-al-mono-rescatar-a-la-princesa\/#primaryimage"},"image":{"@id":"https:\/\/damianruiz.eu\/liberar-al-mono-rescatar-a-la-princesa\/#primaryimage"},"thumbnailUrl":"https:\/\/damianruiz.eu\/wp-content\/uploads\/2023\/06\/Liberar-al-mono-rescatar-a-la-princesa.jpg","datePublished":"2023-06-12T07:52:45+00:00","dateModified":"2023-06-12T08:08:08+00:00","breadcrumb":{"@id":"https:\/\/damianruiz.eu\/liberar-al-mono-rescatar-a-la-princesa\/#breadcrumb"},"inLanguage":"fr-FR","potentialAction":[{"@type":"ReadAction","target":["https:\/\/damianruiz.eu\/liberar-al-mono-rescatar-a-la-princesa\/"]}]},{"@type":"ImageObject","inLanguage":"fr-FR","@id":"https:\/\/damianruiz.eu\/liberar-al-mono-rescatar-a-la-princesa\/#primaryimage","url":"https:\/\/damianruiz.eu\/wp-content\/uploads\/2023\/06\/Liberar-al-mono-rescatar-a-la-princesa.jpg","contentUrl":"https:\/\/damianruiz.eu\/wp-content\/uploads\/2023\/06\/Liberar-al-mono-rescatar-a-la-princesa.jpg"},{"@type":"BreadcrumbList","@id":"https:\/\/damianruiz.eu\/liberar-al-mono-rescatar-a-la-princesa\/#breadcrumb","itemListElement":[{"@type":"ListItem","position":1,"name":"Portada","item":"https:\/\/damianruiz.eu\/fr\/"},{"@type":"ListItem","position":2,"name":"Lib\u00e9rer le singe, sauver la princesse"}]},{"@type":"WebSite","@id":"https:\/\/damianruiz.eu\/#website","url":"https:\/\/damianruiz.eu\/","name":"Dami\u00e1n Ruiz","description":"Licenciado y Postgraduado en Psicolog\u00eda por la Universidad de Barcelona.","publisher":{"@id":"https:\/\/damianruiz.eu\/#organization"},"potentialAction":[{"@type":"SearchAction","target":{"@type":"EntryPoint","urlTemplate":"https:\/\/damianruiz.eu\/?s={search_term_string}"},"query-input":{"@type":"PropertyValueSpecification","valueRequired":true,"valueName":"search_term_string"}}],"inLanguage":"fr-FR"},{"@type":"Organization","@id":"https:\/\/damianruiz.eu\/#organization","name":"Dami\u00e1n Ruiz","url":"https:\/\/damianruiz.eu\/","logo":{"@type":"ImageObject","inLanguage":"fr-FR","@id":"https:\/\/damianruiz.eu\/#\/schema\/logo\/image\/","url":"https:\/\/damianruiz.eu\/wp-content\/uploads\/2024\/04\/cropped-logo-2024-damian-ruiz-233.png","contentUrl":"https:\/\/damianruiz.eu\/wp-content\/uploads\/2024\/04\/cropped-logo-2024-damian-ruiz-233.png","width":233,"height":60,"caption":"Dami\u00e1n Ruiz"},"image":{"@id":"https:\/\/damianruiz.eu\/#\/schema\/logo\/image\/"}}]}},"uagb_featured_image_src":{"full":false,"thumbnail":false,"medium":false,"medium_large":false,"large":false,"1536x1536":false,"2048x2048":false},"uagb_author_info":{"display_name":"miguel","author_link":"https:\/\/damianruiz.eu\/fr\/author\/miguel\/"},"uagb_comment_info":0,"uagb_excerpt":"Ce livre, publi\u00e9 en 2014 et r\u00e9vis\u00e9 il y a deux ans, est ma proposition th\u00e9orique et pratique pour le [&hellip;]","_links":{"self":[{"href":"https:\/\/damianruiz.eu\/fr\/wp-json\/wp\/v2\/pages\/1761","targetHints":{"allow":["GET"]}}],"collection":[{"href":"https:\/\/damianruiz.eu\/fr\/wp-json\/wp\/v2\/pages"}],"about":[{"href":"https:\/\/damianruiz.eu\/fr\/wp-json\/wp\/v2\/types\/page"}],"author":[{"embeddable":true,"href":"https:\/\/damianruiz.eu\/fr\/wp-json\/wp\/v2\/users\/3"}],"replies":[{"embeddable":true,"href":"https:\/\/damianruiz.eu\/fr\/wp-json\/wp\/v2\/comments?post=1761"}],"version-history":[{"count":2,"href":"https:\/\/damianruiz.eu\/fr\/wp-json\/wp\/v2\/pages\/1761\/revisions"}],"predecessor-version":[{"id":1766,"href":"https:\/\/damianruiz.eu\/fr\/wp-json\/wp\/v2\/pages\/1761\/revisions\/1766"}],"wp:attachment":[{"href":"https:\/\/damianruiz.eu\/fr\/wp-json\/wp\/v2\/media?parent=1761"}],"curies":[{"name":"wp","href":"https:\/\/api.w.org\/{rel}","templated":true}]}}