{"id":2060,"date":"2024-03-27T09:46:01","date_gmt":"2024-03-27T09:46:01","guid":{"rendered":"https:\/\/damianruiz.eu\/?page_id=2060"},"modified":"2024-03-27T09:46:01","modified_gmt":"2024-03-27T09:46:01","slug":"traitement-des-toc-troubles-obsessionnels-compulsifs","status":"publish","type":"page","link":"https:\/\/damianruiz.eu\/fr\/traitement-des-toc-troubles-obsessionnels-compulsifs\/","title":{"rendered":"Traitement des TOC (troubles obsessionnels compulsifs)"},"content":{"rendered":"<p><span style=\"font-weight: 400;\">Ce traitement psychologique est bas\u00e9 sur la recherche de facteurs d\u00e9clenchants, de circonstances traumatisantes dans l&rsquo;enfance ou l&rsquo;adolescence, ponctuelles ou prolong\u00e9es dans le temps, ou encore d&rsquo;un exc\u00e8s de surprotection et de contr\u00f4le de la part de la famille, qui pourraient g\u00e9n\u00e9rer un blocage dans le d\u00e9veloppement de la personnalit\u00e9 et du caract\u00e8re du patient, le laissant enferm\u00e9 dans la peur et\/ou la culpabilit\u00e9, inhibant sa spontan\u00e9it\u00e9 et g\u00e9n\u00e9rant un comportement suradapt\u00e9 \u00e0 l&rsquo;environnement. Une vie d&rsquo;\u00e9vitement au lieu d&rsquo;une vie activ\u00e9e par la volont\u00e9 et le d\u00e9sir.<\/span><\/p>\n<p><span style=\"font-weight: 400;\">Les diff\u00e9rents contenus ou rituels obsessionnels sont analys\u00e9s de mani\u00e8re m\u00e9taphorique et non litt\u00e9rale. Ces contenus ne repr\u00e9sentent jamais directement ce qu&rsquo;ils manifestent. Ainsi, la peur de blesser quelqu&rsquo;un, par exemple, n&rsquo;est pas un indicateur d&rsquo;agressivit\u00e9 refoul\u00e9e mais d&rsquo;un exc\u00e8s irrationnel de contr\u00f4le de soi.<\/span><\/p>\n<p><span style=\"font-weight: 400;\">Apr\u00e8s une analyse approfondie de la personnalit\u00e9 et de l&rsquo;histoire du patient, nous travaillons sur les possibilit\u00e9s de d\u00e9bloquer l&rsquo;inhibition avec des propositions d&rsquo;activation convenues dans la r\u00e9alit\u00e9 de la personne.<\/span><\/p>\n","protected":false},"excerpt":{"rendered":"<p>Ce traitement psychologique est bas\u00e9 sur la recherche de facteurs d\u00e9clenchants, de circonstances traumatisantes dans l&rsquo;enfance ou l&rsquo;adolescence, ponctuelles ou [&hellip;]<\/p>\n","protected":false},"author":3,"featured_media":0,"parent":0,"menu_order":0,"comment_status":"closed","ping_status":"closed","template":"","meta":{"_uag_custom_page_level_css":"","site-sidebar-layout":"no-sidebar","site-content-layout":"plain-container","ast-site-content-layout":"default","site-content-style":"default","site-sidebar-style":"default","ast-global-header-display":"","ast-banner-title-visibility":"","ast-main-header-display":"","ast-hfb-above-header-display":"","ast-hfb-below-header-display":"","ast-hfb-mobile-header-display":"","site-post-title":"disabled","ast-breadcrumbs-content":"","ast-featured-img":"disabled","footer-sml-layout":"","theme-transparent-header-meta":"default","adv-header-id-meta":"","stick-header-meta":"","header-above-stick-meta":"","header-main-stick-meta":"","header-below-stick-meta":"","astra-migrate-meta-layouts":"set","ast-page-background-enabled":"default","ast-page-background-meta":{"desktop":{"background-color":"var(--ast-global-color-4)","background-image":"","background-repeat":"repeat","background-position":"center center","background-size":"auto","background-attachment":"scroll","background-type":"","background-media":"","overlay-type":"","overlay-color":"","overlay-opacity":"","overlay-gradient":""},"tablet":{"background-color":"","background-image":"","background-repeat":"repeat","background-position":"center center","background-size":"auto","background-attachment":"scroll","background-type":"","background-media":"","overlay-type":"","overlay-color":"","overlay-opacity":"","overlay-gradient":""},"mobile":{"background-color":"","background-image":"","background-repeat":"repeat","background-position":"center center","background-size":"auto","background-attachment":"scroll","background-type":"","background-media":"","overlay-type":"","overlay-color":"","overlay-opacity":"","overlay-gradient":""}},"ast-content-background-meta":{"desktop":{"background-color":"var(--ast-global-color-5)","background-image":"","background-repeat":"repeat","background-position":"center center","background-size":"auto","background-attachment":"scroll","background-type":"","background-media":"","overlay-type":"","overlay-color":"","overlay-opacity":"","overlay-gradient":""},"tablet":{"background-color":"var(--ast-global-color-5)","background-image":"","background-repeat":"repeat","background-position":"center center","background-size":"auto","background-attachment":"scroll","background-type":"","background-media":"","overlay-type":"","overlay-color":"","overlay-opacity":"","overlay-gradient":""},"mobile":{"background-color":"var(--ast-global-color-5)","background-image":"","background-repeat":"repeat","background-position":"center center","background-size":"auto","background-attachment":"scroll","background-type":"","background-media":"","overlay-type":"","overlay-color":"","overlay-opacity":"","overlay-gradient":""}},"footnotes":""},"class_list":["post-2060","page","type-page","status-publish","hentry"],"yoast_head":"<!-- This site is optimized with the Yoast SEO plugin v27.5 - https:\/\/yoast.com\/product\/yoast-seo-wordpress\/ -->\n<title>Traitement des TOC (troubles obsessionnels compulsifs) - Dami\u00e1n Ruiz<\/title>\n<meta name=\"robots\" content=\"index, follow, max-snippet:-1, max-image-preview:large, max-video-preview:-1\" \/>\n<link rel=\"canonical\" href=\"https:\/\/damianruiz.eu\/fr\/traitement-des-toc-troubles-obsessionnels-compulsifs\/\" \/>\n<meta property=\"og:locale\" content=\"fr_FR\" \/>\n<meta property=\"og:type\" content=\"article\" \/>\n<meta property=\"og:title\" content=\"Traitement des TOC (troubles obsessionnels compulsifs) - Dami\u00e1n Ruiz\" \/>\n<meta property=\"og:description\" content=\"Ce traitement psychologique est bas\u00e9 sur la recherche de facteurs d\u00e9clenchants, de circonstances traumatisantes dans l&rsquo;enfance ou l&rsquo;adolescence, ponctuelles ou [&hellip;]\" \/>\n<meta property=\"og:url\" content=\"https:\/\/damianruiz.eu\/fr\/traitement-des-toc-troubles-obsessionnels-compulsifs\/\" \/>\n<meta property=\"og:site_name\" content=\"Dami\u00e1n Ruiz\" \/>\n<meta name=\"twitter:card\" content=\"summary_large_image\" \/>\n<meta name=\"twitter:label1\" content=\"Dur\u00e9e de lecture estim\u00e9e\" \/>\n\t<meta name=\"twitter:data1\" content=\"1 minute\" \/>\n<script type=\"application\/ld+json\" class=\"yoast-schema-graph\">{\"@context\":\"https:\\\/\\\/schema.org\",\"@graph\":[{\"@type\":\"WebPage\",\"@id\":\"https:\\\/\\\/damianruiz.eu\\\/fr\\\/traitement-des-toc-troubles-obsessionnels-compulsifs\\\/\",\"url\":\"https:\\\/\\\/damianruiz.eu\\\/fr\\\/traitement-des-toc-troubles-obsessionnels-compulsifs\\\/\",\"name\":\"Traitement des TOC (troubles obsessionnels compulsifs) - Dami\u00e1n Ruiz\",\"isPartOf\":{\"@id\":\"https:\\\/\\\/damianruiz.eu\\\/#website\"},\"datePublished\":\"2024-03-27T09:46:01+00:00\",\"breadcrumb\":{\"@id\":\"https:\\\/\\\/damianruiz.eu\\\/fr\\\/traitement-des-toc-troubles-obsessionnels-compulsifs\\\/#breadcrumb\"},\"inLanguage\":\"fr-FR\",\"potentialAction\":[{\"@type\":\"ReadAction\",\"target\":[\"https:\\\/\\\/damianruiz.eu\\\/fr\\\/traitement-des-toc-troubles-obsessionnels-compulsifs\\\/\"]}]},{\"@type\":\"BreadcrumbList\",\"@id\":\"https:\\\/\\\/damianruiz.eu\\\/fr\\\/traitement-des-toc-troubles-obsessionnels-compulsifs\\\/#breadcrumb\",\"itemListElement\":[{\"@type\":\"ListItem\",\"position\":1,\"name\":\"Portada\",\"item\":\"https:\\\/\\\/damianruiz.eu\\\/fr\\\/\"},{\"@type\":\"ListItem\",\"position\":2,\"name\":\"Traitement des TOC (troubles obsessionnels compulsifs)\"}]},{\"@type\":\"WebSite\",\"@id\":\"https:\\\/\\\/damianruiz.eu\\\/#website\",\"url\":\"https:\\\/\\\/damianruiz.eu\\\/\",\"name\":\"Dami\u00e1n Ruiz\",\"description\":\"Licenciado y Postgraduado en Psicolog\u00eda por la Universidad de Barcelona.\",\"publisher\":{\"@id\":\"https:\\\/\\\/damianruiz.eu\\\/#organization\"},\"potentialAction\":[{\"@type\":\"SearchAction\",\"target\":{\"@type\":\"EntryPoint\",\"urlTemplate\":\"https:\\\/\\\/damianruiz.eu\\\/?s={search_term_string}\"},\"query-input\":{\"@type\":\"PropertyValueSpecification\",\"valueRequired\":true,\"valueName\":\"search_term_string\"}}],\"inLanguage\":\"fr-FR\"},{\"@type\":\"Organization\",\"@id\":\"https:\\\/\\\/damianruiz.eu\\\/#organization\",\"name\":\"Dami\u00e1n Ruiz\",\"url\":\"https:\\\/\\\/damianruiz.eu\\\/\",\"logo\":{\"@type\":\"ImageObject\",\"inLanguage\":\"fr-FR\",\"@id\":\"https:\\\/\\\/damianruiz.eu\\\/#\\\/schema\\\/logo\\\/image\\\/\",\"url\":\"https:\\\/\\\/damianruiz.eu\\\/wp-content\\\/uploads\\\/2024\\\/04\\\/cropped-logo-2024-damian-ruiz-233.png\",\"contentUrl\":\"https:\\\/\\\/damianruiz.eu\\\/wp-content\\\/uploads\\\/2024\\\/04\\\/cropped-logo-2024-damian-ruiz-233.png\",\"width\":233,\"height\":60,\"caption\":\"Dami\u00e1n Ruiz\"},\"image\":{\"@id\":\"https:\\\/\\\/damianruiz.eu\\\/#\\\/schema\\\/logo\\\/image\\\/\"}}]}<\/script>\n<!-- \/ Yoast SEO plugin. -->","yoast_head_json":{"title":"Traitement des TOC (troubles obsessionnels compulsifs) - Dami\u00e1n Ruiz","robots":{"index":"index","follow":"follow","max-snippet":"max-snippet:-1","max-image-preview":"max-image-preview:large","max-video-preview":"max-video-preview:-1"},"canonical":"https:\/\/damianruiz.eu\/fr\/traitement-des-toc-troubles-obsessionnels-compulsifs\/","og_locale":"fr_FR","og_type":"article","og_title":"Traitement des TOC (troubles obsessionnels compulsifs) - Dami\u00e1n Ruiz","og_description":"Ce traitement psychologique est bas\u00e9 sur la recherche de facteurs d\u00e9clenchants, de circonstances traumatisantes dans l&rsquo;enfance ou l&rsquo;adolescence, ponctuelles ou [&hellip;]","og_url":"https:\/\/damianruiz.eu\/fr\/traitement-des-toc-troubles-obsessionnels-compulsifs\/","og_site_name":"Dami\u00e1n Ruiz","twitter_card":"summary_large_image","twitter_misc":{"Dur\u00e9e de lecture estim\u00e9e":"1 minute"},"schema":{"@context":"https:\/\/schema.org","@graph":[{"@type":"WebPage","@id":"https:\/\/damianruiz.eu\/fr\/traitement-des-toc-troubles-obsessionnels-compulsifs\/","url":"https:\/\/damianruiz.eu\/fr\/traitement-des-toc-troubles-obsessionnels-compulsifs\/","name":"Traitement des TOC (troubles obsessionnels compulsifs) - Dami\u00e1n Ruiz","isPartOf":{"@id":"https:\/\/damianruiz.eu\/#website"},"datePublished":"2024-03-27T09:46:01+00:00","breadcrumb":{"@id":"https:\/\/damianruiz.eu\/fr\/traitement-des-toc-troubles-obsessionnels-compulsifs\/#breadcrumb"},"inLanguage":"fr-FR","potentialAction":[{"@type":"ReadAction","target":["https:\/\/damianruiz.eu\/fr\/traitement-des-toc-troubles-obsessionnels-compulsifs\/"]}]},{"@type":"BreadcrumbList","@id":"https:\/\/damianruiz.eu\/fr\/traitement-des-toc-troubles-obsessionnels-compulsifs\/#breadcrumb","itemListElement":[{"@type":"ListItem","position":1,"name":"Portada","item":"https:\/\/damianruiz.eu\/fr\/"},{"@type":"ListItem","position":2,"name":"Traitement des TOC (troubles obsessionnels compulsifs)"}]},{"@type":"WebSite","@id":"https:\/\/damianruiz.eu\/#website","url":"https:\/\/damianruiz.eu\/","name":"Dami\u00e1n Ruiz","description":"Licenciado y Postgraduado en Psicolog\u00eda por la Universidad de Barcelona.","publisher":{"@id":"https:\/\/damianruiz.eu\/#organization"},"potentialAction":[{"@type":"SearchAction","target":{"@type":"EntryPoint","urlTemplate":"https:\/\/damianruiz.eu\/?s={search_term_string}"},"query-input":{"@type":"PropertyValueSpecification","valueRequired":true,"valueName":"search_term_string"}}],"inLanguage":"fr-FR"},{"@type":"Organization","@id":"https:\/\/damianruiz.eu\/#organization","name":"Dami\u00e1n Ruiz","url":"https:\/\/damianruiz.eu\/","logo":{"@type":"ImageObject","inLanguage":"fr-FR","@id":"https:\/\/damianruiz.eu\/#\/schema\/logo\/image\/","url":"https:\/\/damianruiz.eu\/wp-content\/uploads\/2024\/04\/cropped-logo-2024-damian-ruiz-233.png","contentUrl":"https:\/\/damianruiz.eu\/wp-content\/uploads\/2024\/04\/cropped-logo-2024-damian-ruiz-233.png","width":233,"height":60,"caption":"Dami\u00e1n Ruiz"},"image":{"@id":"https:\/\/damianruiz.eu\/#\/schema\/logo\/image\/"}}]}},"uagb_featured_image_src":{"full":false,"thumbnail":false,"medium":false,"medium_large":false,"large":false,"1536x1536":false,"2048x2048":false},"uagb_author_info":{"display_name":"miguel","author_link":"https:\/\/damianruiz.eu\/fr\/author\/miguel\/"},"uagb_comment_info":0,"uagb_excerpt":"Ce traitement psychologique est bas\u00e9 sur la recherche de facteurs d\u00e9clenchants, de circonstances traumatisantes dans l&rsquo;enfance ou l&rsquo;adolescence, ponctuelles ou [&hellip;]","_links":{"self":[{"href":"https:\/\/damianruiz.eu\/fr\/wp-json\/wp\/v2\/pages\/2060","targetHints":{"allow":["GET"]}}],"collection":[{"href":"https:\/\/damianruiz.eu\/fr\/wp-json\/wp\/v2\/pages"}],"about":[{"href":"https:\/\/damianruiz.eu\/fr\/wp-json\/wp\/v2\/types\/page"}],"author":[{"embeddable":true,"href":"https:\/\/damianruiz.eu\/fr\/wp-json\/wp\/v2\/users\/3"}],"replies":[{"embeddable":true,"href":"https:\/\/damianruiz.eu\/fr\/wp-json\/wp\/v2\/comments?post=2060"}],"version-history":[{"count":2,"href":"https:\/\/damianruiz.eu\/fr\/wp-json\/wp\/v2\/pages\/2060\/revisions"}],"predecessor-version":[{"id":2065,"href":"https:\/\/damianruiz.eu\/fr\/wp-json\/wp\/v2\/pages\/2060\/revisions\/2065"}],"wp:attachment":[{"href":"https:\/\/damianruiz.eu\/fr\/wp-json\/wp\/v2\/media?parent=2060"}],"curies":[{"name":"wp","href":"https:\/\/api.w.org\/{rel}","templated":true}]}}