{"id":2160,"date":"2024-04-05T15:10:50","date_gmt":"2024-04-05T15:10:50","guid":{"rendered":"https:\/\/damianruiz.eu\/?page_id=2160"},"modified":"2024-07-15T22:15:36","modified_gmt":"2024-07-15T22:15:36","slug":"procedure-therapeutique","status":"publish","type":"page","link":"https:\/\/damianruiz.eu\/fr\/procedure-therapeutique\/","title":{"rendered":"Proc\u00e9dure Th\u00e9rapeutique"},"content":{"rendered":"<div class=\"wpb-content-wrapper\"><p>[vc_row][vc_column][vc_single_image image=\u00a0\u00bb2393&Prime; img_size=\u00a0\u00bbmedium\u00a0\u00bb alignment=\u00a0\u00bbcenter\u00a0\u00bb][vc_column_text]<\/p>\n<h1 style=\"text-align: center;\"><b>PROC\u00c9DURE TH\u00c9RAPEUTIQUE<\/b><\/h1>\n<p><span style=\"font-weight: 400;\">La proc\u00e9dure th\u00e9rapeutique consiste en une premi\u00e8re s\u00e9ance en ligne ou en personne dans les bureaux de Dami\u00e1n Ruiz \u00e0 Barcelone. \u00c0 partir de ce moment, la th\u00e9rapie peut \u00eatre suivie selon l&rsquo;une ou l&rsquo;autre des modalit\u00e9s, la pr\u00e9f\u00e9rence \u00e9tant donn\u00e9e \u00e0 la th\u00e9rapie en face-\u00e0-face, surtout au d\u00e9but de la th\u00e9rapie.<\/span><\/p>\n<p><span style=\"font-weight: 400;\">La fr\u00e9quence sera \u00e9tablie et pourra \u00eatre, en principe, hebdomadaire ou bimensuelle.\u00a0<\/span><\/p>\n<p><span style=\"font-weight: 400;\">Pour les personnes qui habitent en dehors de ces deux capitales et qui en ont la possibilit\u00e9, il est recommand\u00e9 de se rendre au d\u00e9but de la th\u00e9rapie pour une s\u00e9ance individuelle intensive de week-end.<\/span><\/p>\n<p><span style=\"font-weight: 400;\">L&rsquo;intimit\u00e9 et la confidentialit\u00e9 de la proc\u00e9dure sont absolument garanties, mais pour les personnes qui, pour certaines raisons, ont besoin d&rsquo;une plus grande discr\u00e9tion, il est possible de se rendre sur leur lieu d&rsquo;h\u00e9bergement (sur le territoire national)<\/span>[\/vc_column_text][\/vc_column][\/vc_row]<\/p>\n<\/div>","protected":false},"excerpt":{"rendered":"<p>[vc_row][vc_column][vc_single_image image=\u00a0\u00bb2393&Prime; img_size=\u00a0\u00bbmedium\u00a0\u00bb alignment=\u00a0\u00bbcenter\u00a0\u00bb][vc_column_text] PROC\u00c9DURE TH\u00c9RAPEUTIQUE La proc\u00e9dure th\u00e9rapeutique consiste en une premi\u00e8re s\u00e9ance en ligne ou en personne dans [&hellip;]<\/p>\n","protected":false},"author":3,"featured_media":2396,"parent":0,"menu_order":0,"comment_status":"closed","ping_status":"closed","template":"","meta":{"_uag_custom_page_level_css":"","site-sidebar-layout":"no-sidebar","site-content-layout":"plain-container","ast-site-content-layout":"default","site-content-style":"default","site-sidebar-style":"default","ast-global-header-display":"","ast-banner-title-visibility":"","ast-main-header-display":"","ast-hfb-above-header-display":"","ast-hfb-below-header-display":"","ast-hfb-mobile-header-display":"","site-post-title":"disabled","ast-breadcrumbs-content":"","ast-featured-img":"disabled","footer-sml-layout":"","theme-transparent-header-meta":"default","adv-header-id-meta":"","stick-header-meta":"","header-above-stick-meta":"","header-main-stick-meta":"","header-below-stick-meta":"","astra-migrate-meta-layouts":"set","ast-page-background-enabled":"default","ast-page-background-meta":{"desktop":{"background-color":"var(--ast-global-color-4)","background-image":"","background-repeat":"repeat","background-position":"center center","background-size":"auto","background-attachment":"scroll","background-type":"","background-media":"","overlay-type":"","overlay-color":"","overlay-opacity":"","overlay-gradient":""},"tablet":{"background-color":"","background-image":"","background-repeat":"repeat","background-position":"center center","background-size":"auto","background-attachment":"scroll","background-type":"","background-media":"","overlay-type":"","overlay-color":"","overlay-opacity":"","overlay-gradient":""},"mobile":{"background-color":"","background-image":"","background-repeat":"repeat","background-position":"center center","background-size":"auto","background-attachment":"scroll","background-type":"","background-media":"","overlay-type":"","overlay-color":"","overlay-opacity":"","overlay-gradient":""}},"ast-content-background-meta":{"desktop":{"background-color":"var(--ast-global-color-5)","background-image":"","background-repeat":"repeat","background-position":"center center","background-size":"auto","background-attachment":"scroll","background-type":"","background-media":"","overlay-type":"","overlay-color":"","overlay-opacity":"","overlay-gradient":""},"tablet":{"background-color":"var(--ast-global-color-5)","background-image":"","background-repeat":"repeat","background-position":"center center","background-size":"auto","background-attachment":"scroll","background-type":"","background-media":"","overlay-type":"","overlay-color":"","overlay-opacity":"","overlay-gradient":""},"mobile":{"background-color":"var(--ast-global-color-5)","background-image":"","background-repeat":"repeat","background-position":"center center","background-size":"auto","background-attachment":"scroll","background-type":"","background-media":"","overlay-type":"","overlay-color":"","overlay-opacity":"","overlay-gradient":""}},"footnotes":""},"class_list":["post-2160","page","type-page","status-publish","has-post-thumbnail","hentry"],"yoast_head":"<!-- This site is optimized with the Yoast SEO plugin v27.5 - https:\/\/yoast.com\/product\/yoast-seo-wordpress\/ -->\n<title>Proc\u00e9dure Th\u00e9rapeutique - Dami\u00e1n Ruiz<\/title>\n<meta name=\"robots\" content=\"index, follow, max-snippet:-1, max-image-preview:large, max-video-preview:-1\" \/>\n<link rel=\"canonical\" href=\"https:\/\/damianruiz.eu\/fr\/procedure-therapeutique\/\" \/>\n<meta property=\"og:locale\" content=\"fr_FR\" \/>\n<meta property=\"og:type\" content=\"article\" \/>\n<meta property=\"og:title\" content=\"Proc\u00e9dure Th\u00e9rapeutique - Dami\u00e1n Ruiz\" \/>\n<meta property=\"og:description\" content=\"[vc_row][vc_column][vc_single_image image=\u00a0\u00bb2393&Prime; img_size=\u00a0\u00bbmedium\u00a0\u00bb alignment=\u00a0\u00bbcenter\u00a0\u00bb][vc_column_text] PROC\u00c9DURE TH\u00c9RAPEUTIQUE La proc\u00e9dure th\u00e9rapeutique consiste en une premi\u00e8re s\u00e9ance en ligne ou en personne dans [&hellip;]\" \/>\n<meta property=\"og:url\" content=\"https:\/\/damianruiz.eu\/fr\/procedure-therapeutique\/\" \/>\n<meta property=\"og:site_name\" content=\"Dami\u00e1n Ruiz\" \/>\n<meta property=\"article:modified_time\" content=\"2024-07-15T22:15:36+00:00\" \/>\n<meta property=\"og:image\" content=\"https:\/\/damianruiz.eu\/wp-content\/uploads\/2024\/04\/procedimiento-terapeutico.jpg\" \/>\n\t<meta property=\"og:image:width\" content=\"1280\" \/>\n\t<meta property=\"og:image:height\" content=\"857\" \/>\n\t<meta property=\"og:image:type\" content=\"image\/jpeg\" \/>\n<meta name=\"twitter:card\" content=\"summary_large_image\" \/>\n<meta name=\"twitter:label1\" content=\"Dur\u00e9e de lecture estim\u00e9e\" \/>\n\t<meta name=\"twitter:data1\" content=\"1 minute\" \/>\n<script type=\"application\/ld+json\" class=\"yoast-schema-graph\">{\"@context\":\"https:\\\/\\\/schema.org\",\"@graph\":[{\"@type\":\"WebPage\",\"@id\":\"https:\\\/\\\/damianruiz.eu\\\/fr\\\/procedure-therapeutique\\\/\",\"url\":\"https:\\\/\\\/damianruiz.eu\\\/fr\\\/procedure-therapeutique\\\/\",\"name\":\"Proc\u00e9dure Th\u00e9rapeutique - Dami\u00e1n Ruiz\",\"isPartOf\":{\"@id\":\"https:\\\/\\\/damianruiz.eu\\\/#website\"},\"primaryImageOfPage\":{\"@id\":\"https:\\\/\\\/damianruiz.eu\\\/fr\\\/procedure-therapeutique\\\/#primaryimage\"},\"image\":{\"@id\":\"https:\\\/\\\/damianruiz.eu\\\/fr\\\/procedure-therapeutique\\\/#primaryimage\"},\"thumbnailUrl\":\"https:\\\/\\\/damianruiz.eu\\\/wp-content\\\/uploads\\\/2024\\\/04\\\/procedimiento-terapeutico.jpg\",\"datePublished\":\"2024-04-05T15:10:50+00:00\",\"dateModified\":\"2024-07-15T22:15:36+00:00\",\"breadcrumb\":{\"@id\":\"https:\\\/\\\/damianruiz.eu\\\/fr\\\/procedure-therapeutique\\\/#breadcrumb\"},\"inLanguage\":\"fr-FR\",\"potentialAction\":[{\"@type\":\"ReadAction\",\"target\":[\"https:\\\/\\\/damianruiz.eu\\\/fr\\\/procedure-therapeutique\\\/\"]}]},{\"@type\":\"ImageObject\",\"inLanguage\":\"fr-FR\",\"@id\":\"https:\\\/\\\/damianruiz.eu\\\/fr\\\/procedure-therapeutique\\\/#primaryimage\",\"url\":\"https:\\\/\\\/damianruiz.eu\\\/wp-content\\\/uploads\\\/2024\\\/04\\\/procedimiento-terapeutico.jpg\",\"contentUrl\":\"https:\\\/\\\/damianruiz.eu\\\/wp-content\\\/uploads\\\/2024\\\/04\\\/procedimiento-terapeutico.jpg\",\"width\":1280,\"height\":857},{\"@type\":\"BreadcrumbList\",\"@id\":\"https:\\\/\\\/damianruiz.eu\\\/fr\\\/procedure-therapeutique\\\/#breadcrumb\",\"itemListElement\":[{\"@type\":\"ListItem\",\"position\":1,\"name\":\"Portada\",\"item\":\"https:\\\/\\\/damianruiz.eu\\\/fr\\\/\"},{\"@type\":\"ListItem\",\"position\":2,\"name\":\"Proc\u00e9dure Th\u00e9rapeutique\"}]},{\"@type\":\"WebSite\",\"@id\":\"https:\\\/\\\/damianruiz.eu\\\/#website\",\"url\":\"https:\\\/\\\/damianruiz.eu\\\/\",\"name\":\"Dami\u00e1n Ruiz\",\"description\":\"Licenciado y Postgraduado en Psicolog\u00eda por la Universidad de Barcelona.\",\"publisher\":{\"@id\":\"https:\\\/\\\/damianruiz.eu\\\/#organization\"},\"potentialAction\":[{\"@type\":\"SearchAction\",\"target\":{\"@type\":\"EntryPoint\",\"urlTemplate\":\"https:\\\/\\\/damianruiz.eu\\\/?s={search_term_string}\"},\"query-input\":{\"@type\":\"PropertyValueSpecification\",\"valueRequired\":true,\"valueName\":\"search_term_string\"}}],\"inLanguage\":\"fr-FR\"},{\"@type\":\"Organization\",\"@id\":\"https:\\\/\\\/damianruiz.eu\\\/#organization\",\"name\":\"Dami\u00e1n Ruiz\",\"url\":\"https:\\\/\\\/damianruiz.eu\\\/\",\"logo\":{\"@type\":\"ImageObject\",\"inLanguage\":\"fr-FR\",\"@id\":\"https:\\\/\\\/damianruiz.eu\\\/#\\\/schema\\\/logo\\\/image\\\/\",\"url\":\"https:\\\/\\\/damianruiz.eu\\\/wp-content\\\/uploads\\\/2024\\\/04\\\/cropped-logo-2024-damian-ruiz-233.png\",\"contentUrl\":\"https:\\\/\\\/damianruiz.eu\\\/wp-content\\\/uploads\\\/2024\\\/04\\\/cropped-logo-2024-damian-ruiz-233.png\",\"width\":233,\"height\":60,\"caption\":\"Dami\u00e1n Ruiz\"},\"image\":{\"@id\":\"https:\\\/\\\/damianruiz.eu\\\/#\\\/schema\\\/logo\\\/image\\\/\"}}]}<\/script>\n<!-- \/ Yoast SEO plugin. -->","yoast_head_json":{"title":"Proc\u00e9dure Th\u00e9rapeutique - Dami\u00e1n Ruiz","robots":{"index":"index","follow":"follow","max-snippet":"max-snippet:-1","max-image-preview":"max-image-preview:large","max-video-preview":"max-video-preview:-1"},"canonical":"https:\/\/damianruiz.eu\/fr\/procedure-therapeutique\/","og_locale":"fr_FR","og_type":"article","og_title":"Proc\u00e9dure Th\u00e9rapeutique - Dami\u00e1n Ruiz","og_description":"[vc_row][vc_column][vc_single_image image=\u00a0\u00bb2393&Prime; img_size=\u00a0\u00bbmedium\u00a0\u00bb alignment=\u00a0\u00bbcenter\u00a0\u00bb][vc_column_text] PROC\u00c9DURE TH\u00c9RAPEUTIQUE La proc\u00e9dure th\u00e9rapeutique consiste en une premi\u00e8re s\u00e9ance en ligne ou en personne dans [&hellip;]","og_url":"https:\/\/damianruiz.eu\/fr\/procedure-therapeutique\/","og_site_name":"Dami\u00e1n Ruiz","article_modified_time":"2024-07-15T22:15:36+00:00","og_image":[{"width":1280,"height":857,"url":"https:\/\/damianruiz.eu\/wp-content\/uploads\/2024\/04\/procedimiento-terapeutico.jpg","type":"image\/jpeg"}],"twitter_card":"summary_large_image","twitter_misc":{"Dur\u00e9e de lecture estim\u00e9e":"1 minute"},"schema":{"@context":"https:\/\/schema.org","@graph":[{"@type":"WebPage","@id":"https:\/\/damianruiz.eu\/fr\/procedure-therapeutique\/","url":"https:\/\/damianruiz.eu\/fr\/procedure-therapeutique\/","name":"Proc\u00e9dure Th\u00e9rapeutique - Dami\u00e1n Ruiz","isPartOf":{"@id":"https:\/\/damianruiz.eu\/#website"},"primaryImageOfPage":{"@id":"https:\/\/damianruiz.eu\/fr\/procedure-therapeutique\/#primaryimage"},"image":{"@id":"https:\/\/damianruiz.eu\/fr\/procedure-therapeutique\/#primaryimage"},"thumbnailUrl":"https:\/\/damianruiz.eu\/wp-content\/uploads\/2024\/04\/procedimiento-terapeutico.jpg","datePublished":"2024-04-05T15:10:50+00:00","dateModified":"2024-07-15T22:15:36+00:00","breadcrumb":{"@id":"https:\/\/damianruiz.eu\/fr\/procedure-therapeutique\/#breadcrumb"},"inLanguage":"fr-FR","potentialAction":[{"@type":"ReadAction","target":["https:\/\/damianruiz.eu\/fr\/procedure-therapeutique\/"]}]},{"@type":"ImageObject","inLanguage":"fr-FR","@id":"https:\/\/damianruiz.eu\/fr\/procedure-therapeutique\/#primaryimage","url":"https:\/\/damianruiz.eu\/wp-content\/uploads\/2024\/04\/procedimiento-terapeutico.jpg","contentUrl":"https:\/\/damianruiz.eu\/wp-content\/uploads\/2024\/04\/procedimiento-terapeutico.jpg","width":1280,"height":857},{"@type":"BreadcrumbList","@id":"https:\/\/damianruiz.eu\/fr\/procedure-therapeutique\/#breadcrumb","itemListElement":[{"@type":"ListItem","position":1,"name":"Portada","item":"https:\/\/damianruiz.eu\/fr\/"},{"@type":"ListItem","position":2,"name":"Proc\u00e9dure Th\u00e9rapeutique"}]},{"@type":"WebSite","@id":"https:\/\/damianruiz.eu\/#website","url":"https:\/\/damianruiz.eu\/","name":"Dami\u00e1n Ruiz","description":"Licenciado y Postgraduado en Psicolog\u00eda por la Universidad de Barcelona.","publisher":{"@id":"https:\/\/damianruiz.eu\/#organization"},"potentialAction":[{"@type":"SearchAction","target":{"@type":"EntryPoint","urlTemplate":"https:\/\/damianruiz.eu\/?s={search_term_string}"},"query-input":{"@type":"PropertyValueSpecification","valueRequired":true,"valueName":"search_term_string"}}],"inLanguage":"fr-FR"},{"@type":"Organization","@id":"https:\/\/damianruiz.eu\/#organization","name":"Dami\u00e1n Ruiz","url":"https:\/\/damianruiz.eu\/","logo":{"@type":"ImageObject","inLanguage":"fr-FR","@id":"https:\/\/damianruiz.eu\/#\/schema\/logo\/image\/","url":"https:\/\/damianruiz.eu\/wp-content\/uploads\/2024\/04\/cropped-logo-2024-damian-ruiz-233.png","contentUrl":"https:\/\/damianruiz.eu\/wp-content\/uploads\/2024\/04\/cropped-logo-2024-damian-ruiz-233.png","width":233,"height":60,"caption":"Dami\u00e1n Ruiz"},"image":{"@id":"https:\/\/damianruiz.eu\/#\/schema\/logo\/image\/"}}]}},"uagb_featured_image_src":{"full":["https:\/\/damianruiz.eu\/wp-content\/uploads\/2024\/04\/procedimiento-terapeutico.jpg",1280,857,false],"thumbnail":["https:\/\/damianruiz.eu\/wp-content\/uploads\/2024\/04\/procedimiento-terapeutico-150x150.jpg",150,150,true],"medium":["https:\/\/damianruiz.eu\/wp-content\/uploads\/2024\/04\/procedimiento-terapeutico-300x201.jpg",300,201,true],"medium_large":["https:\/\/damianruiz.eu\/wp-content\/uploads\/2024\/04\/procedimiento-terapeutico-768x514.jpg",768,514,true],"large":["https:\/\/damianruiz.eu\/wp-content\/uploads\/2024\/04\/procedimiento-terapeutico-1024x686.jpg",1024,686,true],"1536x1536":["https:\/\/damianruiz.eu\/wp-content\/uploads\/2024\/04\/procedimiento-terapeutico.jpg",1280,857,false],"2048x2048":["https:\/\/damianruiz.eu\/wp-content\/uploads\/2024\/04\/procedimiento-terapeutico.jpg",1280,857,false]},"uagb_author_info":{"display_name":"miguel","author_link":"https:\/\/damianruiz.eu\/fr\/author\/miguel\/"},"uagb_comment_info":0,"uagb_excerpt":"[vc_row][vc_column][vc_single_image image=\u00a0\u00bb2393&Prime; img_size=\u00a0\u00bbmedium\u00a0\u00bb alignment=\u00a0\u00bbcenter\u00a0\u00bb][vc_column_text] PROC\u00c9DURE TH\u00c9RAPEUTIQUE La proc\u00e9dure th\u00e9rapeutique consiste en une premi\u00e8re s\u00e9ance en ligne ou en personne dans [&hellip;]","_links":{"self":[{"href":"https:\/\/damianruiz.eu\/fr\/wp-json\/wp\/v2\/pages\/2160","targetHints":{"allow":["GET"]}}],"collection":[{"href":"https:\/\/damianruiz.eu\/fr\/wp-json\/wp\/v2\/pages"}],"about":[{"href":"https:\/\/damianruiz.eu\/fr\/wp-json\/wp\/v2\/types\/page"}],"author":[{"embeddable":true,"href":"https:\/\/damianruiz.eu\/fr\/wp-json\/wp\/v2\/users\/3"}],"replies":[{"embeddable":true,"href":"https:\/\/damianruiz.eu\/fr\/wp-json\/wp\/v2\/comments?post=2160"}],"version-history":[{"count":4,"href":"https:\/\/damianruiz.eu\/fr\/wp-json\/wp\/v2\/pages\/2160\/revisions"}],"predecessor-version":[{"id":2657,"href":"https:\/\/damianruiz.eu\/fr\/wp-json\/wp\/v2\/pages\/2160\/revisions\/2657"}],"wp:featuredmedia":[{"embeddable":true,"href":"https:\/\/damianruiz.eu\/fr\/wp-json\/wp\/v2\/media\/2396"}],"wp:attachment":[{"href":"https:\/\/damianruiz.eu\/fr\/wp-json\/wp\/v2\/media?parent=2160"}],"curies":[{"name":"wp","href":"https:\/\/api.w.org\/{rel}","templated":true}]}}