{"id":3247,"date":"2025-11-13T10:52:32","date_gmt":"2025-11-13T10:52:32","guid":{"rendered":"https:\/\/damianruiz.eu\/?page_id=3247"},"modified":"2025-11-15T09:25:02","modified_gmt":"2025-11-15T09:25:02","slug":"therapie-et-analyse-jungiennes","status":"publish","type":"page","link":"https:\/\/damianruiz.eu\/fr\/therapie-et-analyse-jungiennes\/","title":{"rendered":"Th\u00e9rapie et analyse jungiennes"},"content":{"rendered":"<header>\u00a0<\/p>\n<header>\n<h2 class=\"lead\"><span class=\"author\">Dami\u00e1n Ruiz<\/span><\/h2>\n<\/header>\n<\/header>\n<p>&nbsp;<\/p>\n<header>\n<section aria-labelledby=\"introduction\">La th\u00e9rapie jungienne et l\u2019analyse jungienne font partie de l\u2019h\u00e9ritage de Carl Gustav Jung, psychiatre suisse et fondateur de la psychologie analytique. Sa vision de l\u2019\u00eatre humain va bien au-del\u00e0 du soulagement du sympt\u00f4me : elle vise le d\u00e9veloppement complet de la personnalit\u00e9 \u00e0 travers le processus d\u2019individuation, en consid\u00e9rant que chaque personne porte en elle un potentiel profond de transformation et de sens.Alors que la psychoth\u00e9rapie jungienne s\u2019oriente vers le traitement des troubles ou des conflits psychologiques, l\u2019analyse jungienne est un processus plus large et plus profond dont la finalit\u00e9 est la connaissance de soi, l\u2019int\u00e9gration de l\u2019inconscient et la r\u00e9alisation de l\u2019\u00eatre v\u00e9ritable.<\/section>\n<section aria-labelledby=\"proces-psychanalytique\">\n<h2><\/h2>\n<h2 id=\"proces-psychanalytique\">Le processus psychanalytique jungien<\/h2>\n<p>La psychanalyse jungienne, \u00e9galement appel\u00e9e analyse jungienne, est un travail int\u00e9rieur qui se d\u00e9veloppe dans la relation entre le patient, ou analysant, et l\u2019analyste jungien. Ce processus explore la psych\u00e9 consciente et inconsciente \u00e0 travers le dialogue, l\u2019association libre, l\u2019\u00e9tude des r\u00eaves, des images et des symboles issus de la vie quotidienne.<\/p>\n<p>Contrairement \u00e0 d\u2019autres approches th\u00e9rapeutiques plus rationnelles ou comportementales, la th\u00e9rapie jungienne consid\u00e8re que les sympt\u00f4mes, les conflits \u00e9motionnels et les r\u00eaves sont des expressions de l\u2019inconscient cherchant \u00e0 nous transmettre un message essentiel. L\u2019analyste jungien ne cherche pas \u00e0 supprimer ces sympt\u00f4mes, mais \u00e0 en comprendre la signification symbolique et \u00e0 aider le patient \u00e0 les int\u00e9grer dans sa conscience.<\/p>\n<p>Au cours du processus de psychanalyse jungienne, le dialogue analytique devient un espace de r\u00e9flexion et de transformation. Une attention particuli\u00e8re est port\u00e9e au langage symbolique de l\u2019\u00e2me et \u00e0 la mani\u00e8re dont l\u2019inconscient se manifeste dans les r\u00eaves, les fantasmes, les crises ou les co\u00efncidences significatives.<\/p>\n<\/section>\n<section aria-labelledby=\"reves-analyses\">\n<h2><\/h2>\n<h2 id=\"reves-analyses\">Les r\u00eaves dans l\u2019analyse jungienne<\/h2>\n<p>Dans l\u2019analyse jungienne, les r\u00eaves occupent une place centrale. Pour Carl Gustav Jung, les r\u00eaves sont des messages spontan\u00e9s de l\u2019inconscient qui compensent, \u00e9quilibrent ou \u00e9largissent la vision consciente que nous avons de nous-m\u00eames. Chaque r\u00eave r\u00e9v\u00e8le une partie inconnue de la psych\u00e9, et son interpr\u00e9tation symbolique constitue une voie privil\u00e9gi\u00e9e de connaissance de soi.<\/p>\n<p>Dans la th\u00e9rapie jungienne, l\u2019analyste jungien accompagne le patient dans la d\u00e9couverte de la signification personnelle et arch\u00e9typale des symboles oniriques. Les r\u00eaves peuvent r\u00e9v\u00e9ler des d\u00e9sirs refoul\u00e9s, des blessures du pass\u00e9, des potentialit\u00e9s non d\u00e9velopp\u00e9es ou des orientations vers une vie plus authentique. Le travail sur les r\u00eaves permet ainsi d\u2019int\u00e9grer les contenus inconscients et de progresser dans le processus d\u2019individuation, objectif essentiel de la psychanalyse jungienne.<\/p>\n<\/section>\n<section aria-labelledby=\"archetypes-inconscient\">\n<h2><\/h2>\n<h2 id=\"archetypes-inconscient\">Les arch\u00e9types et l\u2019inconscient collectif<\/h2>\n<p>L\u2019un des concepts les plus originaux de la th\u00e9orie de Carl Gustav Jung est celui de l\u2019inconscient collectif : une couche profonde de la psych\u00e9 humaine qui n\u2019appartient pas \u00e0 l\u2019individu, mais \u00e0 l\u2019humanit\u00e9 tout enti\u00e8re. \u00c0 ce niveau r\u00e9sident les arch\u00e9types, des mod\u00e8les universels d\u2019exp\u00e9rience et de comportement que l\u2019on retrouve dans les mythes, les religions, les r\u00eaves et les \u0153uvres d\u2019art de toutes les cultures.<\/p>\n<p>Parmi les arch\u00e9types les plus connus figurent l\u2019Ombre (ce qui est refoul\u00e9, ni\u00e9 ou inconnu en nous), l\u2019Anima et l\u2019Animus (les images int\u00e9rieures du f\u00e9minin et du masculin), le Vieil Sage, l\u2019Enfant Divin ou le Soi, symbole de la totalit\u00e9 psychique. L\u2019analyse jungienne cherche \u00e0 reconna\u00eetre et \u00e0 donner forme \u00e0 ces arch\u00e9types dans la vie personnelle, permettant \u00e0 l\u2019individu de vivre de mani\u00e8re plus consciente et en harmonie avec sa nature profonde.<\/p>\n<p>En ce sens, la th\u00e9rapie jungienne ne se limite pas au pass\u00e9 ni \u00e0 l\u2019histoire biographique, mais s\u2019ouvre au langage symbolique qui relie l\u2019individu \u00e0 l\u2019humanit\u00e9 et au sacr\u00e9.<\/p>\n<\/section>\n<section aria-labelledby=\"synchronicite\">\n<h2><\/h2>\n<h2 id=\"synchronicite\">Synchronicit\u00e9 et sens<\/h2>\n<p>Un autre concept essentiel de la pens\u00e9e de Carl Gustav Jung est la synchronicit\u00e9 : la co\u00efncidence significative entre un \u00e9v\u00e9nement int\u00e9rieur (comme une pens\u00e9e, un r\u00eave ou une \u00e9motion) et un \u00e9v\u00e9nement ext\u00e9rieur survenant simultan\u00e9ment, sans lien causal, mais avec une forte signification symbolique. Ces exp\u00e9riences de synchronicit\u00e9 r\u00e9v\u00e8lent le lien entre le monde int\u00e9rieur et le monde ext\u00e9rieur, montrant que la r\u00e9alit\u00e9 psychique et la r\u00e9alit\u00e9 mat\u00e9rielle sont intimement li\u00e9es.<\/p>\n<p>Dans le cadre de la th\u00e9rapie jungienne, les exp\u00e9riences synchroniques sont interpr\u00e9t\u00e9es comme des moments de r\u00e9v\u00e9lation du Soi, des instants o\u00f9 la vie semble s\u2019adresser \u00e0 l\u2019individu depuis un niveau plus profond de sens. L\u2019analyste jungien aide le patient \u00e0 reconna\u00eetre et \u00e0 comprendre ces co\u00efncidences comme faisant partie du processus de transformation et d\u2019int\u00e9gration psychique.<\/p>\n<\/section>\n<section aria-labelledby=\"objectifs-effets\">\n<h2 id=\"objectifs-effets\">Objectifs et effets de l\u2019analyse jungienne<\/h2>\n<ul>\n<li>Une meilleure compr\u00e9hension de ses propres conflits int\u00e9rieurs.<\/li>\n<li>La r\u00e9conciliation avec les aspects ni\u00e9s, refoul\u00e9s ou m\u00e9connus (l\u2019Ombre).<\/li>\n<li>Le d\u00e9veloppement de la cr\u00e9ativit\u00e9 et du potentiel int\u00e9rieur.<\/li>\n<li>Un sens plus profond du but et de la direction de la vie.<\/li>\n<li>Une am\u00e9lioration de la qualit\u00e9 des relations et de l\u2019autonomie \u00e9motionnelle.<\/li>\n<\/ul>\n<p>Dans ce processus, l\u2019analyste jungien agit comme un guide et un accompagnant. Sa t\u00e2che est d\u2019aider le patient \u00e0 \u00e9couter son propre inconscient et \u00e0 d\u00e9couvrir les significations personnelles qui \u00e9mergent des symboles, des r\u00eaves et des exp\u00e9riences de la vie quotidienne.<\/p>\n<\/section>\n<section aria-labelledby=\"differences-psychotherapie-analyse\">\n<h2><\/h2>\n<h2 id=\"differences-psychotherapie-analyse\">Diff\u00e9rences entre psychoth\u00e9rapie et analyse jungienne<\/h2>\n<p>La psychoth\u00e9rapie jungienne se concentre sur le traitement de probl\u00e8mes ou de troubles psychologiques sp\u00e9cifiques, avec une dur\u00e9e plus limit\u00e9e et des objectifs cliniques d\u00e9finis. L\u2019analyse jungienne, en revanche, a une orientation existentielle et symbolique. Elle ne vise pas tant \u00e0 \u00e9liminer le sympt\u00f4me qu\u2019\u00e0 le comprendre en profondeur, en d\u00e9couvrant le sens qu\u2019il rev\u00eat dans l\u2019histoire de l\u2019individu.<\/p>\n<p>On pourrait dire que la psychoth\u00e9rapie jungienne se concentre sur la gu\u00e9rison de la souffrance, tandis que l\u2019analyse jungienne cherche \u00e0 la transformer en connaissance et en croissance.<\/p>\n<\/section>\n<section aria-labelledby=\"individuation\">\n<h2><\/h2>\n<h2 id=\"individuation\">Le processus d\u2019individuation<\/h2>\n<p>La finalit\u00e9 ultime de la psychanalyse jungienne est l\u2019individuation, le processus par lequel une personne devient v\u00e9ritablement elle-m\u00eame, en int\u00e9grant les oppos\u00e9s int\u00e9rieurs (conscient et inconscient, raison et instinct, masculin et f\u00e9minin, ombre et lumi\u00e8re). Le but de la th\u00e9rapie jungienne est d\u2019aider \u00e0 surmonter le probl\u00e8me ou le trouble que le patient pr\u00e9sente lors de la premi\u00e8re s\u00e9ance.<\/p>\n<p>L\u2019analyste jungien offre un espace de compr\u00e9hension profonde, o\u00f9 la personne peut affronter ses symboles, ses r\u00eaves et ses \u00e9motions en ayant la certitude d\u2019\u00eatre \u00e9cout\u00e9e sans jugement. Ce voyage int\u00e9rieur est unique pour chaque individu, et son fruit est une vie plus riche, cr\u00e9ative et signifiante.<\/p>\n<p>L\u2019analyse jungienne, cr\u00e9\u00e9e par Carl Gustav Jung, est bien plus qu\u2019une m\u00e9thode th\u00e9rapeutique : c\u2019est un chemin de connaissance de soi et de transformation spirituelle. Par le travail sur les r\u00eaves, les arch\u00e9types, la synchronicit\u00e9 et les symboles de l\u2019inconscient, la personne peut parvenir \u00e0 une compr\u00e9hension plus profonde d\u2019elle-m\u00eame et de sa place dans le monde.<\/p>\n<p>La th\u00e9rapie jungienne offre un espace o\u00f9 la psych\u00e9 peut s\u2019exprimer librement, o\u00f9 le conscient et l\u2019inconscient dialoguent, et o\u00f9 l\u2019\u00eatre humain peut se reconnecter avec son sens le plus authentique. Avec l\u2019aide d\u2019un analyste jungien, l\u2019individu entreprend un processus qui non seulement soulage la douleur, mais la transforme en sagesse et en pl\u00e9nitude int\u00e9rieure.<\/p>\n<p><em>(Dans mon cas, la th\u00e9orie et la pratique jungiennes influencent clairement les deux probl\u00e8mes psychologiques sur lesquels je travaille le plus souvent au niveau th\u00e9rapeutique : le trouble obsessionnel et les addictions.)<\/em><\/p>\n<\/section>\n<footer><strong>Dami\u00e1n Ruiz<\/strong> \u2014 <a href=\"https:\/\/www.damianruiz.eu\">www.damianruiz.eu<\/a><\/footer>\n<\/header>\n","protected":false},"excerpt":{"rendered":"<p>\u00a0 Dami\u00e1n Ruiz &nbsp; La th\u00e9rapie jungienne et l\u2019analyse jungienne font partie de l\u2019h\u00e9ritage de Carl Gustav Jung, psychiatre suisse [&hellip;]<\/p>\n","protected":false},"author":6,"featured_media":3273,"parent":0,"menu_order":0,"comment_status":"closed","ping_status":"closed","template":"","meta":{"_uag_custom_page_level_css":"","site-sidebar-layout":"default","site-content-layout":"","ast-site-content-layout":"default","site-content-style":"default","site-sidebar-style":"default","ast-global-header-display":"","ast-banner-title-visibility":"","ast-main-header-display":"","ast-hfb-above-header-display":"","ast-hfb-below-header-display":"","ast-hfb-mobile-header-display":"","site-post-title":"","ast-breadcrumbs-content":"","ast-featured-img":"","footer-sml-layout":"","theme-transparent-header-meta":"default","adv-header-id-meta":"","stick-header-meta":"","header-above-stick-meta":"","header-main-stick-meta":"","header-below-stick-meta":"","astra-migrate-meta-layouts":"set","ast-page-background-enabled":"default","ast-page-background-meta":{"desktop":{"background-color":"var(--ast-global-color-4)","background-image":"","background-repeat":"repeat","background-position":"center center","background-size":"auto","background-attachment":"scroll","background-type":"","background-media":"","overlay-type":"","overlay-color":"","overlay-opacity":"","overlay-gradient":""},"tablet":{"background-color":"","background-image":"","background-repeat":"repeat","background-position":"center center","background-size":"auto","background-attachment":"scroll","background-type":"","background-media":"","overlay-type":"","overlay-color":"","overlay-opacity":"","overlay-gradient":""},"mobile":{"background-color":"","background-image":"","background-repeat":"repeat","background-position":"center center","background-size":"auto","background-attachment":"scroll","background-type":"","background-media":"","overlay-type":"","overlay-color":"","overlay-opacity":"","overlay-gradient":""}},"ast-content-background-meta":{"desktop":{"background-color":"var(--ast-global-color-5)","background-image":"","background-repeat":"repeat","background-position":"center center","background-size":"auto","background-attachment":"scroll","background-type":"","background-media":"","overlay-type":"","overlay-color":"","overlay-opacity":"","overlay-gradient":""},"tablet":{"background-color":"var(--ast-global-color-5)","background-image":"","background-repeat":"repeat","background-position":"center center","background-size":"auto","background-attachment":"scroll","background-type":"","background-media":"","overlay-type":"","overlay-color":"","overlay-opacity":"","overlay-gradient":""},"mobile":{"background-color":"var(--ast-global-color-5)","background-image":"","background-repeat":"repeat","background-position":"center center","background-size":"auto","background-attachment":"scroll","background-type":"","background-media":"","overlay-type":"","overlay-color":"","overlay-opacity":"","overlay-gradient":""}},"footnotes":""},"class_list":["post-3247","page","type-page","status-publish","has-post-thumbnail","hentry"],"yoast_head":"<!-- This site is optimized with the Yoast SEO plugin v27.5 - https:\/\/yoast.com\/product\/yoast-seo-wordpress\/ -->\n<title>Th\u00e9rapie Jungienne | Analyse et Psychoth\u00e9rapie Jungienne<\/title>\n<meta name=\"description\" content=\"D\u00e9couvrez la th\u00e9rapie jungienn :travail sur les r\u00eaves,symboles et pour la connaissance de soi et le bien-\u00eatre \u00e9motionnel.\" \/>\n<meta name=\"robots\" content=\"index, follow, max-snippet:-1, max-image-preview:large, max-video-preview:-1\" \/>\n<link rel=\"canonical\" href=\"https:\/\/damianruiz.eu\/fr\/therapie-et-analyse-jungiennes\/\" \/>\n<meta property=\"og:locale\" content=\"fr_FR\" \/>\n<meta property=\"og:type\" content=\"article\" \/>\n<meta property=\"og:title\" content=\"Th\u00e9rapie Jungienne | Analyse et Psychoth\u00e9rapie Jungienne\" \/>\n<meta property=\"og:description\" content=\"D\u00e9couvrez la th\u00e9rapie jungienn :travail sur les r\u00eaves,symboles et pour la connaissance de soi et le bien-\u00eatre \u00e9motionnel.\" \/>\n<meta property=\"og:url\" content=\"https:\/\/damianruiz.eu\/fr\/therapie-et-analyse-jungiennes\/\" \/>\n<meta property=\"og:site_name\" content=\"Dami\u00e1n Ruiz\" \/>\n<meta property=\"article:modified_time\" content=\"2025-11-15T09:25:02+00:00\" \/>\n<meta property=\"og:image\" content=\"https:\/\/damianruiz.eu\/wp-content\/uploads\/2025\/11\/stone-circles-1853340_1280.jpg\" \/>\n\t<meta property=\"og:image:width\" content=\"1280\" \/>\n\t<meta property=\"og:image:height\" content=\"854\" \/>\n\t<meta property=\"og:image:type\" content=\"image\/jpeg\" \/>\n<meta name=\"twitter:card\" content=\"summary_large_image\" \/>\n<meta name=\"twitter:label1\" content=\"Dur\u00e9e de lecture estim\u00e9e\" \/>\n\t<meta name=\"twitter:data1\" content=\"6 minutes\" \/>\n<script type=\"application\/ld+json\" class=\"yoast-schema-graph\">{\"@context\":\"https:\\\/\\\/schema.org\",\"@graph\":[{\"@type\":\"WebPage\",\"@id\":\"https:\\\/\\\/damianruiz.eu\\\/fr\\\/therapie-et-analyse-jungiennes\\\/\",\"url\":\"https:\\\/\\\/damianruiz.eu\\\/fr\\\/therapie-et-analyse-jungiennes\\\/\",\"name\":\"Th\u00e9rapie Jungienne | Analyse et Psychoth\u00e9rapie Jungienne\",\"isPartOf\":{\"@id\":\"https:\\\/\\\/damianruiz.eu\\\/#website\"},\"primaryImageOfPage\":{\"@id\":\"https:\\\/\\\/damianruiz.eu\\\/fr\\\/therapie-et-analyse-jungiennes\\\/#primaryimage\"},\"image\":{\"@id\":\"https:\\\/\\\/damianruiz.eu\\\/fr\\\/therapie-et-analyse-jungiennes\\\/#primaryimage\"},\"thumbnailUrl\":\"https:\\\/\\\/damianruiz.eu\\\/wp-content\\\/uploads\\\/2025\\\/11\\\/stone-circles-1853340_1280.jpg\",\"datePublished\":\"2025-11-13T10:52:32+00:00\",\"dateModified\":\"2025-11-15T09:25:02+00:00\",\"description\":\"D\u00e9couvrez la th\u00e9rapie jungienn :travail sur les r\u00eaves,symboles et pour la connaissance de soi et le bien-\u00eatre \u00e9motionnel.\",\"breadcrumb\":{\"@id\":\"https:\\\/\\\/damianruiz.eu\\\/fr\\\/therapie-et-analyse-jungiennes\\\/#breadcrumb\"},\"inLanguage\":\"fr-FR\",\"potentialAction\":[{\"@type\":\"ReadAction\",\"target\":[\"https:\\\/\\\/damianruiz.eu\\\/fr\\\/therapie-et-analyse-jungiennes\\\/\"]}]},{\"@type\":\"ImageObject\",\"inLanguage\":\"fr-FR\",\"@id\":\"https:\\\/\\\/damianruiz.eu\\\/fr\\\/therapie-et-analyse-jungiennes\\\/#primaryimage\",\"url\":\"https:\\\/\\\/damianruiz.eu\\\/wp-content\\\/uploads\\\/2025\\\/11\\\/stone-circles-1853340_1280.jpg\",\"contentUrl\":\"https:\\\/\\\/damianruiz.eu\\\/wp-content\\\/uploads\\\/2025\\\/11\\\/stone-circles-1853340_1280.jpg\",\"width\":1280,\"height\":854},{\"@type\":\"BreadcrumbList\",\"@id\":\"https:\\\/\\\/damianruiz.eu\\\/fr\\\/therapie-et-analyse-jungiennes\\\/#breadcrumb\",\"itemListElement\":[{\"@type\":\"ListItem\",\"position\":1,\"name\":\"Portada\",\"item\":\"https:\\\/\\\/damianruiz.eu\\\/fr\\\/\"},{\"@type\":\"ListItem\",\"position\":2,\"name\":\"Th\u00e9rapie et analyse jungiennes\"}]},{\"@type\":\"WebSite\",\"@id\":\"https:\\\/\\\/damianruiz.eu\\\/#website\",\"url\":\"https:\\\/\\\/damianruiz.eu\\\/\",\"name\":\"Dami\u00e1n Ruiz\",\"description\":\"Licenciado y Postgraduado en Psicolog\u00eda por la Universidad de Barcelona.\",\"publisher\":{\"@id\":\"https:\\\/\\\/damianruiz.eu\\\/#organization\"},\"potentialAction\":[{\"@type\":\"SearchAction\",\"target\":{\"@type\":\"EntryPoint\",\"urlTemplate\":\"https:\\\/\\\/damianruiz.eu\\\/?s={search_term_string}\"},\"query-input\":{\"@type\":\"PropertyValueSpecification\",\"valueRequired\":true,\"valueName\":\"search_term_string\"}}],\"inLanguage\":\"fr-FR\"},{\"@type\":\"Organization\",\"@id\":\"https:\\\/\\\/damianruiz.eu\\\/#organization\",\"name\":\"Dami\u00e1n Ruiz\",\"url\":\"https:\\\/\\\/damianruiz.eu\\\/\",\"logo\":{\"@type\":\"ImageObject\",\"inLanguage\":\"fr-FR\",\"@id\":\"https:\\\/\\\/damianruiz.eu\\\/#\\\/schema\\\/logo\\\/image\\\/\",\"url\":\"https:\\\/\\\/damianruiz.eu\\\/wp-content\\\/uploads\\\/2024\\\/04\\\/cropped-logo-2024-damian-ruiz-233.png\",\"contentUrl\":\"https:\\\/\\\/damianruiz.eu\\\/wp-content\\\/uploads\\\/2024\\\/04\\\/cropped-logo-2024-damian-ruiz-233.png\",\"width\":233,\"height\":60,\"caption\":\"Dami\u00e1n Ruiz\"},\"image\":{\"@id\":\"https:\\\/\\\/damianruiz.eu\\\/#\\\/schema\\\/logo\\\/image\\\/\"}}]}<\/script>\n<!-- \/ Yoast SEO plugin. -->","yoast_head_json":{"title":"Th\u00e9rapie Jungienne | Analyse et Psychoth\u00e9rapie Jungienne","description":"D\u00e9couvrez la th\u00e9rapie jungienn :travail sur les r\u00eaves,symboles et pour la connaissance de soi et le bien-\u00eatre \u00e9motionnel.","robots":{"index":"index","follow":"follow","max-snippet":"max-snippet:-1","max-image-preview":"max-image-preview:large","max-video-preview":"max-video-preview:-1"},"canonical":"https:\/\/damianruiz.eu\/fr\/therapie-et-analyse-jungiennes\/","og_locale":"fr_FR","og_type":"article","og_title":"Th\u00e9rapie Jungienne | Analyse et Psychoth\u00e9rapie Jungienne","og_description":"D\u00e9couvrez la th\u00e9rapie jungienn :travail sur les r\u00eaves,symboles et pour la connaissance de soi et le bien-\u00eatre \u00e9motionnel.","og_url":"https:\/\/damianruiz.eu\/fr\/therapie-et-analyse-jungiennes\/","og_site_name":"Dami\u00e1n Ruiz","article_modified_time":"2025-11-15T09:25:02+00:00","og_image":[{"width":1280,"height":854,"url":"https:\/\/damianruiz.eu\/wp-content\/uploads\/2025\/11\/stone-circles-1853340_1280.jpg","type":"image\/jpeg"}],"twitter_card":"summary_large_image","twitter_misc":{"Dur\u00e9e de lecture estim\u00e9e":"6 minutes"},"schema":{"@context":"https:\/\/schema.org","@graph":[{"@type":"WebPage","@id":"https:\/\/damianruiz.eu\/fr\/therapie-et-analyse-jungiennes\/","url":"https:\/\/damianruiz.eu\/fr\/therapie-et-analyse-jungiennes\/","name":"Th\u00e9rapie Jungienne | Analyse et Psychoth\u00e9rapie Jungienne","isPartOf":{"@id":"https:\/\/damianruiz.eu\/#website"},"primaryImageOfPage":{"@id":"https:\/\/damianruiz.eu\/fr\/therapie-et-analyse-jungiennes\/#primaryimage"},"image":{"@id":"https:\/\/damianruiz.eu\/fr\/therapie-et-analyse-jungiennes\/#primaryimage"},"thumbnailUrl":"https:\/\/damianruiz.eu\/wp-content\/uploads\/2025\/11\/stone-circles-1853340_1280.jpg","datePublished":"2025-11-13T10:52:32+00:00","dateModified":"2025-11-15T09:25:02+00:00","description":"D\u00e9couvrez la th\u00e9rapie jungienn :travail sur les r\u00eaves,symboles et pour la connaissance de soi et le bien-\u00eatre \u00e9motionnel.","breadcrumb":{"@id":"https:\/\/damianruiz.eu\/fr\/therapie-et-analyse-jungiennes\/#breadcrumb"},"inLanguage":"fr-FR","potentialAction":[{"@type":"ReadAction","target":["https:\/\/damianruiz.eu\/fr\/therapie-et-analyse-jungiennes\/"]}]},{"@type":"ImageObject","inLanguage":"fr-FR","@id":"https:\/\/damianruiz.eu\/fr\/therapie-et-analyse-jungiennes\/#primaryimage","url":"https:\/\/damianruiz.eu\/wp-content\/uploads\/2025\/11\/stone-circles-1853340_1280.jpg","contentUrl":"https:\/\/damianruiz.eu\/wp-content\/uploads\/2025\/11\/stone-circles-1853340_1280.jpg","width":1280,"height":854},{"@type":"BreadcrumbList","@id":"https:\/\/damianruiz.eu\/fr\/therapie-et-analyse-jungiennes\/#breadcrumb","itemListElement":[{"@type":"ListItem","position":1,"name":"Portada","item":"https:\/\/damianruiz.eu\/fr\/"},{"@type":"ListItem","position":2,"name":"Th\u00e9rapie et analyse jungiennes"}]},{"@type":"WebSite","@id":"https:\/\/damianruiz.eu\/#website","url":"https:\/\/damianruiz.eu\/","name":"Dami\u00e1n Ruiz","description":"Licenciado y Postgraduado en Psicolog\u00eda por la Universidad de Barcelona.","publisher":{"@id":"https:\/\/damianruiz.eu\/#organization"},"potentialAction":[{"@type":"SearchAction","target":{"@type":"EntryPoint","urlTemplate":"https:\/\/damianruiz.eu\/?s={search_term_string}"},"query-input":{"@type":"PropertyValueSpecification","valueRequired":true,"valueName":"search_term_string"}}],"inLanguage":"fr-FR"},{"@type":"Organization","@id":"https:\/\/damianruiz.eu\/#organization","name":"Dami\u00e1n Ruiz","url":"https:\/\/damianruiz.eu\/","logo":{"@type":"ImageObject","inLanguage":"fr-FR","@id":"https:\/\/damianruiz.eu\/#\/schema\/logo\/image\/","url":"https:\/\/damianruiz.eu\/wp-content\/uploads\/2024\/04\/cropped-logo-2024-damian-ruiz-233.png","contentUrl":"https:\/\/damianruiz.eu\/wp-content\/uploads\/2024\/04\/cropped-logo-2024-damian-ruiz-233.png","width":233,"height":60,"caption":"Dami\u00e1n Ruiz"},"image":{"@id":"https:\/\/damianruiz.eu\/#\/schema\/logo\/image\/"}}]}},"uagb_featured_image_src":{"full":["https:\/\/damianruiz.eu\/wp-content\/uploads\/2025\/11\/stone-circles-1853340_1280.jpg",1280,854,false],"thumbnail":["https:\/\/damianruiz.eu\/wp-content\/uploads\/2025\/11\/stone-circles-1853340_1280-150x150.jpg",150,150,true],"medium":["https:\/\/damianruiz.eu\/wp-content\/uploads\/2025\/11\/stone-circles-1853340_1280-300x200.jpg",300,200,true],"medium_large":["https:\/\/damianruiz.eu\/wp-content\/uploads\/2025\/11\/stone-circles-1853340_1280-768x512.jpg",768,512,true],"large":["https:\/\/damianruiz.eu\/wp-content\/uploads\/2025\/11\/stone-circles-1853340_1280-1024x683.jpg",1024,683,true],"1536x1536":["https:\/\/damianruiz.eu\/wp-content\/uploads\/2025\/11\/stone-circles-1853340_1280.jpg",1280,854,false],"2048x2048":["https:\/\/damianruiz.eu\/wp-content\/uploads\/2025\/11\/stone-circles-1853340_1280.jpg",1280,854,false]},"uagb_author_info":{"display_name":"mguad","author_link":"https:\/\/damianruiz.eu\/fr\/author\/mguad\/"},"uagb_comment_info":0,"uagb_excerpt":"\u00a0 Dami\u00e1n Ruiz &nbsp; La th\u00e9rapie jungienne et l\u2019analyse jungienne font partie de l\u2019h\u00e9ritage de Carl Gustav Jung, psychiatre suisse [&hellip;]","_links":{"self":[{"href":"https:\/\/damianruiz.eu\/fr\/wp-json\/wp\/v2\/pages\/3247","targetHints":{"allow":["GET"]}}],"collection":[{"href":"https:\/\/damianruiz.eu\/fr\/wp-json\/wp\/v2\/pages"}],"about":[{"href":"https:\/\/damianruiz.eu\/fr\/wp-json\/wp\/v2\/types\/page"}],"author":[{"embeddable":true,"href":"https:\/\/damianruiz.eu\/fr\/wp-json\/wp\/v2\/users\/6"}],"replies":[{"embeddable":true,"href":"https:\/\/damianruiz.eu\/fr\/wp-json\/wp\/v2\/comments?post=3247"}],"version-history":[{"count":8,"href":"https:\/\/damianruiz.eu\/fr\/wp-json\/wp\/v2\/pages\/3247\/revisions"}],"predecessor-version":[{"id":3334,"href":"https:\/\/damianruiz.eu\/fr\/wp-json\/wp\/v2\/pages\/3247\/revisions\/3334"}],"wp:featuredmedia":[{"embeddable":true,"href":"https:\/\/damianruiz.eu\/fr\/wp-json\/wp\/v2\/media\/3273"}],"wp:attachment":[{"href":"https:\/\/damianruiz.eu\/fr\/wp-json\/wp\/v2\/media?parent=3247"}],"curies":[{"name":"wp","href":"https:\/\/api.w.org\/{rel}","templated":true}]}}