{"id":3464,"date":"2025-11-16T18:23:07","date_gmt":"2025-11-16T18:23:07","guid":{"rendered":"https:\/\/damianruiz.eu\/?page_id=3464"},"modified":"2025-12-10T21:30:32","modified_gmt":"2025-12-10T21:30:32","slug":"troubles-obsessionnels","status":"publish","type":"page","link":"https:\/\/damianruiz.eu\/fr\/troubles-obsessionnels\/","title":{"rendered":"Traitement psychologique des troubles obsessionnels : retrouver son essence"},"content":{"rendered":"<div class=\"wpb-content-wrapper\">\t\t<div data-elementor-type=\"wp-page\" data-elementor-id=\"3464\" class=\"elementor elementor-3464 elementor-2935\">\n\t\t\t\t<div class=\"elementor-element elementor-element-5f181fc4 e-flex e-con-boxed e-con e-parent\" data-id=\"5f181fc4\" data-element_type=\"container\" data-e-type=\"container\">\n\t\t\t\t\t<div class=\"e-con-inner\">\n\t\t\t\t<div class=\"elementor-element elementor-element-16434906 elementor-widget elementor-widget-text-editor\" data-id=\"16434906\" data-element_type=\"widget\" data-e-type=\"widget\" data-widget_type=\"text-editor.default\">\n\t\t\t\t<div class=\"elementor-widget-container\">\n\t\t\t\t\t\t\t\t\t<p>[vc_row][vc_column][vc_column_text]<\/p><p data-start=\"282\" data-end=\"299\"><strong data-start=\"284\" data-end=\"299\">Dami\u00e1n Ruiz<\/strong><\/p><p data-start=\"301\" data-end=\"681\">Il y a presque vingt ans, lorsqu\u2019un jeune homme est <strong data-start=\"353\" data-end=\"386\">apparu dans mon cabinet priv\u00e9<\/strong> de Barcelone en me disant qu\u2019il souffrait de <strong data-start=\"432\" data-end=\"439\">TOC<\/strong> depuis des ann\u00e9es et que son niveau de souffrance \u00e9tait insupportable, j\u2019ai entam\u00e9 un <strong data-start=\"526\" data-end=\"562\">processus de recherche th\u00e9orique<\/strong> \u00e0 travers toutes sortes de lectures, \u00e0 l\u2019exception de la ligne cognitivo-comportementale, qui ne m\u2019a jamais int\u00e9ress\u00e9.<\/p><p data-start=\"683\" data-end=\"728\"><em data-start=\"683\" data-end=\"728\"><strong data-start=\"684\" data-end=\"727\">(Je mentionne ici un fait significatif)<\/strong><\/em><\/p><ul data-start=\"730\" data-end=\"1535\"><li data-start=\"730\" data-end=\"1180\"><p data-start=\"732\" data-end=\"1180\"><em data-start=\"732\" data-end=\"1180\">Lorsque j\u2019\u00e9tais un jeune professeur associ\u00e9 \u00e0 la Facult\u00e9 de Psychologie de l\u2019Universit\u00e9 de Barcelone, le directeur du D\u00e9partement de la Personnalit\u00e9, auquel j\u2019appartenais, m\u2019a dit que si je voulais continuer comme professeur, je devais faire un doctorat en \u201cCognitivisme dur\u201d. Je crois que j\u2019y ai tr\u00e8s peu r\u00e9fl\u00e9chi. Je n\u2019en ai pas voulu. Cela ne signifie pas que si je l\u2019avais fait, j\u2019y serais forc\u00e9ment rest\u00e9, mais ma d\u00e9cision \u00e9tait tr\u00e8s claire.<\/em><\/p><\/li><li data-start=\"1182\" data-end=\"1350\"><p data-start=\"1184\" data-end=\"1350\"><em data-start=\"1184\" data-end=\"1350\">Je ne crois en aucune approche th\u00e9rapeutique qui ne prenne pas en compte l\u2019inconscient, et encore moins en celles qui se concentrent principalement sur le sympt\u00f4me.<\/em><\/p><\/li><li data-start=\"1352\" data-end=\"1442\"><p data-start=\"1354\" data-end=\"1442\"><em data-start=\"1354\" data-end=\"1442\">Le sympt\u00f4me obsessionnel est comme la fi\u00e8vre : ce qu\u2019il faut chercher, c\u2019est sa cause.<\/em><\/p><\/li><li data-start=\"1444\" data-end=\"1535\"><p data-start=\"1446\" data-end=\"1535\"><em data-start=\"1446\" data-end=\"1535\">Cela dit, tout mon respect aux professionnels appartenant \u00e0 cette \u00e9cole psychologique.)<\/em><\/p><\/li><\/ul><p data-start=\"1537\" data-end=\"1642\">Ce qui s\u2019est pass\u00e9, c\u2019est que, port\u00e9 par <strong data-start=\"1578\" data-end=\"1640\">les deux motivations qui nourrissent le plus ma profession<\/strong> :<\/p><ol data-start=\"1644\" data-end=\"1734\"><li data-start=\"1644\" data-end=\"1689\"><p data-start=\"1647\" data-end=\"1689\">L\u2019empathie envers la souffrance d\u2019autrui<\/p><\/li><li data-start=\"1690\" data-end=\"1734\"><p data-start=\"1693\" data-end=\"1734\">L\u2019int\u00e9r\u00eat pour les d\u00e9fis psychologiques<\/p><\/li><\/ol><p data-start=\"1736\" data-end=\"2104\">J\u2019ai <strong data-start=\"1741\" data-end=\"1764\">progress\u00e9 peu \u00e0 peu<\/strong> vers ce qui deviendrait une proc\u00e9dure th\u00e9rapeutique int\u00e9grative et \u00e9clectique o\u00f9 convergent des \u00e9l\u00e9ments de la th\u00e9orie de Carl G. Jung, de la primatologie, de la perspective de Theodore Millon, de certains concepts d\u2019Alexander Lowen et de Wilhelm Reich, et, si vous me le permettez, aussi \u2014 sur le plan conceptuel \u2014 de Friedrich Nietzsche.<\/p><p data-start=\"2106\" data-end=\"2750\">C\u2019est ainsi que j\u2019ai commenc\u00e9 \u00e0 travailler sur le plan th\u00e9rapeutique. Je crois sinc\u00e8rement que cette m\u00e9thodologie est hautement efficace dans de nombreux cas. Toutefois, le pouvoir omnipr\u00e9sent du comportementalisme en Espagne et son \u201cstatut officiel\u201d, tant sur le plan acad\u00e9mique que dans le syst\u00e8me de sant\u00e9 public, laissent tr\u00e8s peu de place aux alternatives \u2014 ind\u00e9pendamment du fait qu\u2019\u00e0 l\u2019\u00e9poque, j\u2019ai pr\u00e9sent\u00e9 \u2014 avec des membres de l\u2019\u00e9quipe que je dirigeais \u2014 des r\u00e9sultats statistiquement v\u00e9rifi\u00e9s sur la r\u00e9duction de l\u2019anxi\u00e9t\u00e9 <strong data-start=\"2640\" data-end=\"2649\">trait<\/strong> chez des patients souffrant de TOC, lors du congr\u00e8s de psychologie europ\u00e9enne tenu \u00e0 Moscou en 2019.<\/p><p data-start=\"2752\" data-end=\"2942\">Comme chacun le sait : si une th\u00e9rapie officielle ne fonctionne pas chez un patient, on minimise la question ; en revanche, si la m\u00eame chose arrive dans une approche nouvelle, on l\u2019amplifie.<\/p><p data-start=\"2944\" data-end=\"3260\"><strong data-start=\"2944\" data-end=\"2959\">En tout cas<\/strong>, il n\u2019y a pas de miracles : le fait que j\u2019aie une totale confiance et que je puisse affirmer qu\u2019il y a eu et qu\u2019il y a encore de tr\u00e8s bons r\u00e9sultats dans le traitement du <strong data-start=\"3131\" data-end=\"3138\">TOC<\/strong> ne signifie pas que cela ait \u00e9t\u00e9 vrai pour tous les patients suivis \u2014 mais pour un pourcentage tout de m\u00eame tr\u00e8s notable.<\/p><p data-start=\"3262\" data-end=\"3304\"><strong data-start=\"3265\" data-end=\"3304\">Et sur quoi repose cette th\u00e9rapie ?<\/strong><\/p><p data-start=\"3306\" data-end=\"3751\">En partant de la possible pr\u00e9disposition g\u00e9n\u00e9tique au <strong data-start=\"3360\" data-end=\"3367\">TOC<\/strong>, ce qui importe est de trouver la ou les causes qui ont pu le d\u00e9clencher (ET IL Y EN A TOUJOURS), g\u00e9n\u00e9ralement pendant l\u2019enfance ou l\u2019adolescence \u2014 ou de comprendre quel type de traitement la personne a re\u00e7u de la part des parents ou des tuteurs : aussi bien l\u2019exc\u00e8s de rigidit\u00e9 que la surprotection anxiog\u00e8ne peuvent activer le trouble obsessionnel, m\u00eame plusieurs ann\u00e9es plus tard.<\/p><p data-start=\"3753\" data-end=\"3920\"><strong data-start=\"3753\" data-end=\"3920\">Une fois l\u2019origine connue, il faut identifier quelles \u00e9motions ou pulsions ont \u00e9t\u00e9 bloqu\u00e9es, et dans quels aspects la peur et\/ou la culpabilit\u00e9 se sont install\u00e9es.<\/strong><\/p><p data-start=\"3922\" data-end=\"4290\">Le <strong data-start=\"3925\" data-end=\"3932\">TOC<\/strong> est un <strong data-start=\"3940\" data-end=\"3959\">trouble anxieux<\/strong>, avec des <strong data-start=\"3970\" data-end=\"4011\">composantes d\u00e9pressives sous-jacentes<\/strong>, et les deux \u00e9motions qui le sous-tendent sont \u2014 je le r\u00e9p\u00e8te \u2014 la peur et\/ou la culpabilit\u00e9. Les personnes souffrant de <strong data-start=\"4133\" data-end=\"4140\">TOC<\/strong>, au-del\u00e0 de leurs rituels mentaux ou comportementaux, pensent au lieu de vivre, et vivent en essayant d\u2019\u00e9viter que quelque chose de n\u00e9gatif n\u2019arrive.<\/p><p data-start=\"4292\" data-end=\"4547\">Par cons\u00e9quent, si tel est le cas, il est logique de travailler sur ces deux \u00e9motions, auxquelles j\u2019en ajoute une troisi\u00e8me : le d\u00e9sir. Car l\u2019absence de d\u00e9sir \u2014 au sens de motivation, de passion \u2014 implique l\u2019absence d\u2019un lien authentique avec l\u2019existence.<\/p><p data-start=\"4292\" data-end=\"4547\">\u00a0<\/p><p data-start=\"4549\" data-end=\"4611\"><strong data-start=\"4553\" data-end=\"4611\">Et quelle est, en r\u00e9sum\u00e9, la proc\u00e9dure th\u00e9rapeutique ?<\/strong><\/p><ul data-start=\"4613\" data-end=\"5533\"><li data-start=\"4613\" data-end=\"4674\"><p data-start=\"4615\" data-end=\"4674\">Sortir le sympt\u00f4me obsessionnel du centre de l\u2019attention.<\/p><\/li><li data-start=\"4675\" data-end=\"4830\"><p data-start=\"4677\" data-end=\"4830\">Focaliser tout ce qui a \u00e9t\u00e9 refoul\u00e9 \u2014 ce qui fait peur, ce que l\u2019on redoute, ce qui g\u00e9n\u00e8re de la culpabilit\u00e9 \u2014 et essayer de l\u2019activer progressivement.<\/p><\/li><li data-start=\"4831\" data-end=\"4988\"><p data-start=\"4833\" data-end=\"4988\">Le contenu du <strong data-start=\"4847\" data-end=\"4854\">TOC<\/strong> \u2014 qu\u2019il s\u2019agisse d\u2019orientation sexuelle*, de contamination, d\u2019ordre, ou d\u2019autre chose \u2014 est toujours m\u00e9taphorique, jamais litt\u00e9ral.<\/p><\/li><li data-start=\"4989\" data-end=\"5165\"><p data-start=\"4991\" data-end=\"5165\">Dans mes s\u00e9ances, je parle tr\u00e8s peu du <strong data-start=\"5030\" data-end=\"5037\">TOC<\/strong>, car ce que je cherche \u00e0 d\u00e9velopper, c\u2019est le c\u00f4t\u00e9 sain qui a \u00e9t\u00e9 bloqu\u00e9 chez chaque patient \u2014 souvent psychiquement entrav\u00e9.<\/p><\/li><li data-start=\"5166\" data-end=\"5533\"><p data-start=\"5168\" data-end=\"5533\">Pour sortir du <strong data-start=\"5183\" data-end=\"5190\">TOC<\/strong>, il faut revenir \u00e0 l\u2019existence d\u2019une mani\u00e8re clairement active, et \u2014 m\u00eame si cela semble na\u00eff \u2014 il est essentiel de retrouver une certaine joie de vivre. \u00c0 mesure que le champ psychique s\u2019\u00e9largit avec de nouveaux contenus mobilisateurs et stimulants, l\u2019anxi\u00e9t\u00e9 commence \u00e0 diminuer et le TOC, \u00e0 partir d\u2019un certain point, baisse naturellement.<\/p><\/li><\/ul><p data-start=\"5535\" data-end=\"6008\"><em data-start=\"5535\" data-end=\"6008\">Il convient de pr\u00e9ciser que le <strong data-start=\"5567\" data-end=\"5597\">TOC d\u2019orientation sexuelle<\/strong> n\u2019a rien \u00e0 voir avec l\u2019homosexualit\u00e9 \u00e9godystonique. Dans le <strong data-start=\"5658\" data-end=\"5673\">premier cas<\/strong>, le patient n\u2019arrive jamais \u00e0 conclure quoi que ce soit ; il peut passer des ann\u00e9es \u00e0 se v\u00e9rifier sans pouvoir \u00e9tablir un crit\u00e8re stable. Dans le <strong data-start=\"5820\" data-end=\"5830\">second<\/strong>, le patient sait qu\u2019il est attir\u00e9 par les personnes du m\u00eame sexe \u2014 c\u2019est-\u00e0-dire qu\u2019il ne doute pas \u2014, mais il ne peut pas l\u2019accepter ou l\u2019int\u00e9grer en raison de pr\u00e9jug\u00e9s divers.<\/em><\/p><p data-start=\"6010\" data-end=\"6132\"><em data-start=\"6010\" data-end=\"6132\">Le premier doit \u00eatre aid\u00e9 \u00e0 sortir du <strong data-start=\"6049\" data-end=\"6056\">TOC<\/strong> ; le second, \u00e0 accepter son orientation sexuelle et \u00e0 la vivre pleinement.<\/em><\/p><p style=\"text-align: right;\" data-start=\"6137\" data-end=\"6172\"><strong data-start=\"6137\" data-end=\"6152\">Dami\u00e1n Ruiz<\/strong><br data-start=\"6152\" data-end=\"6155\" \/><a class=\"decorated-link cursor-pointer\" target=\"_new\" rel=\"noopener\" data-start=\"6155\" data-end=\"6172\">www.damianruiz.eu<\/a><\/p><p>[\/vc_column_text][\/vc_column][\/vc_row]<\/p>\t\t\t\t\t\t\t\t<\/div>\n\t\t\t\t<\/div>\n\t\t\t\t\t<\/div>\n\t\t\t\t<\/div>\n\t\t\t\t<\/div>\n\t\t<\/div>","protected":false},"excerpt":{"rendered":"<p>[vc_row][vc_column][vc_column_text] Dami\u00e1n Ruiz Il y a presque vingt ans, lorsqu\u2019un jeune homme est apparu dans mon cabinet priv\u00e9 de Barcelone [&hellip;]<\/p>\n","protected":false},"author":6,"featured_media":0,"parent":0,"menu_order":0,"comment_status":"closed","ping_status":"closed","template":"","meta":{"_uag_custom_page_level_css":"","site-sidebar-layout":"no-sidebar","site-content-layout":"plain-container","ast-site-content-layout":"default","site-content-style":"default","site-sidebar-style":"default","ast-global-header-display":"","ast-banner-title-visibility":"","ast-main-header-display":"","ast-hfb-above-header-display":"","ast-hfb-below-header-display":"","ast-hfb-mobile-header-display":"","site-post-title":"","ast-breadcrumbs-content":"","ast-featured-img":"disabled","footer-sml-layout":"","theme-transparent-header-meta":"default","adv-header-id-meta":"","stick-header-meta":"","header-above-stick-meta":"","header-main-stick-meta":"","header-below-stick-meta":"","astra-migrate-meta-layouts":"set","ast-page-background-enabled":"default","ast-page-background-meta":{"desktop":{"background-color":"var(--ast-global-color-4)","background-image":"","background-repeat":"repeat","background-position":"center center","background-size":"auto","background-attachment":"scroll","background-type":"","background-media":"","overlay-type":"","overlay-color":"","overlay-opacity":"","overlay-gradient":""},"tablet":{"background-color":"","background-image":"","background-repeat":"repeat","background-position":"center center","background-size":"auto","background-attachment":"scroll","background-type":"","background-media":"","overlay-type":"","overlay-color":"","overlay-opacity":"","overlay-gradient":""},"mobile":{"background-color":"","background-image":"","background-repeat":"repeat","background-position":"center center","background-size":"auto","background-attachment":"scroll","background-type":"","background-media":"","overlay-type":"","overlay-color":"","overlay-opacity":"","overlay-gradient":""}},"ast-content-background-meta":{"desktop":{"background-color":"var(--ast-global-color-5)","background-image":"","background-repeat":"repeat","background-position":"center center","background-size":"auto","background-attachment":"scroll","background-type":"","background-media":"","overlay-type":"","overlay-color":"","overlay-opacity":"","overlay-gradient":""},"tablet":{"background-color":"var(--ast-global-color-5)","background-image":"","background-repeat":"repeat","background-position":"center center","background-size":"auto","background-attachment":"scroll","background-type":"","background-media":"","overlay-type":"","overlay-color":"","overlay-opacity":"","overlay-gradient":""},"mobile":{"background-color":"var(--ast-global-color-5)","background-image":"","background-repeat":"repeat","background-position":"center center","background-size":"auto","background-attachment":"scroll","background-type":"","background-media":"","overlay-type":"","overlay-color":"","overlay-opacity":"","overlay-gradient":""}},"footnotes":""},"class_list":["post-3464","page","type-page","status-publish","hentry"],"yoast_head":"<!-- This site is optimized with the Yoast SEO plugin v27.5 - https:\/\/yoast.com\/product\/yoast-seo-wordpress\/ -->\n<title>Traitement intensif du TOC \u00e0 Barcelone | Th\u00e9rapie individuelle VIP<\/title>\n<meta name=\"description\" content=\"Traitement intensif du TOC \u00e0 Barcelone : programme individuel VIP de 3 ou 5 jours pour apaiser les obsessions, r\u00e9duire l\u2019anxi\u00e9t\u00e9, etc.\" \/>\n<meta name=\"robots\" content=\"index, follow, max-snippet:-1, max-image-preview:large, max-video-preview:-1\" \/>\n<link rel=\"canonical\" href=\"https:\/\/damianruiz.eu\/fr\/troubles-obsessionnels\/\" \/>\n<meta property=\"og:locale\" content=\"fr_FR\" \/>\n<meta property=\"og:type\" content=\"article\" \/>\n<meta property=\"og:title\" content=\"Traitement intensif du TOC \u00e0 Barcelone | Th\u00e9rapie individuelle VIP\" \/>\n<meta property=\"og:description\" content=\"Traitement intensif du TOC \u00e0 Barcelone : programme individuel VIP de 3 ou 5 jours pour apaiser les obsessions, r\u00e9duire l\u2019anxi\u00e9t\u00e9, etc.\" \/>\n<meta property=\"og:url\" content=\"https:\/\/damianruiz.eu\/fr\/troubles-obsessionnels\/\" \/>\n<meta property=\"og:site_name\" content=\"Dami\u00e1n Ruiz\" \/>\n<meta property=\"article:modified_time\" content=\"2025-12-10T21:30:32+00:00\" \/>\n<meta name=\"twitter:card\" content=\"summary_large_image\" \/>\n<meta name=\"twitter:label1\" content=\"Dur\u00e9e de lecture estim\u00e9e\" \/>\n\t<meta name=\"twitter:data1\" content=\"5 minutes\" \/>\n<script type=\"application\/ld+json\" class=\"yoast-schema-graph\">{\"@context\":\"https:\\\/\\\/schema.org\",\"@graph\":[{\"@type\":\"WebPage\",\"@id\":\"https:\\\/\\\/damianruiz.eu\\\/fr\\\/troubles-obsessionnels\\\/\",\"url\":\"https:\\\/\\\/damianruiz.eu\\\/fr\\\/troubles-obsessionnels\\\/\",\"name\":\"Traitement intensif du TOC \u00e0 Barcelone | Th\u00e9rapie individuelle VIP\",\"isPartOf\":{\"@id\":\"https:\\\/\\\/damianruiz.eu\\\/#website\"},\"datePublished\":\"2025-11-16T18:23:07+00:00\",\"dateModified\":\"2025-12-10T21:30:32+00:00\",\"description\":\"Traitement intensif du TOC \u00e0 Barcelone : programme individuel VIP de 3 ou 5 jours pour apaiser les obsessions, r\u00e9duire l\u2019anxi\u00e9t\u00e9, etc.\",\"breadcrumb\":{\"@id\":\"https:\\\/\\\/damianruiz.eu\\\/fr\\\/troubles-obsessionnels\\\/#breadcrumb\"},\"inLanguage\":\"fr-FR\",\"potentialAction\":[{\"@type\":\"ReadAction\",\"target\":[\"https:\\\/\\\/damianruiz.eu\\\/fr\\\/troubles-obsessionnels\\\/\"]}]},{\"@type\":\"BreadcrumbList\",\"@id\":\"https:\\\/\\\/damianruiz.eu\\\/fr\\\/troubles-obsessionnels\\\/#breadcrumb\",\"itemListElement\":[{\"@type\":\"ListItem\",\"position\":1,\"name\":\"Portada\",\"item\":\"https:\\\/\\\/damianruiz.eu\\\/fr\\\/\"},{\"@type\":\"ListItem\",\"position\":2,\"name\":\"Traitement psychologique des troubles obsessionnels : retrouver son essence\"}]},{\"@type\":\"WebSite\",\"@id\":\"https:\\\/\\\/damianruiz.eu\\\/#website\",\"url\":\"https:\\\/\\\/damianruiz.eu\\\/\",\"name\":\"Dami\u00e1n Ruiz\",\"description\":\"Licenciado y Postgraduado en Psicolog\u00eda por la Universidad de Barcelona.\",\"publisher\":{\"@id\":\"https:\\\/\\\/damianruiz.eu\\\/#organization\"},\"potentialAction\":[{\"@type\":\"SearchAction\",\"target\":{\"@type\":\"EntryPoint\",\"urlTemplate\":\"https:\\\/\\\/damianruiz.eu\\\/?s={search_term_string}\"},\"query-input\":{\"@type\":\"PropertyValueSpecification\",\"valueRequired\":true,\"valueName\":\"search_term_string\"}}],\"inLanguage\":\"fr-FR\"},{\"@type\":\"Organization\",\"@id\":\"https:\\\/\\\/damianruiz.eu\\\/#organization\",\"name\":\"Dami\u00e1n Ruiz\",\"url\":\"https:\\\/\\\/damianruiz.eu\\\/\",\"logo\":{\"@type\":\"ImageObject\",\"inLanguage\":\"fr-FR\",\"@id\":\"https:\\\/\\\/damianruiz.eu\\\/#\\\/schema\\\/logo\\\/image\\\/\",\"url\":\"https:\\\/\\\/damianruiz.eu\\\/wp-content\\\/uploads\\\/2024\\\/04\\\/cropped-logo-2024-damian-ruiz-233.png\",\"contentUrl\":\"https:\\\/\\\/damianruiz.eu\\\/wp-content\\\/uploads\\\/2024\\\/04\\\/cropped-logo-2024-damian-ruiz-233.png\",\"width\":233,\"height\":60,\"caption\":\"Dami\u00e1n Ruiz\"},\"image\":{\"@id\":\"https:\\\/\\\/damianruiz.eu\\\/#\\\/schema\\\/logo\\\/image\\\/\"}}]}<\/script>\n<!-- \/ Yoast SEO plugin. -->","yoast_head_json":{"title":"Traitement intensif du TOC \u00e0 Barcelone | Th\u00e9rapie individuelle VIP","description":"Traitement intensif du TOC \u00e0 Barcelone : programme individuel VIP de 3 ou 5 jours pour apaiser les obsessions, r\u00e9duire l\u2019anxi\u00e9t\u00e9, etc.","robots":{"index":"index","follow":"follow","max-snippet":"max-snippet:-1","max-image-preview":"max-image-preview:large","max-video-preview":"max-video-preview:-1"},"canonical":"https:\/\/damianruiz.eu\/fr\/troubles-obsessionnels\/","og_locale":"fr_FR","og_type":"article","og_title":"Traitement intensif du TOC \u00e0 Barcelone | Th\u00e9rapie individuelle VIP","og_description":"Traitement intensif du TOC \u00e0 Barcelone : programme individuel VIP de 3 ou 5 jours pour apaiser les obsessions, r\u00e9duire l\u2019anxi\u00e9t\u00e9, etc.","og_url":"https:\/\/damianruiz.eu\/fr\/troubles-obsessionnels\/","og_site_name":"Dami\u00e1n Ruiz","article_modified_time":"2025-12-10T21:30:32+00:00","twitter_card":"summary_large_image","twitter_misc":{"Dur\u00e9e de lecture estim\u00e9e":"5 minutes"},"schema":{"@context":"https:\/\/schema.org","@graph":[{"@type":"WebPage","@id":"https:\/\/damianruiz.eu\/fr\/troubles-obsessionnels\/","url":"https:\/\/damianruiz.eu\/fr\/troubles-obsessionnels\/","name":"Traitement intensif du TOC \u00e0 Barcelone | Th\u00e9rapie individuelle VIP","isPartOf":{"@id":"https:\/\/damianruiz.eu\/#website"},"datePublished":"2025-11-16T18:23:07+00:00","dateModified":"2025-12-10T21:30:32+00:00","description":"Traitement intensif du TOC \u00e0 Barcelone : programme individuel VIP de 3 ou 5 jours pour apaiser les obsessions, r\u00e9duire l\u2019anxi\u00e9t\u00e9, etc.","breadcrumb":{"@id":"https:\/\/damianruiz.eu\/fr\/troubles-obsessionnels\/#breadcrumb"},"inLanguage":"fr-FR","potentialAction":[{"@type":"ReadAction","target":["https:\/\/damianruiz.eu\/fr\/troubles-obsessionnels\/"]}]},{"@type":"BreadcrumbList","@id":"https:\/\/damianruiz.eu\/fr\/troubles-obsessionnels\/#breadcrumb","itemListElement":[{"@type":"ListItem","position":1,"name":"Portada","item":"https:\/\/damianruiz.eu\/fr\/"},{"@type":"ListItem","position":2,"name":"Traitement psychologique des troubles obsessionnels : retrouver son essence"}]},{"@type":"WebSite","@id":"https:\/\/damianruiz.eu\/#website","url":"https:\/\/damianruiz.eu\/","name":"Dami\u00e1n Ruiz","description":"Licenciado y Postgraduado en Psicolog\u00eda por la Universidad de Barcelona.","publisher":{"@id":"https:\/\/damianruiz.eu\/#organization"},"potentialAction":[{"@type":"SearchAction","target":{"@type":"EntryPoint","urlTemplate":"https:\/\/damianruiz.eu\/?s={search_term_string}"},"query-input":{"@type":"PropertyValueSpecification","valueRequired":true,"valueName":"search_term_string"}}],"inLanguage":"fr-FR"},{"@type":"Organization","@id":"https:\/\/damianruiz.eu\/#organization","name":"Dami\u00e1n Ruiz","url":"https:\/\/damianruiz.eu\/","logo":{"@type":"ImageObject","inLanguage":"fr-FR","@id":"https:\/\/damianruiz.eu\/#\/schema\/logo\/image\/","url":"https:\/\/damianruiz.eu\/wp-content\/uploads\/2024\/04\/cropped-logo-2024-damian-ruiz-233.png","contentUrl":"https:\/\/damianruiz.eu\/wp-content\/uploads\/2024\/04\/cropped-logo-2024-damian-ruiz-233.png","width":233,"height":60,"caption":"Dami\u00e1n Ruiz"},"image":{"@id":"https:\/\/damianruiz.eu\/#\/schema\/logo\/image\/"}}]}},"uagb_featured_image_src":{"full":false,"thumbnail":false,"medium":false,"medium_large":false,"large":false,"1536x1536":false,"2048x2048":false},"uagb_author_info":{"display_name":"mguad","author_link":"https:\/\/damianruiz.eu\/fr\/author\/mguad\/"},"uagb_comment_info":0,"uagb_excerpt":"[vc_row][vc_column][vc_column_text] Dami\u00e1n Ruiz Il y a presque vingt ans, lorsqu\u2019un jeune homme est apparu dans mon cabinet priv\u00e9 de Barcelone [&hellip;]","_links":{"self":[{"href":"https:\/\/damianruiz.eu\/fr\/wp-json\/wp\/v2\/pages\/3464","targetHints":{"allow":["GET"]}}],"collection":[{"href":"https:\/\/damianruiz.eu\/fr\/wp-json\/wp\/v2\/pages"}],"about":[{"href":"https:\/\/damianruiz.eu\/fr\/wp-json\/wp\/v2\/types\/page"}],"author":[{"embeddable":true,"href":"https:\/\/damianruiz.eu\/fr\/wp-json\/wp\/v2\/users\/6"}],"replies":[{"embeddable":true,"href":"https:\/\/damianruiz.eu\/fr\/wp-json\/wp\/v2\/comments?post=3464"}],"version-history":[{"count":8,"href":"https:\/\/damianruiz.eu\/fr\/wp-json\/wp\/v2\/pages\/3464\/revisions"}],"predecessor-version":[{"id":3518,"href":"https:\/\/damianruiz.eu\/fr\/wp-json\/wp\/v2\/pages\/3464\/revisions\/3518"}],"wp:attachment":[{"href":"https:\/\/damianruiz.eu\/fr\/wp-json\/wp\/v2\/media?parent=3464"}],"curies":[{"name":"wp","href":"https:\/\/api.w.org\/{rel}","templated":true}]}}