{"id":3469,"date":"2025-11-16T18:35:17","date_gmt":"2025-11-16T18:35:17","guid":{"rendered":"https:\/\/damianruiz.eu\/?page_id=3469"},"modified":"2025-11-16T18:35:17","modified_gmt":"2025-11-16T18:35:17","slug":"supervision-clinique-pour-les-psychologues","status":"publish","type":"page","link":"https:\/\/damianruiz.eu\/fr\/supervision-clinique-pour-les-psychologues\/","title":{"rendered":"Supervision clinique pour les psychologues"},"content":{"rendered":"<h1 data-start=\"930\" data-end=\"987\">Supervision clinique de groupe pour psychologues \u00e0 Barcelone<\/h1>\n<p data-start=\"989\" data-end=\"1263\">Je propose des <strong data-start=\"997\" data-end=\"1089\">espaces bimensuels de supervision clinique de groupe pour psychologues \u00e0 Barcelone et en ligne<\/strong>, destin\u00e9s aux professionnels en exercice souhaitant <strong data-start=\"1141\" data-end=\"1175\">enrichir leur pratique clinique<\/strong> et <strong data-start=\"1178\" data-end=\"1212\">r\u00e9fl\u00e9chir \u00e0 des cas r\u00e9els<\/strong> dans un cadre professionnel, \u00e9thique et confidentiel.<\/p>\n<h2 data-start=\"1270\" data-end=\"1311\"><\/h2>\n<h2 data-start=\"1270\" data-end=\"1311\">Comment fonctionne la supervision clinique ?<\/h2>\n<p data-start=\"1313\" data-end=\"1646\">\u00c0 chaque rencontre, les participants proposent les cas qu\u2019ils souhaitent superviser, ce qui permet une <strong data-start=\"1410\" data-end=\"1446\">analyse approfondie et collaborative<\/strong> des situations cliniques.<br data-start=\"1475\" data-end=\"1478\" \/>La <strong data-start=\"1481\" data-end=\"1511\">supervision clinique de groupe<\/strong> est men\u00e9e depuis une <strong data-start=\"1533\" data-end=\"1572\">perspective \u00e9clectique et int\u00e9grative<\/strong>, combinant outils et approches de diff\u00e9rentes \u00e9coles psychologiques.<\/p>\n<p data-start=\"1648\" data-end=\"2015\">Cette approche inclut des influences de <strong data-start=\"1685\" data-end=\"1698\">l\u2019humanisme<\/strong>, de la <strong data-start=\"1703\" data-end=\"1735\">psychologie analytique de Jung<\/strong>, du <strong data-start=\"1740\" data-end=\"1756\">cognitivisme<\/strong> et de la <strong data-start=\"1762\" data-end=\"1782\">th\u00e9orie de Millon<\/strong>, s\u2019adaptant de mani\u00e8re flexible aux besoins de chaque cas.<br data-start=\"1846\" data-end=\"1849\" \/>L\u2019objectif est <strong data-start=\"1864\" data-end=\"1919\">d\u2019aborder les processus th\u00e9rapeutiques de mani\u00e8re globale<\/strong>, en prenant en compte les aspects cognitifs, \u00e9motionnels, interpersonnels et symboliques.<\/p>\n<h2 data-start=\"2022\" data-end=\"2058\"><\/h2>\n<h2 data-start=\"2022\" data-end=\"2058\">Une approche int\u00e9grative et r\u00e9flexive<\/h2>\n<p data-start=\"2060\" data-end=\"2308\">Il ne s\u2019agit pas d\u2019une supervision cognitivo-comportementale, mais d\u2019un <strong data-start=\"2124\" data-end=\"2157\">espace de r\u00e9flexion profonde<\/strong> o\u00f9 les th\u00e9rapeutes peuvent <strong data-start=\"2186\" data-end=\"2209\">r\u00e9viser leur pratique<\/strong>, explorer les transferts, contre-transferts et \u00e9largir leur compr\u00e9hension du processus th\u00e9rapeutique.<\/p>\n<p data-start=\"2310\" data-end=\"2506\">Ce mod\u00e8le de <strong data-start=\"2325\" data-end=\"2364\">supervision clinique pour psychologues<\/strong> vise \u00e0 accompagner le d\u00e9veloppement professionnel du th\u00e9rapeute et \u00e0 renforcer sa s\u00e9curit\u00e9 interne, son regard clinique et sa sensibilit\u00e9 relationnelle.<\/p>\n<h2 data-start=\"2513\" data-end=\"2552\"><\/h2>\n<h2 data-start=\"2513\" data-end=\"2552\">Confidentialit\u00e9 et \u00e9thique professionnelle<\/h2>\n<p data-start=\"2554\" data-end=\"2865\">Tout ce qui est partag\u00e9 pendant la <strong data-start=\"2584\" data-end=\"2614\">supervision clinique de groupe<\/strong> est trait\u00e9 avec <strong data-start=\"2629\" data-end=\"2659\">la plus grande confidentialit\u00e9<\/strong>.<br data-start=\"2660\" data-end=\"2663\" \/>Les cas sont pr\u00e9sent\u00e9s de mani\u00e8re anonyme, prot\u00e9geant toujours l\u2019identit\u00e9 des patients.<br data-start=\"2754\" data-end=\"2757\" \/>Les participants s\u2019engagent \u00e0 maintenir un espace de <strong data-start=\"2815\" data-end=\"2862\">respect, de confidentialit\u00e9 et de responsabilit\u00e9 \u00e9thique<\/strong>.<\/p>\n<h2 data-start=\"2872\" data-end=\"2895\"><\/h2>\n<h2 data-start=\"2872\" data-end=\"2895\">Modalit\u00e9 et horaires<\/h2>\n<p data-start=\"2897\" data-end=\"3167\">\ud83d\udd53 <strong data-start=\"2900\" data-end=\"2915\">Fr\u00e9quence :<\/strong> Un mardi en pr\u00e9sentiel et un mardi en ligne (via Zoom), en alternance toutes les deux semaines.<br data-start=\"2994\" data-end=\"2997\" \/>\ud83d\udccd <strong data-start=\"3000\" data-end=\"3010\">Lieu :<\/strong> Guitard, 45, 3\u00ba \u2013 08014 Barcelone.<br data-start=\"3045\" data-end=\"3048\" \/>\ud83d\udc65 <strong data-start=\"3051\" data-end=\"3075\">Groupes en pr\u00e9sentiel :<\/strong> Jusqu\u2019\u00e0 15 participants.<br data-start=\"3099\" data-end=\"3102\" \/>\ud83d\udcbb <strong data-start=\"3105\" data-end=\"3123\">Groupes en ligne :<\/strong> Jusqu\u2019\u00e0 10 participants.<br data-start=\"3147\" data-end=\"3150\" \/>\ud83d\udcb0 <strong data-start=\"3153\" data-end=\"3165\">Tarifs :<\/strong><\/p>\n<ul data-start=\"3168\" data-end=\"3229\">\n<li data-start=\"3168\" data-end=\"3195\">\n<p data-start=\"3170\" data-end=\"3195\">Prix par s\u00e9ance : 50 \u20ac<\/p>\n<\/li>\n<li data-start=\"3196\" data-end=\"3229\">\n<p data-start=\"3198\" data-end=\"3229\">Forfait de cinq s\u00e9ances : 200 \u20ac<\/p>\n<\/li>\n<\/ul>\n<h2 data-start=\"3236\" data-end=\"3287\"><\/h2>\n<h2 data-start=\"3236\" data-end=\"3287\">Pourquoi participer \u00e0 cette supervision clinique ?<\/h2>\n<p data-start=\"3289\" data-end=\"3598\">Cet espace est con\u00e7u pour offrir une <strong data-start=\"3333\" data-end=\"3368\">supervision clinique int\u00e9grative<\/strong>, combinant diff\u00e9rentes courants psychologiques afin d\u2019aborder les cas de mani\u00e8re holistique.<br data-start=\"3465\" data-end=\"3468\" \/>L\u2019objectif est de <strong data-start=\"3483\" data-end=\"3524\">approfondir le processus th\u00e9rapeutique<\/strong> et de <strong data-start=\"3527\" data-end=\"3577\">favoriser le d\u00e9veloppement personnel et professionnel<\/strong> de chaque th\u00e9rapeute.<\/p>\n<h2 data-start=\"3605\" data-end=\"3634\">Plus d\u2019informations et contact<\/h2>\n<p data-start=\"3636\" data-end=\"3789\">Si vous souhaitez en savoir plus sur <strong data-start=\"3675\" data-end=\"3698\">l\u2019approche th\u00e9rapeutique<\/strong> de Dami\u00e1n Ruiz ou d\u00e9couvrir les <strong data-start=\"3728\" data-end=\"3770\">traitements psychologiques individuels<\/strong>, vous pouvez visiter :<\/p>\n<ul data-start=\"3790\" data-end=\"3949\">\n<li data-start=\"3790\" data-end=\"3863\">\n<p data-start=\"3792\" data-end=\"3863\"><a class=\"decorated-link cursor-pointer\" target=\"_new\" rel=\"noopener\" data-start=\"3792\" data-end=\"3861\">Approche th\u00e9rapeutique<\/a><\/p>\n<\/li>\n<li data-start=\"3864\" data-end=\"3949\">\n<p data-start=\"3866\" data-end=\"3949\"><a class=\"decorated-link cursor-pointer\" target=\"_new\" rel=\"noopener\" data-start=\"3866\" data-end=\"3947\">Traitements psychologiques<\/a><\/p>\n<\/li>\n<\/ul>\n<p data-start=\"3951\" data-end=\"4100\">Vous pouvez \u00e9galement en savoir plus sur la supervision clinique aupr\u00e8s de la <a class=\"decorated-link cursor-pointer\" target=\"_new\" rel=\"noopener\" data-start=\"4015\" data-end=\"4099\">F\u00e9d\u00e9ration Espagnole des Associations de Psychoth\u00e9rapeutes (FEAP)<\/a>.<\/p>\n<p data-start=\"4125\" data-end=\"4435\">La <strong data-start=\"4128\" data-end=\"4187\">supervision clinique de groupe pour psychologues \u00e0 Barcelone<\/strong> est une opportunit\u00e9 d\u2019\u00e9change, d\u2019apprentissage et de croissance.<br data-start=\"4247\" data-end=\"4250\" \/>Un espace o\u00f9 chaque th\u00e9rapeute peut <strong data-start=\"4288\" data-end=\"4321\">r\u00e9fl\u00e9chir \u00e0 sa pratique<\/strong>, se nourrir du travail partag\u00e9 et renforcer son identit\u00e9 professionnelle avec une approche profonde et int\u00e9grative.<\/p>\n","protected":false},"excerpt":{"rendered":"<p>Supervision clinique de groupe pour psychologues \u00e0 Barcelone Je propose des espaces bimensuels de supervision clinique de groupe pour psychologues [&hellip;]<\/p>\n","protected":false},"author":6,"featured_media":0,"parent":0,"menu_order":0,"comment_status":"closed","ping_status":"closed","template":"","meta":{"_uag_custom_page_level_css":"","site-sidebar-layout":"default","site-content-layout":"","ast-site-content-layout":"default","site-content-style":"default","site-sidebar-style":"default","ast-global-header-display":"","ast-banner-title-visibility":"","ast-main-header-display":"","ast-hfb-above-header-display":"","ast-hfb-below-header-display":"","ast-hfb-mobile-header-display":"","site-post-title":"","ast-breadcrumbs-content":"","ast-featured-img":"","footer-sml-layout":"","theme-transparent-header-meta":"default","adv-header-id-meta":"","stick-header-meta":"","header-above-stick-meta":"","header-main-stick-meta":"","header-below-stick-meta":"","astra-migrate-meta-layouts":"set","ast-page-background-enabled":"default","ast-page-background-meta":{"desktop":{"background-color":"var(--ast-global-color-4)","background-image":"","background-repeat":"repeat","background-position":"center center","background-size":"auto","background-attachment":"scroll","background-type":"","background-media":"","overlay-type":"","overlay-color":"","overlay-opacity":"","overlay-gradient":""},"tablet":{"background-color":"","background-image":"","background-repeat":"repeat","background-position":"center center","background-size":"auto","background-attachment":"scroll","background-type":"","background-media":"","overlay-type":"","overlay-color":"","overlay-opacity":"","overlay-gradient":""},"mobile":{"background-color":"","background-image":"","background-repeat":"repeat","background-position":"center center","background-size":"auto","background-attachment":"scroll","background-type":"","background-media":"","overlay-type":"","overlay-color":"","overlay-opacity":"","overlay-gradient":""}},"ast-content-background-meta":{"desktop":{"background-color":"var(--ast-global-color-5)","background-image":"","background-repeat":"repeat","background-position":"center center","background-size":"auto","background-attachment":"scroll","background-type":"","background-media":"","overlay-type":"","overlay-color":"","overlay-opacity":"","overlay-gradient":""},"tablet":{"background-color":"var(--ast-global-color-5)","background-image":"","background-repeat":"repeat","background-position":"center center","background-size":"auto","background-attachment":"scroll","background-type":"","background-media":"","overlay-type":"","overlay-color":"","overlay-opacity":"","overlay-gradient":""},"mobile":{"background-color":"var(--ast-global-color-5)","background-image":"","background-repeat":"repeat","background-position":"center center","background-size":"auto","background-attachment":"scroll","background-type":"","background-media":"","overlay-type":"","overlay-color":"","overlay-opacity":"","overlay-gradient":""}},"footnotes":""},"class_list":["post-3469","page","type-page","status-publish","hentry"],"yoast_head":"<!-- This site is optimized with the Yoast SEO plugin v27.5 - https:\/\/yoast.com\/product\/yoast-seo-wordpress\/ -->\n<title>Supervision clinique de groupe pour psychologues \u00e0 Barcelone<\/title>\n<meta name=\"description\" content=\"Supervision clinique de groupe pour psychologues \u00e0 Barcelone et en ligne. Espaces bimensuels pour analyser des cas r\u00e9els\" \/>\n<meta name=\"robots\" content=\"index, follow, max-snippet:-1, max-image-preview:large, max-video-preview:-1\" \/>\n<link rel=\"canonical\" href=\"https:\/\/damianruiz.eu\/fr\/supervision-clinique-pour-les-psychologues\/\" \/>\n<meta property=\"og:locale\" content=\"fr_FR\" \/>\n<meta property=\"og:type\" content=\"article\" \/>\n<meta property=\"og:title\" content=\"Supervision clinique de groupe pour psychologues \u00e0 Barcelone\" \/>\n<meta property=\"og:description\" content=\"Supervision clinique de groupe pour psychologues \u00e0 Barcelone et en ligne. Espaces bimensuels pour analyser des cas r\u00e9els\" \/>\n<meta property=\"og:url\" content=\"https:\/\/damianruiz.eu\/fr\/supervision-clinique-pour-les-psychologues\/\" \/>\n<meta property=\"og:site_name\" content=\"Dami\u00e1n Ruiz\" \/>\n<meta name=\"twitter:card\" content=\"summary_large_image\" \/>\n<meta name=\"twitter:label1\" content=\"Dur\u00e9e de lecture estim\u00e9e\" \/>\n\t<meta name=\"twitter:data1\" content=\"3 minutes\" \/>\n<script type=\"application\/ld+json\" class=\"yoast-schema-graph\">{\"@context\":\"https:\\\/\\\/schema.org\",\"@graph\":[{\"@type\":\"WebPage\",\"@id\":\"https:\\\/\\\/damianruiz.eu\\\/fr\\\/supervision-clinique-pour-les-psychologues\\\/\",\"url\":\"https:\\\/\\\/damianruiz.eu\\\/fr\\\/supervision-clinique-pour-les-psychologues\\\/\",\"name\":\"Supervision clinique de groupe pour psychologues \u00e0 Barcelone\",\"isPartOf\":{\"@id\":\"https:\\\/\\\/damianruiz.eu\\\/#website\"},\"datePublished\":\"2025-11-16T18:35:17+00:00\",\"description\":\"Supervision clinique de groupe pour psychologues \u00e0 Barcelone et en ligne. Espaces bimensuels pour analyser des cas r\u00e9els\",\"breadcrumb\":{\"@id\":\"https:\\\/\\\/damianruiz.eu\\\/fr\\\/supervision-clinique-pour-les-psychologues\\\/#breadcrumb\"},\"inLanguage\":\"fr-FR\",\"potentialAction\":[{\"@type\":\"ReadAction\",\"target\":[\"https:\\\/\\\/damianruiz.eu\\\/fr\\\/supervision-clinique-pour-les-psychologues\\\/\"]}]},{\"@type\":\"BreadcrumbList\",\"@id\":\"https:\\\/\\\/damianruiz.eu\\\/fr\\\/supervision-clinique-pour-les-psychologues\\\/#breadcrumb\",\"itemListElement\":[{\"@type\":\"ListItem\",\"position\":1,\"name\":\"Portada\",\"item\":\"https:\\\/\\\/damianruiz.eu\\\/fr\\\/\"},{\"@type\":\"ListItem\",\"position\":2,\"name\":\"Supervision clinique pour les psychologues\"}]},{\"@type\":\"WebSite\",\"@id\":\"https:\\\/\\\/damianruiz.eu\\\/#website\",\"url\":\"https:\\\/\\\/damianruiz.eu\\\/\",\"name\":\"Dami\u00e1n Ruiz\",\"description\":\"Licenciado y Postgraduado en Psicolog\u00eda por la Universidad de Barcelona.\",\"publisher\":{\"@id\":\"https:\\\/\\\/damianruiz.eu\\\/#organization\"},\"potentialAction\":[{\"@type\":\"SearchAction\",\"target\":{\"@type\":\"EntryPoint\",\"urlTemplate\":\"https:\\\/\\\/damianruiz.eu\\\/?s={search_term_string}\"},\"query-input\":{\"@type\":\"PropertyValueSpecification\",\"valueRequired\":true,\"valueName\":\"search_term_string\"}}],\"inLanguage\":\"fr-FR\"},{\"@type\":\"Organization\",\"@id\":\"https:\\\/\\\/damianruiz.eu\\\/#organization\",\"name\":\"Dami\u00e1n Ruiz\",\"url\":\"https:\\\/\\\/damianruiz.eu\\\/\",\"logo\":{\"@type\":\"ImageObject\",\"inLanguage\":\"fr-FR\",\"@id\":\"https:\\\/\\\/damianruiz.eu\\\/#\\\/schema\\\/logo\\\/image\\\/\",\"url\":\"https:\\\/\\\/damianruiz.eu\\\/wp-content\\\/uploads\\\/2024\\\/04\\\/cropped-logo-2024-damian-ruiz-233.png\",\"contentUrl\":\"https:\\\/\\\/damianruiz.eu\\\/wp-content\\\/uploads\\\/2024\\\/04\\\/cropped-logo-2024-damian-ruiz-233.png\",\"width\":233,\"height\":60,\"caption\":\"Dami\u00e1n Ruiz\"},\"image\":{\"@id\":\"https:\\\/\\\/damianruiz.eu\\\/#\\\/schema\\\/logo\\\/image\\\/\"}}]}<\/script>\n<!-- \/ Yoast SEO plugin. -->","yoast_head_json":{"title":"Supervision clinique de groupe pour psychologues \u00e0 Barcelone","description":"Supervision clinique de groupe pour psychologues \u00e0 Barcelone et en ligne. Espaces bimensuels pour analyser des cas r\u00e9els","robots":{"index":"index","follow":"follow","max-snippet":"max-snippet:-1","max-image-preview":"max-image-preview:large","max-video-preview":"max-video-preview:-1"},"canonical":"https:\/\/damianruiz.eu\/fr\/supervision-clinique-pour-les-psychologues\/","og_locale":"fr_FR","og_type":"article","og_title":"Supervision clinique de groupe pour psychologues \u00e0 Barcelone","og_description":"Supervision clinique de groupe pour psychologues \u00e0 Barcelone et en ligne. Espaces bimensuels pour analyser des cas r\u00e9els","og_url":"https:\/\/damianruiz.eu\/fr\/supervision-clinique-pour-les-psychologues\/","og_site_name":"Dami\u00e1n Ruiz","twitter_card":"summary_large_image","twitter_misc":{"Dur\u00e9e de lecture estim\u00e9e":"3 minutes"},"schema":{"@context":"https:\/\/schema.org","@graph":[{"@type":"WebPage","@id":"https:\/\/damianruiz.eu\/fr\/supervision-clinique-pour-les-psychologues\/","url":"https:\/\/damianruiz.eu\/fr\/supervision-clinique-pour-les-psychologues\/","name":"Supervision clinique de groupe pour psychologues \u00e0 Barcelone","isPartOf":{"@id":"https:\/\/damianruiz.eu\/#website"},"datePublished":"2025-11-16T18:35:17+00:00","description":"Supervision clinique de groupe pour psychologues \u00e0 Barcelone et en ligne. Espaces bimensuels pour analyser des cas r\u00e9els","breadcrumb":{"@id":"https:\/\/damianruiz.eu\/fr\/supervision-clinique-pour-les-psychologues\/#breadcrumb"},"inLanguage":"fr-FR","potentialAction":[{"@type":"ReadAction","target":["https:\/\/damianruiz.eu\/fr\/supervision-clinique-pour-les-psychologues\/"]}]},{"@type":"BreadcrumbList","@id":"https:\/\/damianruiz.eu\/fr\/supervision-clinique-pour-les-psychologues\/#breadcrumb","itemListElement":[{"@type":"ListItem","position":1,"name":"Portada","item":"https:\/\/damianruiz.eu\/fr\/"},{"@type":"ListItem","position":2,"name":"Supervision clinique pour les psychologues"}]},{"@type":"WebSite","@id":"https:\/\/damianruiz.eu\/#website","url":"https:\/\/damianruiz.eu\/","name":"Dami\u00e1n Ruiz","description":"Licenciado y Postgraduado en Psicolog\u00eda por la Universidad de Barcelona.","publisher":{"@id":"https:\/\/damianruiz.eu\/#organization"},"potentialAction":[{"@type":"SearchAction","target":{"@type":"EntryPoint","urlTemplate":"https:\/\/damianruiz.eu\/?s={search_term_string}"},"query-input":{"@type":"PropertyValueSpecification","valueRequired":true,"valueName":"search_term_string"}}],"inLanguage":"fr-FR"},{"@type":"Organization","@id":"https:\/\/damianruiz.eu\/#organization","name":"Dami\u00e1n Ruiz","url":"https:\/\/damianruiz.eu\/","logo":{"@type":"ImageObject","inLanguage":"fr-FR","@id":"https:\/\/damianruiz.eu\/#\/schema\/logo\/image\/","url":"https:\/\/damianruiz.eu\/wp-content\/uploads\/2024\/04\/cropped-logo-2024-damian-ruiz-233.png","contentUrl":"https:\/\/damianruiz.eu\/wp-content\/uploads\/2024\/04\/cropped-logo-2024-damian-ruiz-233.png","width":233,"height":60,"caption":"Dami\u00e1n Ruiz"},"image":{"@id":"https:\/\/damianruiz.eu\/#\/schema\/logo\/image\/"}}]}},"uagb_featured_image_src":{"full":false,"thumbnail":false,"medium":false,"medium_large":false,"large":false,"1536x1536":false,"2048x2048":false},"uagb_author_info":{"display_name":"mguad","author_link":"https:\/\/damianruiz.eu\/fr\/author\/mguad\/"},"uagb_comment_info":0,"uagb_excerpt":"Supervision clinique de groupe pour psychologues \u00e0 Barcelone Je propose des espaces bimensuels de supervision clinique de groupe pour psychologues [&hellip;]","_links":{"self":[{"href":"https:\/\/damianruiz.eu\/fr\/wp-json\/wp\/v2\/pages\/3469","targetHints":{"allow":["GET"]}}],"collection":[{"href":"https:\/\/damianruiz.eu\/fr\/wp-json\/wp\/v2\/pages"}],"about":[{"href":"https:\/\/damianruiz.eu\/fr\/wp-json\/wp\/v2\/types\/page"}],"author":[{"embeddable":true,"href":"https:\/\/damianruiz.eu\/fr\/wp-json\/wp\/v2\/users\/6"}],"replies":[{"embeddable":true,"href":"https:\/\/damianruiz.eu\/fr\/wp-json\/wp\/v2\/comments?post=3469"}],"version-history":[{"count":2,"href":"https:\/\/damianruiz.eu\/fr\/wp-json\/wp\/v2\/pages\/3469\/revisions"}],"predecessor-version":[{"id":3471,"href":"https:\/\/damianruiz.eu\/fr\/wp-json\/wp\/v2\/pages\/3469\/revisions\/3471"}],"wp:attachment":[{"href":"https:\/\/damianruiz.eu\/fr\/wp-json\/wp\/v2\/media?parent=3469"}],"curies":[{"name":"wp","href":"https:\/\/api.w.org\/{rel}","templated":true}]}}