{"id":3906,"date":"2026-03-14T19:15:49","date_gmt":"2026-03-14T19:15:49","guid":{"rendered":"https:\/\/damianruiz.eu\/?page_id=3906"},"modified":"2026-03-14T19:15:49","modified_gmt":"2026-03-14T19:15:49","slug":"a-propos-de-moi","status":"publish","type":"page","link":"https:\/\/damianruiz.eu\/fr\/a-propos-de-moi\/","title":{"rendered":"A propos de moi"},"content":{"rendered":"<h2><span style=\"font-weight: 400;\">Dami\u00e1n Ruiz<\/span><\/h2>\n<p><span style=\"font-weight: 400;\"><img decoding=\"async\" class=\"alignnone wp-image-1927 size-medium\" src=\"https:\/\/damianruiz.eu\/wp-content\/uploads\/2024\/03\/damian-portada-300x159.jpg\" alt=\"\" width=\"300\" height=\"159\" srcset=\"https:\/\/damianruiz.eu\/wp-content\/uploads\/2024\/03\/damian-portada-300x159.jpg 300w, https:\/\/damianruiz.eu\/wp-content\/uploads\/2024\/03\/damian-portada-1024x542.jpg 1024w, https:\/\/damianruiz.eu\/wp-content\/uploads\/2024\/03\/damian-portada-768x407.jpg 768w, https:\/\/damianruiz.eu\/wp-content\/uploads\/2024\/03\/damian-portada-1536x814.jpg 1536w, https:\/\/damianruiz.eu\/wp-content\/uploads\/2024\/03\/damian-portada-2048x1085.jpg 2048w\" sizes=\"(max-width: 300px) 100vw, 300px\" \/><\/span><\/p>\n<p><span style=\"font-weight: 400;\">Je suis n\u00e9e \u00e0 Barcelone (Catalogne-Espagne) en 1964.<\/span><\/p>\n<p><span style=\"font-weight: 400;\">Je suis titulaire d&rsquo;une licence en psychologie, d&rsquo;un dipl\u00f4me de troisi\u00e8me cycle en \u00e9valuation et diagnostic psychologiques en milieu hospitalier et d&rsquo;un master en psychologie analytique de l&rsquo;Universit\u00e9 Ram\u00f3n Llull de Barcelone.<\/span><\/p>\n<p><span style=\"font-weight: 400;\">J&rsquo;ai une formation d&rsquo;analyste jungien, je suis membre de l&rsquo;Institut Jung de Barcelone et de l&rsquo;IAAP (Association internationale de psychologie analytique).<\/span><\/p>\n<p><span style=\"font-weight: 400;\">J&rsquo;ai \u00e9t\u00e9 professeur associ\u00e9 \u00e0 la Facult\u00e9 de psychologie de l&rsquo;Universit\u00e9 de Barcelone et je suis charg\u00e9 de cours dans le cadre de cours de troisi\u00e8me cycle et de ma\u00eetrise li\u00e9s \u00e0 la psychologie analytique (jungienne).<\/span><\/p>\n<p><span style=\"font-weight: 400;\">Au cours de mes trente ann\u00e9es de pratique th\u00e9rapeutique, j&rsquo;ai trait\u00e9 des centaines de patients et j&rsquo;ai d\u00e9velopp\u00e9 ma propre m\u00e9thodologie pour le traitement des troubles obsessionnels qui, fondamentalement, est une int\u00e9gration de la ligne jungienne, de principes th\u00e9oriques bas\u00e9s sur l&rsquo;\u00e9thologie, en particulier la primatologie, et d&rsquo;autres sources telles que les th\u00e9ories de Millon et Lowen.<\/span><\/p>\n<p><span style=\"font-weight: 400;\">Les d\u00e9pendances, et en particulier la d\u00e9pendance \u00e0 la coca\u00efne, constituent un autre de mes domaines d&rsquo;activit\u00e9 et je m&rsquo;efforce tout particuli\u00e8rement d&rsquo;amener le patient \u00e0 atteindre un niveau de conscience suffisant pour qu&rsquo;il puisse arr\u00eater sans avoir besoin d&rsquo;une forte volont\u00e9.<\/span><\/p>\n<p><span style=\"font-weight: 400;\">Je m&rsquo;occupe d&rsquo;autres probl\u00e8mes psychopathologiques, tels que la d\u00e9pression ou les troubles de la personnalit\u00e9. En r\u00e9alit\u00e9, je ne m&rsquo;int\u00e9resse qu&rsquo;aux troubles pr\u00e9sentant un certain niveau de complexit\u00e9 ou de gravit\u00e9 d&rsquo;un point de vue th\u00e9rapeutique, et ce d\u00e8s le plus jeune \u00e2ge.<\/span><\/p>\n<p><span style=\"font-weight: 400;\">Ma formation est essentiellement th\u00e9orique. Je m&rsquo;int\u00e9resse \u00e0 la th\u00e9orie jungienne, \u00e0 la primatologie, \u00e0 l&rsquo;\u00e9volution du cerveau, \u00e0 l&rsquo;anthropologie, aux diff\u00e9rentes th\u00e9ories et pratiques cliniques en psychologie qui consid\u00e8rent l&rsquo;inconscient comme un \u00e9l\u00e9ment cl\u00e9 du processus th\u00e9rapeutique, et \u00e0 la biologie. Mais j&rsquo;ai \u00e9galement consacr\u00e9 beaucoup de temps \u00e0 l&rsquo;\u00e9tude et \u00e0 la lecture de diff\u00e9rentes traditions mystiques et religieuses, depuis la Bible, la scolastique de Thomas d&rsquo;Aquin, le Yi King dans sa perspective philosophique, le tao\u00efsme, le bouddhisme et l&rsquo;hindouisme, ainsi que la philosophie occidentale, en particulier celle de Nietzsche.<\/span><\/p>\n<p><span style=\"font-weight: 400;\">J&rsquo;ai une vision transcendantale de l&rsquo;existence, je crois plus \u00e0 la g\u00e9n\u00e9tique qu&rsquo;\u00e0 l&rsquo;environnement et que l&rsquo;inconscient est beaucoup plus puissant que le cerveau, que je consid\u00e8re comme un gestionnaire de la vie quotidienne m\u00fb par des forces psychiques int\u00e9rieures sous-jacentes.<\/span><\/p>\n<p><span style=\"font-weight: 400;\">J&rsquo;ai une perspective rationnelle et logique sur l&rsquo;esprit et l&rsquo;existence humaine, au-del\u00e0 du scientisme r\u00e9ductionniste ou de l&rsquo;\u00e9sot\u00e9risme sp\u00e9culatif. Je crois en la science et je crois aussi aux connaissances ant\u00e9rieures que nos anc\u00eatres ont d\u00e9velopp\u00e9es pour \u00e9voluer tout au long de l&rsquo;histoire.<\/span><\/p>\n<p><span style=\"font-weight: 400;\">Je pense que je combine une vision profonde et analytique de l&rsquo;\u00eatre humain avec une approche pragmatique qui tente d&rsquo;\u00eatre efficace dans les processus th\u00e9rapeutiques des patients avec lesquels je travaille.<\/span><\/p>\n","protected":false},"excerpt":{"rendered":"<p>Dami\u00e1n Ruiz Je suis n\u00e9e \u00e0 Barcelone (Catalogne-Espagne) en 1964. Je suis titulaire d&rsquo;une licence en psychologie, d&rsquo;un dipl\u00f4me de [&hellip;]<\/p>\n","protected":false},"author":6,"featured_media":0,"parent":0,"menu_order":0,"comment_status":"closed","ping_status":"closed","template":"","meta":{"_uag_custom_page_level_css":"","site-sidebar-layout":"default","site-content-layout":"","ast-site-content-layout":"default","site-content-style":"default","site-sidebar-style":"default","ast-global-header-display":"","ast-banner-title-visibility":"","ast-main-header-display":"","ast-hfb-above-header-display":"","ast-hfb-below-header-display":"","ast-hfb-mobile-header-display":"","site-post-title":"disabled","ast-breadcrumbs-content":"","ast-featured-img":"","footer-sml-layout":"","theme-transparent-header-meta":"default","adv-header-id-meta":"","stick-header-meta":"","header-above-stick-meta":"","header-main-stick-meta":"","header-below-stick-meta":"","astra-migrate-meta-layouts":"set","ast-page-background-enabled":"default","ast-page-background-meta":{"desktop":{"background-color":"var(--ast-global-color-4)","background-image":"","background-repeat":"repeat","background-position":"center center","background-size":"auto","background-attachment":"scroll","background-type":"","background-media":"","overlay-type":"","overlay-color":"","overlay-opacity":"","overlay-gradient":""},"tablet":{"background-color":"","background-image":"","background-repeat":"repeat","background-position":"center center","background-size":"auto","background-attachment":"scroll","background-type":"","background-media":"","overlay-type":"","overlay-color":"","overlay-opacity":"","overlay-gradient":""},"mobile":{"background-color":"","background-image":"","background-repeat":"repeat","background-position":"center center","background-size":"auto","background-attachment":"scroll","background-type":"","background-media":"","overlay-type":"","overlay-color":"","overlay-opacity":"","overlay-gradient":""}},"ast-content-background-meta":{"desktop":{"background-color":"var(--ast-global-color-5)","background-image":"","background-repeat":"repeat","background-position":"center center","background-size":"auto","background-attachment":"scroll","background-type":"","background-media":"","overlay-type":"","overlay-color":"","overlay-opacity":"","overlay-gradient":""},"tablet":{"background-color":"var(--ast-global-color-5)","background-image":"","background-repeat":"repeat","background-position":"center center","background-size":"auto","background-attachment":"scroll","background-type":"","background-media":"","overlay-type":"","overlay-color":"","overlay-opacity":"","overlay-gradient":""},"mobile":{"background-color":"var(--ast-global-color-5)","background-image":"","background-repeat":"repeat","background-position":"center center","background-size":"auto","background-attachment":"scroll","background-type":"","background-media":"","overlay-type":"","overlay-color":"","overlay-opacity":"","overlay-gradient":""}},"footnotes":""},"class_list":["post-3906","page","type-page","status-publish","hentry"],"yoast_head":"<!-- This site is optimized with the Yoast SEO plugin v27.4 - https:\/\/yoast.com\/product\/yoast-seo-wordpress\/ -->\n<title>Dami\u00e1n Ruiz | Psychologue et analyste jungien \u00e0 Barcelone<\/title>\n<meta name=\"description\" content=\"Rencontrez Dami\u00e1n Ruiz. Plus de 30 ans d\u2019exp\u00e9rience en th\u00e9rapie psychologique, dans le traitement du TOC, des addictions et dans le d\u00e9veloppement personnel.\" \/>\n<meta name=\"robots\" content=\"index, follow, max-snippet:-1, max-image-preview:large, max-video-preview:-1\" \/>\n<link rel=\"canonical\" href=\"https:\/\/damianruiz.eu\/fr\/a-propos-de-moi\/\" \/>\n<meta property=\"og:locale\" content=\"fr_FR\" \/>\n<meta property=\"og:type\" content=\"article\" \/>\n<meta property=\"og:title\" content=\"Dami\u00e1n Ruiz | Psychologue et analyste jungien \u00e0 Barcelone\" \/>\n<meta property=\"og:description\" content=\"Rencontrez Dami\u00e1n Ruiz. Plus de 30 ans d\u2019exp\u00e9rience en th\u00e9rapie psychologique, dans le traitement du TOC, des addictions et dans le d\u00e9veloppement personnel.\" \/>\n<meta property=\"og:url\" content=\"https:\/\/damianruiz.eu\/fr\/a-propos-de-moi\/\" \/>\n<meta property=\"og:site_name\" content=\"Dami\u00e1n Ruiz\" \/>\n<meta property=\"og:image\" content=\"https:\/\/damianruiz.eu\/wp-content\/uploads\/2024\/03\/damian-portada-scaled.jpg\" \/>\n\t<meta property=\"og:image:width\" content=\"2560\" \/>\n\t<meta property=\"og:image:height\" content=\"1356\" \/>\n\t<meta property=\"og:image:type\" content=\"image\/jpeg\" \/>\n<meta name=\"twitter:card\" content=\"summary_large_image\" \/>\n<meta name=\"twitter:label1\" content=\"Dur\u00e9e de lecture estim\u00e9e\" \/>\n\t<meta name=\"twitter:data1\" content=\"3 minutes\" \/>\n<script type=\"application\/ld+json\" class=\"yoast-schema-graph\">{\"@context\":\"https:\\\/\\\/schema.org\",\"@graph\":[{\"@type\":\"WebPage\",\"@id\":\"https:\\\/\\\/damianruiz.eu\\\/fr\\\/a-propos-de-moi\\\/\",\"url\":\"https:\\\/\\\/damianruiz.eu\\\/fr\\\/a-propos-de-moi\\\/\",\"name\":\"Dami\u00e1n Ruiz | Psychologue et analyste jungien \u00e0 Barcelone\",\"isPartOf\":{\"@id\":\"https:\\\/\\\/damianruiz.eu\\\/#website\"},\"primaryImageOfPage\":{\"@id\":\"https:\\\/\\\/damianruiz.eu\\\/fr\\\/a-propos-de-moi\\\/#primaryimage\"},\"image\":{\"@id\":\"https:\\\/\\\/damianruiz.eu\\\/fr\\\/a-propos-de-moi\\\/#primaryimage\"},\"thumbnailUrl\":\"https:\\\/\\\/damianruiz.eu\\\/wp-content\\\/uploads\\\/2024\\\/03\\\/damian-portada-300x159.jpg\",\"datePublished\":\"2026-03-14T19:15:49+00:00\",\"description\":\"Rencontrez Dami\u00e1n Ruiz. Plus de 30 ans d\u2019exp\u00e9rience en th\u00e9rapie psychologique, dans le traitement du TOC, des addictions et dans le d\u00e9veloppement personnel.\",\"breadcrumb\":{\"@id\":\"https:\\\/\\\/damianruiz.eu\\\/fr\\\/a-propos-de-moi\\\/#breadcrumb\"},\"inLanguage\":\"fr-FR\",\"potentialAction\":[{\"@type\":\"ReadAction\",\"target\":[\"https:\\\/\\\/damianruiz.eu\\\/fr\\\/a-propos-de-moi\\\/\"]}]},{\"@type\":\"ImageObject\",\"inLanguage\":\"fr-FR\",\"@id\":\"https:\\\/\\\/damianruiz.eu\\\/fr\\\/a-propos-de-moi\\\/#primaryimage\",\"url\":\"https:\\\/\\\/damianruiz.eu\\\/wp-content\\\/uploads\\\/2024\\\/03\\\/damian-portada-300x159.jpg\",\"contentUrl\":\"https:\\\/\\\/damianruiz.eu\\\/wp-content\\\/uploads\\\/2024\\\/03\\\/damian-portada-300x159.jpg\"},{\"@type\":\"BreadcrumbList\",\"@id\":\"https:\\\/\\\/damianruiz.eu\\\/fr\\\/a-propos-de-moi\\\/#breadcrumb\",\"itemListElement\":[{\"@type\":\"ListItem\",\"position\":1,\"name\":\"Portada\",\"item\":\"https:\\\/\\\/damianruiz.eu\\\/fr\\\/\"},{\"@type\":\"ListItem\",\"position\":2,\"name\":\"A propos de moi\"}]},{\"@type\":\"WebSite\",\"@id\":\"https:\\\/\\\/damianruiz.eu\\\/#website\",\"url\":\"https:\\\/\\\/damianruiz.eu\\\/\",\"name\":\"Dami\u00e1n Ruiz\",\"description\":\"Licenciado y Postgraduado en Psicolog\u00eda por la Universidad de Barcelona.\",\"publisher\":{\"@id\":\"https:\\\/\\\/damianruiz.eu\\\/#organization\"},\"potentialAction\":[{\"@type\":\"SearchAction\",\"target\":{\"@type\":\"EntryPoint\",\"urlTemplate\":\"https:\\\/\\\/damianruiz.eu\\\/?s={search_term_string}\"},\"query-input\":{\"@type\":\"PropertyValueSpecification\",\"valueRequired\":true,\"valueName\":\"search_term_string\"}}],\"inLanguage\":\"fr-FR\"},{\"@type\":\"Organization\",\"@id\":\"https:\\\/\\\/damianruiz.eu\\\/#organization\",\"name\":\"Dami\u00e1n Ruiz\",\"url\":\"https:\\\/\\\/damianruiz.eu\\\/\",\"logo\":{\"@type\":\"ImageObject\",\"inLanguage\":\"fr-FR\",\"@id\":\"https:\\\/\\\/damianruiz.eu\\\/#\\\/schema\\\/logo\\\/image\\\/\",\"url\":\"https:\\\/\\\/damianruiz.eu\\\/wp-content\\\/uploads\\\/2024\\\/04\\\/cropped-logo-2024-damian-ruiz-233.png\",\"contentUrl\":\"https:\\\/\\\/damianruiz.eu\\\/wp-content\\\/uploads\\\/2024\\\/04\\\/cropped-logo-2024-damian-ruiz-233.png\",\"width\":233,\"height\":60,\"caption\":\"Dami\u00e1n Ruiz\"},\"image\":{\"@id\":\"https:\\\/\\\/damianruiz.eu\\\/#\\\/schema\\\/logo\\\/image\\\/\"}}]}<\/script>\n<!-- \/ Yoast SEO plugin. -->","yoast_head_json":{"title":"Dami\u00e1n Ruiz | Psychologue et analyste jungien \u00e0 Barcelone","description":"Rencontrez Dami\u00e1n Ruiz. Plus de 30 ans d\u2019exp\u00e9rience en th\u00e9rapie psychologique, dans le traitement du TOC, des addictions et dans le d\u00e9veloppement personnel.","robots":{"index":"index","follow":"follow","max-snippet":"max-snippet:-1","max-image-preview":"max-image-preview:large","max-video-preview":"max-video-preview:-1"},"canonical":"https:\/\/damianruiz.eu\/fr\/a-propos-de-moi\/","og_locale":"fr_FR","og_type":"article","og_title":"Dami\u00e1n Ruiz | Psychologue et analyste jungien \u00e0 Barcelone","og_description":"Rencontrez Dami\u00e1n Ruiz. Plus de 30 ans d\u2019exp\u00e9rience en th\u00e9rapie psychologique, dans le traitement du TOC, des addictions et dans le d\u00e9veloppement personnel.","og_url":"https:\/\/damianruiz.eu\/fr\/a-propos-de-moi\/","og_site_name":"Dami\u00e1n Ruiz","og_image":[{"width":2560,"height":1356,"url":"https:\/\/damianruiz.eu\/wp-content\/uploads\/2024\/03\/damian-portada-scaled.jpg","type":"image\/jpeg"}],"twitter_card":"summary_large_image","twitter_misc":{"Dur\u00e9e de lecture estim\u00e9e":"3 minutes"},"schema":{"@context":"https:\/\/schema.org","@graph":[{"@type":"WebPage","@id":"https:\/\/damianruiz.eu\/fr\/a-propos-de-moi\/","url":"https:\/\/damianruiz.eu\/fr\/a-propos-de-moi\/","name":"Dami\u00e1n Ruiz | Psychologue et analyste jungien \u00e0 Barcelone","isPartOf":{"@id":"https:\/\/damianruiz.eu\/#website"},"primaryImageOfPage":{"@id":"https:\/\/damianruiz.eu\/fr\/a-propos-de-moi\/#primaryimage"},"image":{"@id":"https:\/\/damianruiz.eu\/fr\/a-propos-de-moi\/#primaryimage"},"thumbnailUrl":"https:\/\/damianruiz.eu\/wp-content\/uploads\/2024\/03\/damian-portada-300x159.jpg","datePublished":"2026-03-14T19:15:49+00:00","description":"Rencontrez Dami\u00e1n Ruiz. Plus de 30 ans d\u2019exp\u00e9rience en th\u00e9rapie psychologique, dans le traitement du TOC, des addictions et dans le d\u00e9veloppement personnel.","breadcrumb":{"@id":"https:\/\/damianruiz.eu\/fr\/a-propos-de-moi\/#breadcrumb"},"inLanguage":"fr-FR","potentialAction":[{"@type":"ReadAction","target":["https:\/\/damianruiz.eu\/fr\/a-propos-de-moi\/"]}]},{"@type":"ImageObject","inLanguage":"fr-FR","@id":"https:\/\/damianruiz.eu\/fr\/a-propos-de-moi\/#primaryimage","url":"https:\/\/damianruiz.eu\/wp-content\/uploads\/2024\/03\/damian-portada-300x159.jpg","contentUrl":"https:\/\/damianruiz.eu\/wp-content\/uploads\/2024\/03\/damian-portada-300x159.jpg"},{"@type":"BreadcrumbList","@id":"https:\/\/damianruiz.eu\/fr\/a-propos-de-moi\/#breadcrumb","itemListElement":[{"@type":"ListItem","position":1,"name":"Portada","item":"https:\/\/damianruiz.eu\/fr\/"},{"@type":"ListItem","position":2,"name":"A propos de moi"}]},{"@type":"WebSite","@id":"https:\/\/damianruiz.eu\/#website","url":"https:\/\/damianruiz.eu\/","name":"Dami\u00e1n Ruiz","description":"Licenciado y Postgraduado en Psicolog\u00eda por la Universidad de Barcelona.","publisher":{"@id":"https:\/\/damianruiz.eu\/#organization"},"potentialAction":[{"@type":"SearchAction","target":{"@type":"EntryPoint","urlTemplate":"https:\/\/damianruiz.eu\/?s={search_term_string}"},"query-input":{"@type":"PropertyValueSpecification","valueRequired":true,"valueName":"search_term_string"}}],"inLanguage":"fr-FR"},{"@type":"Organization","@id":"https:\/\/damianruiz.eu\/#organization","name":"Dami\u00e1n Ruiz","url":"https:\/\/damianruiz.eu\/","logo":{"@type":"ImageObject","inLanguage":"fr-FR","@id":"https:\/\/damianruiz.eu\/#\/schema\/logo\/image\/","url":"https:\/\/damianruiz.eu\/wp-content\/uploads\/2024\/04\/cropped-logo-2024-damian-ruiz-233.png","contentUrl":"https:\/\/damianruiz.eu\/wp-content\/uploads\/2024\/04\/cropped-logo-2024-damian-ruiz-233.png","width":233,"height":60,"caption":"Dami\u00e1n Ruiz"},"image":{"@id":"https:\/\/damianruiz.eu\/#\/schema\/logo\/image\/"}}]}},"uagb_featured_image_src":{"full":false,"thumbnail":false,"medium":false,"medium_large":false,"large":false,"1536x1536":false,"2048x2048":false},"uagb_author_info":{"display_name":"mguad","author_link":"https:\/\/damianruiz.eu\/fr\/author\/mguad\/"},"uagb_comment_info":0,"uagb_excerpt":"Dami\u00e1n Ruiz Je suis n\u00e9e \u00e0 Barcelone (Catalogne-Espagne) en 1964. Je suis titulaire d&rsquo;une licence en psychologie, d&rsquo;un dipl\u00f4me de [&hellip;]","_links":{"self":[{"href":"https:\/\/damianruiz.eu\/fr\/wp-json\/wp\/v2\/pages\/3906","targetHints":{"allow":["GET"]}}],"collection":[{"href":"https:\/\/damianruiz.eu\/fr\/wp-json\/wp\/v2\/pages"}],"about":[{"href":"https:\/\/damianruiz.eu\/fr\/wp-json\/wp\/v2\/types\/page"}],"author":[{"embeddable":true,"href":"https:\/\/damianruiz.eu\/fr\/wp-json\/wp\/v2\/users\/6"}],"replies":[{"embeddable":true,"href":"https:\/\/damianruiz.eu\/fr\/wp-json\/wp\/v2\/comments?post=3906"}],"version-history":[{"count":1,"href":"https:\/\/damianruiz.eu\/fr\/wp-json\/wp\/v2\/pages\/3906\/revisions"}],"predecessor-version":[{"id":3907,"href":"https:\/\/damianruiz.eu\/fr\/wp-json\/wp\/v2\/pages\/3906\/revisions\/3907"}],"wp:attachment":[{"href":"https:\/\/damianruiz.eu\/fr\/wp-json\/wp\/v2\/media?parent=3906"}],"curies":[{"name":"wp","href":"https:\/\/api.w.org\/{rel}","templated":true}]}}