{"id":723,"date":"2020-08-05T20:58:39","date_gmt":"2020-08-05T20:58:39","guid":{"rendered":"https:\/\/damianruiz.eu\/2024\/?page_id=723"},"modified":"2026-03-06T17:07:18","modified_gmt":"2026-03-06T17:07:18","slug":"home","status":"publish","type":"page","link":"https:\/\/damianruiz.eu\/fr\/","title":{"rendered":"Home"},"content":{"rendered":"<div class=\"wpb-content-wrapper\"><p>[vc_row][vc_column][vc_single_image image=\u00a0\u00bb3765&Prime; img_size=\u00a0\u00bbfull\u00a0\u00bb alignment=\u00a0\u00bbcenter\u00a0\u00bb][\/vc_column][\/vc_row][vc_row][vc_column][vc_empty_space height=\u00a0\u00bb60px\u00a0\u00bb][\/vc_column][\/vc_row][vc_row][vc_column][vc_column_text]<\/p>\n<p style=\"text-align: center;\">Dami\u00e1n Ruiz est psychologue, form\u00e9 \u00e0 l\u2019approche analytique, avec une vaste exp\u00e9rience clinique dans le traitement de probl\u00e9matiques complexes. Son travail repose sur une approche int\u00e9grative et innovante, d\u00e9velopp\u00e9e au fil des ann\u00e9es de pratique, qui combine diff\u00e9rentes \u00e9coles psychologiques appliqu\u00e9es avec discernement clinique et adapt\u00e9es \u00e0 la singularit\u00e9 de chaque personne.<\/p>\n<p style=\"text-align: center;\">Cette approche articule une analyse approfondie de l\u2019histoire personnelle et des dynamiques inconscientes impliqu\u00e9es dans la souffrance, avec des interventions con\u00e7ues pour susciter des exp\u00e9riences \u00e9motionnelles transformatrices dans la vie quotidienne du patient.<\/p>\n<p style=\"text-align: center;\">La th\u00e9rapie s\u2019adresse tant \u00e0 celles et ceux qui, apr\u00e8s de longues difficult\u00e9s, n\u2019ont pas encore trouv\u00e9 de r\u00e9ponse satisfaisante, qu\u2019\u00e0 celles et ceux qui envisagent pour la premi\u00e8re fois un accompagnement psychologique. Dans tous les cas, un espace confidentiel, flexible et orient\u00e9 vers un changement r\u00e9aliste et durable est propos\u00e9, en vue d\u2019une transformation significative dont l\u2019objectif est le d\u00e9passement de la probl\u00e9matique ou du trouble pr\u00e9sent\u00e9 par le patient.<\/p>\n<p>[\/vc_column_text][vc_zigzag el_width=\u00a0\u00bb40&Prime; el_border_width=\u00a0\u00bb10&Prime; css_animation=\u00a0\u00bbfadeInUpBig\u00a0\u00bb][\/vc_column][\/vc_row][vc_row][vc_column width=\u00a0\u00bb2\/3&Prime;][vc_single_image image=\u00a0\u00bb3755&Prime; img_size=\u00a0\u00bbfull\u00a0\u00bb][\/vc_column][vc_column width=\u00a0\u00bb1\/3&Prime;][vc_empty_space height=\u00a0\u00bb15px\u00a0\u00bb][vc_column_text css=\u00a0\u00bb.vc_custom_1772785726644{background-color: #638cbf !important;border-radius: 20px !important;}\u00a0\u00bb el_class=\u00a0\u00bbvc_custom_1713807494236_\u00a0\u00bb]<b>Se comprendre soi-m\u00eame et donner sens \u00e0 sa propre vie.<\/b>[\/vc_column_text][\/vc_column][\/vc_row][vc_row][vc_column][vc_empty_space height=\u00a0\u00bb60px\u00a0\u00bb][\/vc_column][\/vc_row][vc_row][vc_column width=\u00a0\u00bb1\/4&Prime;][vc_empty_space height=\u00a0\u00bb15px\u00a0\u00bb][vc_separator][\/vc_column][vc_column width=\u00a0\u00bb1\/2&Prime;][vc_column_text]<\/p>\n<h2 style=\"text-align: center;\">Livres publi\u00e9s<\/h2>\n<p>[\/vc_column_text][\/vc_column][vc_column width=\u00a0\u00bb1\/4&Prime;][vc_empty_space height=\u00a0\u00bb15px\u00a0\u00bb][vc_separator][\/vc_column][\/vc_row][vc_row][vc_column width=\u00a0\u00bb1\/3&Prime;][vc_column_text]<img fetchpriority=\"high\" decoding=\"async\" class=\"w-full h-auto mx-auto aligncenter\" style=\"font-style: inherit; font-weight: inherit;\" src=\"https:\/\/damianruiz.eu\/wp-content\/uploads\/2021\/12\/61LZW1-ftoS.jpg\" sizes=\"(max-width: 1000px) 100vw, 1000px\" srcset=\"https:\/\/damianruiz.eu\/wp-content\/uploads\/2021\/12\/61LZW1-ftoS.jpg 1000w, https:\/\/damianruiz.eu\/wp-content\/uploads\/2021\/12\/61LZW1-ftoS-200x300.jpg 200w, https:\/\/damianruiz.eu\/wp-content\/uploads\/2021\/12\/61LZW1-ftoS-683x1024.jpg 683w, https:\/\/damianruiz.eu\/wp-content\/uploads\/2021\/12\/61LZW1-ftoS-768x1152.jpg 768w\" alt=\"\" width=\"320\" height=\"480\" \/><\/p>\n<div class=\"book-block\">\n<div class=\"flex flex-wrap py-8 -mx-4 md:py-16\">\n<div class=\"w-full px-4 pt-4 md:w-3\/4 md:pt-0\" style=\"text-align: center;\">\n<article class=\"content-styles\"><a href=\"https:\/\/damianruiz.eu\/fr\/liberer-le-singe-sauver-la-princesse\/\"><b>Liberar al mono, rescatar a la princesa\u00a0<\/b><\/a>(Psicolog\u00eda: Trastornos Obsesivos)<\/article>\n<\/div>\n<\/div>\n<\/div>\n<p>[\/vc_column_text][\/vc_column][vc_column width=\u00a0\u00bb1\/3&Prime;][vc_column_text]<\/p>\n<p style=\"text-align: center;\"><img decoding=\"async\" class=\"alignnone wp-image-2128 size-full\" src=\"https:\/\/damianruiz.eu\/wp-content\/uploads\/2024\/04\/fuerte-libre-y-noble.png\" alt=\"\" width=\"368\" height=\"566\" srcset=\"https:\/\/damianruiz.eu\/wp-content\/uploads\/2024\/04\/fuerte-libre-y-noble.png 368w, https:\/\/damianruiz.eu\/wp-content\/uploads\/2024\/04\/fuerte-libre-y-noble-195x300.png 195w\" sizes=\"(max-width: 368px) 100vw, 368px\" \/><br \/>\n<b><a href=\"https:\/\/damianruiz.eu\/fuerte-libre-y-noble\/\">Fuerte, libre y noble<\/a>\u00a0\u00a0<\/b>(Libro de reflexiones y ejercicios psicol\u00f3gicos de autoconocimiento)<\/p>\n<p>[\/vc_column_text][\/vc_column][vc_column width=\u00a0\u00bb1\/3&Prime;][vc_column_text]<\/p>\n<p style=\"text-align: center;\"><img decoding=\"async\" class=\"w-full h-auto mx-auto aligncenter\" style=\"font-size: 16px; font-style: inherit; font-weight: inherit;\" src=\"https:\/\/damianruiz.eu\/wp-content\/uploads\/2023\/03\/IMG-20230220-WA0015.jpg\" sizes=\"(max-width: 368px) 100vw, 368px\" srcset=\"https:\/\/damianruiz.eu\/wp-content\/uploads\/2023\/03\/IMG-20230220-WA0015.jpg 368w, https:\/\/damianruiz.eu\/wp-content\/uploads\/2023\/03\/IMG-20230220-WA0015-195x300.jpg 195w\" alt=\"\" width=\"368\" height=\"566\" \/><br \/>\n<b><a href=\"https:\/\/damianruiz.eu\/en-la-planta-46-y-diecinueve-relatos-mas\/\">En la planta 46 y diecinueve relatos m\u00e1s<\/a>\u00a0\u00a0<\/b>(Narrativa)<\/p>\n<p>[\/vc_column_text][\/vc_column][\/vc_row][vc_row][vc_column width=\u00a0\u00bb1\/3&Prime;][vc_column_text]<img loading=\"lazy\" decoding=\"async\" class=\"wp-image-388 size-full aligncenter\" src=\"https:\/\/damianruiz.eu\/wp-content\/uploads\/2020\/08\/libro-como-dejar-la-cocaina.jpg\" alt=\"\" width=\"457\" height=\"700\" srcset=\"https:\/\/damianruiz.eu\/wp-content\/uploads\/2020\/08\/libro-como-dejar-la-cocaina.jpg 457w, https:\/\/damianruiz.eu\/wp-content\/uploads\/2020\/08\/libro-como-dejar-la-cocaina-196x300.jpg 196w\" sizes=\"(max-width: 457px) 100vw, 457px\" \/><\/p>\n<p style=\"text-align: center;\">C\u00f3mo dejar la coca\u00edna (Psicolog\u00eda: Adicciones)<\/p>\n<p>[\/vc_column_text][\/vc_column][vc_column width=\u00a0\u00bb1\/3&Prime;][\/vc_column][\/vc_row][vc_row][vc_column][vc_empty_space height=\u00a0\u00bb60px\u00a0\u00bb][\/vc_column][\/vc_row][vc_row][vc_column width=\u00a0\u00bb1\/4&Prime;][vc_empty_space height=\u00a0\u00bb15px\u00a0\u00bb][vc_separator][\/vc_column][vc_column width=\u00a0\u00bb1\/2&Prime;][vc_column_text]<\/p>\n<h2 style=\"text-align: center;\">Derni\u00e8res entr\u00e9es<\/h2>\n<p>[\/vc_column_text][\/vc_column][vc_column width=\u00a0\u00bb1\/4&Prime;][vc_empty_space height=\u00a0\u00bb15px\u00a0\u00bb][vc_separator][\/vc_column][\/vc_row][vc_row][vc_column][vc_basic_grid post_type=\u00a0\u00bbpost\u00a0\u00bb max_items=\u00a0\u00bb4&Prime; style=\u00a0\u00bbload-more\u00a0\u00bb element_width=\u00a0\u00bb3&Prime; item=\u00a0\u00bbmediaGrid_SlideInTitle\u00a0\u00bb grid_id=\u00a0\u00bbvc_gid:1772816780339-8222754f-1832-6&Prime;][\/vc_column][\/vc_row][vc_row][vc_column][vc_zigzag el_width=\u00a0\u00bb40&Prime; el_border_width=\u00a0\u00bb10&Prime; css_animation=\u00a0\u00bbfadeInUpBig\u00a0\u00bb][\/vc_column][\/vc_row][vc_row][vc_column css=\u00a0\u00bb.vc_custom_1713803954855{background-image: url(https:\/\/damianruiz.eu\/wp-content\/uploads\/2024\/04\/bg-footer.png?id=2204) !important;background-position: 0 0 !important;background-repeat: no-repeat !important;border-radius: 20px !important;}\u00a0\u00bb][vc_empty_space height=\u00a0\u00bb10px\u00a0\u00bb][vc_column_text]<span style=\"color: #ffffff;\">Pour plus d\u2019informations, veuillez nous contacter.<\/span><\/p>\n<h4 style=\"text-align: center;\"><span style=\"color: #ffffff;\"><a style=\"color: #ffffff;\" href=\"tel:+34669868814\" target=\"_blank\" rel=\"noopener\"><i class=\"fas fa-phone-alt\"><\/i> +34 669868814<\/a><\/span><\/h4>\n<h4 style=\"text-align: center;\"><span style=\"color: #ffffff;\">Barcelona et en ligne<\/span><\/h4>\n<h5 style=\"text-align: center; color: #ffffff;\"><\/h5>\n<p>[\/vc_column_text][vc_empty_space height=\u00a0\u00bb20px\u00a0\u00bb][vc_icon icon_fontawesome=\u00a0\u00bbfas fa-envelope-open\u00a0\u00bb el_class=\u00a0\u00bbhidden\u00a0\u00bb][\/vc_column][\/vc_row]<\/p>\n<\/div>","protected":false},"excerpt":{"rendered":"<p>[vc_row][vc_column][vc_single_image image=\u00a0\u00bb3765&Prime; img_size=\u00a0\u00bbfull\u00a0\u00bb alignment=\u00a0\u00bbcenter\u00a0\u00bb][\/vc_column][\/vc_row][vc_row][vc_column][vc_empty_space height=\u00a0\u00bb60px\u00a0\u00bb][\/vc_column][\/vc_row][vc_row][vc_column][vc_column_text] Dami\u00e1n Ruiz est psychologue, form\u00e9 \u00e0 l\u2019approche analytique, avec une vaste exp\u00e9rience clinique dans le [&hellip;]<\/p>\n","protected":false},"author":4,"featured_media":0,"parent":0,"menu_order":0,"comment_status":"closed","ping_status":"closed","template":"","meta":{"_uag_custom_page_level_css":"","site-sidebar-layout":"no-sidebar","site-content-layout":"plain-container","ast-site-content-layout":"default","site-content-style":"default","site-sidebar-style":"default","ast-global-header-display":"","ast-banner-title-visibility":"","ast-main-header-display":"","ast-hfb-above-header-display":"","ast-hfb-below-header-display":"","ast-hfb-mobile-header-display":"","site-post-title":"disabled","ast-breadcrumbs-content":"","ast-featured-img":"disabled","footer-sml-layout":"","theme-transparent-header-meta":"default","adv-header-id-meta":"","stick-header-meta":"","header-above-stick-meta":"","header-main-stick-meta":"","header-below-stick-meta":"","astra-migrate-meta-layouts":"set","ast-page-background-enabled":"default","ast-page-background-meta":{"desktop":{"background-color":"var(--ast-global-color-4)","background-image":"","background-repeat":"repeat","background-position":"center center","background-size":"auto","background-attachment":"scroll","background-type":"","background-media":"","overlay-type":"","overlay-color":"","overlay-opacity":"","overlay-gradient":""},"tablet":{"background-color":"","background-image":"","background-repeat":"repeat","background-position":"center center","background-size":"auto","background-attachment":"scroll","background-type":"","background-media":"","overlay-type":"","overlay-color":"","overlay-opacity":"","overlay-gradient":""},"mobile":{"background-color":"","background-image":"","background-repeat":"repeat","background-position":"center center","background-size":"auto","background-attachment":"scroll","background-type":"","background-media":"","overlay-type":"","overlay-color":"","overlay-opacity":"","overlay-gradient":""}},"ast-content-background-meta":{"desktop":{"background-color":"var(--ast-global-color-5)","background-image":"","background-repeat":"repeat","background-position":"center center","background-size":"auto","background-attachment":"scroll","background-type":"","background-media":"","overlay-type":"","overlay-color":"","overlay-opacity":"","overlay-gradient":""},"tablet":{"background-color":"var(--ast-global-color-5)","background-image":"","background-repeat":"repeat","background-position":"center center","background-size":"auto","background-attachment":"scroll","background-type":"","background-media":"","overlay-type":"","overlay-color":"","overlay-opacity":"","overlay-gradient":""},"mobile":{"background-color":"var(--ast-global-color-5)","background-image":"","background-repeat":"repeat","background-position":"center center","background-size":"auto","background-attachment":"scroll","background-type":"","background-media":"","overlay-type":"","overlay-color":"","overlay-opacity":"","overlay-gradient":""}},"footnotes":""},"class_list":["post-723","page","type-page","status-publish","hentry"],"yoast_head":"<!-- This site is optimized with the Yoast SEO plugin v27.5 - https:\/\/yoast.com\/product\/yoast-seo-wordpress\/ -->\n<title>Dami\u00e1n Ruiz - Psic\u00f3logo y Analista Junguiano<\/title>\n<meta name=\"description\" content=\"En esta web encontrar\u00e1 informaci\u00f3n en forma de v\u00eddeos, art\u00edculos y descripciones sobre el trabajo psicoterap\u00e9utico de Dami\u00e1n Ruiz, Psic\u00f3logo.\" \/>\n<meta name=\"robots\" content=\"index, follow, max-snippet:-1, max-image-preview:large, max-video-preview:-1\" \/>\n<link rel=\"canonical\" href=\"https:\/\/damianruiz.eu\/fr\/\" \/>\n<meta property=\"og:locale\" content=\"fr_FR\" \/>\n<meta property=\"og:type\" content=\"article\" \/>\n<meta property=\"og:title\" content=\"Dami\u00e1n Ruiz - Psic\u00f3logo y Analista Junguiano\" \/>\n<meta property=\"og:description\" content=\"En esta web encontrar\u00e1 informaci\u00f3n en forma de v\u00eddeos, art\u00edculos y descripciones sobre el trabajo psicoterap\u00e9utico de Dami\u00e1n Ruiz, Psic\u00f3logo.\" \/>\n<meta property=\"og:url\" content=\"https:\/\/damianruiz.eu\/fr\/\" \/>\n<meta property=\"og:site_name\" content=\"Dami\u00e1n Ruiz\" \/>\n<meta property=\"article:modified_time\" content=\"2026-03-06T17:07:18+00:00\" \/>\n<meta property=\"og:image\" content=\"https:\/\/damianruiz.eu\/wp-content\/uploads\/2021\/12\/61LZW1-ftoS.jpg\" \/>\n<meta name=\"twitter:card\" content=\"summary_large_image\" \/>\n<meta name=\"twitter:label1\" content=\"Dur\u00e9e de lecture estim\u00e9e\" \/>\n\t<meta name=\"twitter:data1\" content=\"3 minutes\" \/>\n<script type=\"application\/ld+json\" class=\"yoast-schema-graph\">{\"@context\":\"https:\\\/\\\/schema.org\",\"@graph\":[{\"@type\":\"WebPage\",\"@id\":\"https:\\\/\\\/damianruiz.eu\\\/fr\\\/\",\"url\":\"https:\\\/\\\/damianruiz.eu\\\/fr\\\/\",\"name\":\"Dami\u00e1n Ruiz - Psic\u00f3logo y Analista Junguiano\",\"isPartOf\":{\"@id\":\"https:\\\/\\\/damianruiz.eu\\\/#website\"},\"primaryImageOfPage\":{\"@id\":\"https:\\\/\\\/damianruiz.eu\\\/fr\\\/#primaryimage\"},\"image\":{\"@id\":\"https:\\\/\\\/damianruiz.eu\\\/fr\\\/#primaryimage\"},\"thumbnailUrl\":\"https:\\\/\\\/damianruiz.eu\\\/wp-content\\\/uploads\\\/2021\\\/12\\\/61LZW1-ftoS.jpg\",\"datePublished\":\"2020-08-05T20:58:39+00:00\",\"dateModified\":\"2026-03-06T17:07:18+00:00\",\"description\":\"En esta web encontrar\u00e1 informaci\u00f3n en forma de v\u00eddeos, art\u00edculos y descripciones sobre el trabajo psicoterap\u00e9utico de Dami\u00e1n Ruiz, Psic\u00f3logo.\",\"breadcrumb\":{\"@id\":\"https:\\\/\\\/damianruiz.eu\\\/fr\\\/#breadcrumb\"},\"inLanguage\":\"fr-FR\",\"potentialAction\":[{\"@type\":\"ReadAction\",\"target\":[\"https:\\\/\\\/damianruiz.eu\\\/fr\\\/\"]}]},{\"@type\":\"ImageObject\",\"inLanguage\":\"fr-FR\",\"@id\":\"https:\\\/\\\/damianruiz.eu\\\/fr\\\/#primaryimage\",\"url\":\"https:\\\/\\\/damianruiz.eu\\\/wp-content\\\/uploads\\\/2021\\\/12\\\/61LZW1-ftoS.jpg\",\"contentUrl\":\"https:\\\/\\\/damianruiz.eu\\\/wp-content\\\/uploads\\\/2021\\\/12\\\/61LZW1-ftoS.jpg\"},{\"@type\":\"BreadcrumbList\",\"@id\":\"https:\\\/\\\/damianruiz.eu\\\/fr\\\/#breadcrumb\",\"itemListElement\":[{\"@type\":\"ListItem\",\"position\":1,\"name\":\"Portada\",\"item\":\"https:\\\/\\\/damianruiz.eu\\\/fr\\\/\"},{\"@type\":\"ListItem\",\"position\":2,\"name\":\"Home\"}]},{\"@type\":\"WebSite\",\"@id\":\"https:\\\/\\\/damianruiz.eu\\\/#website\",\"url\":\"https:\\\/\\\/damianruiz.eu\\\/\",\"name\":\"Dami\u00e1n Ruiz\",\"description\":\"Licenciado y Postgraduado en Psicolog\u00eda por la Universidad de Barcelona.\",\"publisher\":{\"@id\":\"https:\\\/\\\/damianruiz.eu\\\/#organization\"},\"potentialAction\":[{\"@type\":\"SearchAction\",\"target\":{\"@type\":\"EntryPoint\",\"urlTemplate\":\"https:\\\/\\\/damianruiz.eu\\\/?s={search_term_string}\"},\"query-input\":{\"@type\":\"PropertyValueSpecification\",\"valueRequired\":true,\"valueName\":\"search_term_string\"}}],\"inLanguage\":\"fr-FR\"},{\"@type\":\"Organization\",\"@id\":\"https:\\\/\\\/damianruiz.eu\\\/#organization\",\"name\":\"Dami\u00e1n Ruiz\",\"url\":\"https:\\\/\\\/damianruiz.eu\\\/\",\"logo\":{\"@type\":\"ImageObject\",\"inLanguage\":\"fr-FR\",\"@id\":\"https:\\\/\\\/damianruiz.eu\\\/#\\\/schema\\\/logo\\\/image\\\/\",\"url\":\"https:\\\/\\\/damianruiz.eu\\\/wp-content\\\/uploads\\\/2024\\\/04\\\/cropped-logo-2024-damian-ruiz-233.png\",\"contentUrl\":\"https:\\\/\\\/damianruiz.eu\\\/wp-content\\\/uploads\\\/2024\\\/04\\\/cropped-logo-2024-damian-ruiz-233.png\",\"width\":233,\"height\":60,\"caption\":\"Dami\u00e1n Ruiz\"},\"image\":{\"@id\":\"https:\\\/\\\/damianruiz.eu\\\/#\\\/schema\\\/logo\\\/image\\\/\"}}]}<\/script>\n<!-- \/ Yoast SEO plugin. -->","yoast_head_json":{"title":"Dami\u00e1n Ruiz - Psic\u00f3logo y Analista Junguiano","description":"En esta web encontrar\u00e1 informaci\u00f3n en forma de v\u00eddeos, art\u00edculos y descripciones sobre el trabajo psicoterap\u00e9utico de Dami\u00e1n Ruiz, Psic\u00f3logo.","robots":{"index":"index","follow":"follow","max-snippet":"max-snippet:-1","max-image-preview":"max-image-preview:large","max-video-preview":"max-video-preview:-1"},"canonical":"https:\/\/damianruiz.eu\/fr\/","og_locale":"fr_FR","og_type":"article","og_title":"Dami\u00e1n Ruiz - Psic\u00f3logo y Analista Junguiano","og_description":"En esta web encontrar\u00e1 informaci\u00f3n en forma de v\u00eddeos, art\u00edculos y descripciones sobre el trabajo psicoterap\u00e9utico de Dami\u00e1n Ruiz, Psic\u00f3logo.","og_url":"https:\/\/damianruiz.eu\/fr\/","og_site_name":"Dami\u00e1n Ruiz","article_modified_time":"2026-03-06T17:07:18+00:00","og_image":[{"url":"https:\/\/damianruiz.eu\/wp-content\/uploads\/2021\/12\/61LZW1-ftoS.jpg","type":"","width":"","height":""}],"twitter_card":"summary_large_image","twitter_misc":{"Dur\u00e9e de lecture estim\u00e9e":"3 minutes"},"schema":{"@context":"https:\/\/schema.org","@graph":[{"@type":"WebPage","@id":"https:\/\/damianruiz.eu\/fr\/","url":"https:\/\/damianruiz.eu\/fr\/","name":"Dami\u00e1n Ruiz - Psic\u00f3logo y Analista Junguiano","isPartOf":{"@id":"https:\/\/damianruiz.eu\/#website"},"primaryImageOfPage":{"@id":"https:\/\/damianruiz.eu\/fr\/#primaryimage"},"image":{"@id":"https:\/\/damianruiz.eu\/fr\/#primaryimage"},"thumbnailUrl":"https:\/\/damianruiz.eu\/wp-content\/uploads\/2021\/12\/61LZW1-ftoS.jpg","datePublished":"2020-08-05T20:58:39+00:00","dateModified":"2026-03-06T17:07:18+00:00","description":"En esta web encontrar\u00e1 informaci\u00f3n en forma de v\u00eddeos, art\u00edculos y descripciones sobre el trabajo psicoterap\u00e9utico de Dami\u00e1n Ruiz, Psic\u00f3logo.","breadcrumb":{"@id":"https:\/\/damianruiz.eu\/fr\/#breadcrumb"},"inLanguage":"fr-FR","potentialAction":[{"@type":"ReadAction","target":["https:\/\/damianruiz.eu\/fr\/"]}]},{"@type":"ImageObject","inLanguage":"fr-FR","@id":"https:\/\/damianruiz.eu\/fr\/#primaryimage","url":"https:\/\/damianruiz.eu\/wp-content\/uploads\/2021\/12\/61LZW1-ftoS.jpg","contentUrl":"https:\/\/damianruiz.eu\/wp-content\/uploads\/2021\/12\/61LZW1-ftoS.jpg"},{"@type":"BreadcrumbList","@id":"https:\/\/damianruiz.eu\/fr\/#breadcrumb","itemListElement":[{"@type":"ListItem","position":1,"name":"Portada","item":"https:\/\/damianruiz.eu\/fr\/"},{"@type":"ListItem","position":2,"name":"Home"}]},{"@type":"WebSite","@id":"https:\/\/damianruiz.eu\/#website","url":"https:\/\/damianruiz.eu\/","name":"Dami\u00e1n Ruiz","description":"Licenciado y Postgraduado en Psicolog\u00eda por la Universidad de Barcelona.","publisher":{"@id":"https:\/\/damianruiz.eu\/#organization"},"potentialAction":[{"@type":"SearchAction","target":{"@type":"EntryPoint","urlTemplate":"https:\/\/damianruiz.eu\/?s={search_term_string}"},"query-input":{"@type":"PropertyValueSpecification","valueRequired":true,"valueName":"search_term_string"}}],"inLanguage":"fr-FR"},{"@type":"Organization","@id":"https:\/\/damianruiz.eu\/#organization","name":"Dami\u00e1n Ruiz","url":"https:\/\/damianruiz.eu\/","logo":{"@type":"ImageObject","inLanguage":"fr-FR","@id":"https:\/\/damianruiz.eu\/#\/schema\/logo\/image\/","url":"https:\/\/damianruiz.eu\/wp-content\/uploads\/2024\/04\/cropped-logo-2024-damian-ruiz-233.png","contentUrl":"https:\/\/damianruiz.eu\/wp-content\/uploads\/2024\/04\/cropped-logo-2024-damian-ruiz-233.png","width":233,"height":60,"caption":"Dami\u00e1n Ruiz"},"image":{"@id":"https:\/\/damianruiz.eu\/#\/schema\/logo\/image\/"}}]}},"uagb_featured_image_src":{"full":false,"thumbnail":false,"medium":false,"medium_large":false,"large":false,"1536x1536":false,"2048x2048":false},"uagb_author_info":{"display_name":"Dami\u00e1n Ruiz","author_link":"https:\/\/damianruiz.eu\/fr\/author\/damianruiz\/"},"uagb_comment_info":0,"uagb_excerpt":"[vc_row][vc_column][vc_single_image image=\u00a0\u00bb3765&Prime; img_size=\u00a0\u00bbfull\u00a0\u00bb alignment=\u00a0\u00bbcenter\u00a0\u00bb][\/vc_column][\/vc_row][vc_row][vc_column][vc_empty_space height=\u00a0\u00bb60px\u00a0\u00bb][\/vc_column][\/vc_row][vc_row][vc_column][vc_column_text] Dami\u00e1n Ruiz est psychologue, form\u00e9 \u00e0 l\u2019approche analytique, avec une vaste exp\u00e9rience clinique dans le [&hellip;]","_links":{"self":[{"href":"https:\/\/damianruiz.eu\/fr\/wp-json\/wp\/v2\/pages\/723","targetHints":{"allow":["GET"]}}],"collection":[{"href":"https:\/\/damianruiz.eu\/fr\/wp-json\/wp\/v2\/pages"}],"about":[{"href":"https:\/\/damianruiz.eu\/fr\/wp-json\/wp\/v2\/types\/page"}],"author":[{"embeddable":true,"href":"https:\/\/damianruiz.eu\/fr\/wp-json\/wp\/v2\/users\/4"}],"replies":[{"embeddable":true,"href":"https:\/\/damianruiz.eu\/fr\/wp-json\/wp\/v2\/comments?post=723"}],"version-history":[{"count":47,"href":"https:\/\/damianruiz.eu\/fr\/wp-json\/wp\/v2\/pages\/723\/revisions"}],"predecessor-version":[{"id":3776,"href":"https:\/\/damianruiz.eu\/fr\/wp-json\/wp\/v2\/pages\/723\/revisions\/3776"}],"wp:attachment":[{"href":"https:\/\/damianruiz.eu\/fr\/wp-json\/wp\/v2\/media?parent=723"}],"curies":[{"name":"wp","href":"https:\/\/api.w.org\/{rel}","templated":true}]}}