{"id":725,"date":"2020-08-20T20:27:32","date_gmt":"2020-08-20T20:27:32","guid":{"rendered":"https:\/\/damianruiz.eu\/2024\/?page_id=725"},"modified":"2021-05-31T18:14:19","modified_gmt":"2021-05-31T18:14:19","slug":"analyse-junguienne","status":"publish","type":"page","link":"https:\/\/damianruiz.eu\/fr\/analyse-junguienne\/","title":{"rendered":"Analyse junguienne"},"content":{"rendered":"<h2>Qu&rsquo;est-ce que l&rsquo;analyse jungienne?<\/h2>\n<p>C&rsquo;est un processus profond de connaissance de soi bas\u00e9 sur l&rsquo;exploration de l&rsquo;inconscient, selon la th\u00e9orie et la m\u00e9thode d\u00e9velopp\u00e9es par Carl G. Jung (1875-1961), m\u00e9decin et psychologue suisse, et dont l&rsquo;objectif est de devenir la personne que l&rsquo;on est. Le meilleur exemple de ma fa\u00e7on de travailler peut \u00eatre repr\u00e9sent\u00e9 \u00e0 travers les mots de Michel-Ange, et apr\u00e8s une question lors de la finition d&rsquo;une de ses sculptures, \u00ab\u00a0je me suis simplement limit\u00e9 \u00e0 enlever la pierre qui la recouvrait.\u00a0\u00bb<\/p>\n<p>Parce que chaque individu est d\u00e9j\u00e0 \u00e0 l&rsquo;origine, et les circonstances environnementales ne feront que modifier leur pr\u00e9disposition g\u00e9n\u00e9tique-arch\u00e9typale pour le meilleur ou pour le pire. Ainsi, dans le processus analytique, il faudra travailler sur le retour \u00e0 l&rsquo;essence, surmonter les fardeaux, les traumatismes, les conflits et tout ce qui emp\u00eache un plein d\u00e9veloppement de sa personnalit\u00e9 et de ses talents.<\/p>\n<p>La mienne est une vision de la psych\u00e9 tr\u00e8s \u00e9loign\u00e9e du cognitivisme et du behaviorisme (je ne me concentre pas sur le sympt\u00f4me ou le comportement, je ne me concentre pas sur la restructuration des croyances), ainsi que sur la nouvelle tendance sociale de l&rsquo;auto-configuration \u00e0 la carte, Entre autres parce que je consid\u00e8re que la g\u00e9n\u00e9tique influence beaucoup plus que l&rsquo;environnement, je l&rsquo;explique toujours de la mani\u00e8re suivante: un cheval, un olivier, une fourmi ou un lion, ils ne peuvent \u00eatre que cela, et la seule chose que l&rsquo;environnement (tout qui nous entoure) peut en faire un cheval splendide ou un cheval branlant, un olivier qui vit mille ans ou qui meurt en deux, et ainsi de suite en tout cas.<\/p>\n<p>Par cons\u00e9quent, ce processus d&rsquo;individuation de l&rsquo;analyse jungienne tente, fondamentalement, de devenir la meilleure version de vous-m\u00eame.<\/p>\n<p>Et, partant du principe que les \u00eatres humains ne sont pas \u00e9gaux, -une autre chose est qu&rsquo;il serait juste que chacun ait des conditions de d\u00e9part ad\u00e9quates-, on peut consid\u00e9rer que l&rsquo;id\u00e9e de l&rsquo;analyse est que l&rsquo;analysant est capable d&rsquo;int\u00e9grer leur conflits, pour d\u00e9velopper des aspects latents de sa nature et surtout pour \u00e9liminer les peurs et les ins\u00e9curit\u00e9s qui l&#8217;emp\u00eachent d&rsquo;avancer dans la vie.<\/p>\n<h2>L&rsquo;analyse jungienne est-elle th\u00e9rapeutique?<\/h2>\n<p>Oui, mais il ne se concentre pas sur le sympt\u00f4me, mais sur les causes et les d\u00e9s\u00e9quilibres qui le g\u00e9n\u00e8rent, c&rsquo;est donc un processus plus lent.<\/p>\n<p><b>Et une note importante.<\/b><\/p>\n<p>L&rsquo;analyse jungienne est une m\u00e9thode analytique qui explore les aspects les plus profonds de la psych\u00e9 et l&rsquo;histoire personnelle de l&rsquo;individu, mais j&rsquo;ai une vision pragmatique et lib\u00e9rale (au sens anglo-saxon) de la vie et, par cons\u00e9quent, j&rsquo;essaye de les changements, en conformit\u00e9 bien s\u00fbr avec l&rsquo;analysant, se refl\u00e8tent dans sa propre existence.<\/p>\n","protected":false},"excerpt":{"rendered":"<p>Qu&rsquo;est-ce que l&rsquo;analyse jungienne? C&rsquo;est un processus profond de connaissance de soi bas\u00e9 sur l&rsquo;exploration de l&rsquo;inconscient, selon la th\u00e9orie [&hellip;]<\/p>\n","protected":false},"author":4,"featured_media":468,"parent":0,"menu_order":0,"comment_status":"closed","ping_status":"closed","template":"","meta":{"_uag_custom_page_level_css":"","site-sidebar-layout":"default","site-content-layout":"","ast-site-content-layout":"default","site-content-style":"default","site-sidebar-style":"default","ast-global-header-display":"","ast-banner-title-visibility":"","ast-main-header-display":"","ast-hfb-above-header-display":"","ast-hfb-below-header-display":"","ast-hfb-mobile-header-display":"","site-post-title":"","ast-breadcrumbs-content":"","ast-featured-img":"","footer-sml-layout":"","theme-transparent-header-meta":"default","adv-header-id-meta":"","stick-header-meta":"","header-above-stick-meta":"","header-main-stick-meta":"","header-below-stick-meta":"","astra-migrate-meta-layouts":"default","ast-page-background-enabled":"default","ast-page-background-meta":{"desktop":{"background-color":"var(--ast-global-color-4)","background-image":"","background-repeat":"repeat","background-position":"center center","background-size":"auto","background-attachment":"scroll","background-type":"","background-media":"","overlay-type":"","overlay-color":"","overlay-opacity":"","overlay-gradient":""},"tablet":{"background-color":"","background-image":"","background-repeat":"repeat","background-position":"center center","background-size":"auto","background-attachment":"scroll","background-type":"","background-media":"","overlay-type":"","overlay-color":"","overlay-opacity":"","overlay-gradient":""},"mobile":{"background-color":"","background-image":"","background-repeat":"repeat","background-position":"center center","background-size":"auto","background-attachment":"scroll","background-type":"","background-media":"","overlay-type":"","overlay-color":"","overlay-opacity":"","overlay-gradient":""}},"ast-content-background-meta":{"desktop":{"background-color":"var(--ast-global-color-5)","background-image":"","background-repeat":"repeat","background-position":"center center","background-size":"auto","background-attachment":"scroll","background-type":"","background-media":"","overlay-type":"","overlay-color":"","overlay-opacity":"","overlay-gradient":""},"tablet":{"background-color":"var(--ast-global-color-5)","background-image":"","background-repeat":"repeat","background-position":"center center","background-size":"auto","background-attachment":"scroll","background-type":"","background-media":"","overlay-type":"","overlay-color":"","overlay-opacity":"","overlay-gradient":""},"mobile":{"background-color":"var(--ast-global-color-5)","background-image":"","background-repeat":"repeat","background-position":"center center","background-size":"auto","background-attachment":"scroll","background-type":"","background-media":"","overlay-type":"","overlay-color":"","overlay-opacity":"","overlay-gradient":""}},"footnotes":""},"class_list":["post-725","page","type-page","status-publish","has-post-thumbnail","hentry"],"yoast_head":"<!-- This site is optimized with the Yoast SEO plugin v27.5 - https:\/\/yoast.com\/product\/yoast-seo-wordpress\/ -->\n<title>Analyse junguienne - Dami\u00e1n Ruiz<\/title>\n<meta name=\"robots\" content=\"index, follow, max-snippet:-1, max-image-preview:large, max-video-preview:-1\" \/>\n<link rel=\"canonical\" href=\"https:\/\/damianruiz.eu\/analisis-junguiano\/\" \/>\n<meta property=\"og:locale\" content=\"fr_FR\" \/>\n<meta property=\"og:type\" content=\"article\" \/>\n<meta property=\"og:title\" content=\"Analyse junguienne - Dami\u00e1n Ruiz\" \/>\n<meta property=\"og:description\" content=\"Qu&rsquo;est-ce que l&rsquo;analyse jungienne? C&rsquo;est un processus profond de connaissance de soi bas\u00e9 sur l&rsquo;exploration de l&rsquo;inconscient, selon la th\u00e9orie [&hellip;]\" \/>\n<meta property=\"og:url\" content=\"https:\/\/damianruiz.eu\/analisis-junguiano\/\" \/>\n<meta property=\"og:site_name\" content=\"Dami\u00e1n Ruiz\" \/>\n<meta property=\"article:modified_time\" content=\"2021-05-31T18:14:19+00:00\" \/>\n<meta property=\"og:image\" content=\"https:\/\/damianruiz.eu\/wp-content\/uploads\/2020\/08\/man-1209957_1280.jpg\" \/>\n\t<meta property=\"og:image:width\" content=\"1280\" \/>\n\t<meta property=\"og:image:height\" content=\"960\" \/>\n\t<meta property=\"og:image:type\" content=\"image\/jpeg\" \/>\n<meta name=\"twitter:card\" content=\"summary_large_image\" \/>\n<meta name=\"twitter:label1\" content=\"Dur\u00e9e de lecture estim\u00e9e\" \/>\n\t<meta name=\"twitter:data1\" content=\"2 minutes\" \/>\n<script type=\"application\/ld+json\" class=\"yoast-schema-graph\">{\"@context\":\"https:\\\/\\\/schema.org\",\"@graph\":[{\"@type\":\"WebPage\",\"@id\":\"https:\\\/\\\/damianruiz.eu\\\/analisis-junguiano\\\/\",\"url\":\"https:\\\/\\\/damianruiz.eu\\\/analisis-junguiano\\\/\",\"name\":\"Analyse junguienne - Dami\u00e1n Ruiz\",\"isPartOf\":{\"@id\":\"https:\\\/\\\/damianruiz.eu\\\/#website\"},\"primaryImageOfPage\":{\"@id\":\"https:\\\/\\\/damianruiz.eu\\\/analisis-junguiano\\\/#primaryimage\"},\"image\":{\"@id\":\"https:\\\/\\\/damianruiz.eu\\\/analisis-junguiano\\\/#primaryimage\"},\"thumbnailUrl\":\"https:\\\/\\\/damianruiz.eu\\\/wp-content\\\/uploads\\\/2020\\\/08\\\/man-1209957_1280.jpg\",\"datePublished\":\"2020-08-20T20:27:32+00:00\",\"dateModified\":\"2021-05-31T18:14:19+00:00\",\"breadcrumb\":{\"@id\":\"https:\\\/\\\/damianruiz.eu\\\/analisis-junguiano\\\/#breadcrumb\"},\"inLanguage\":\"fr-FR\",\"potentialAction\":[{\"@type\":\"ReadAction\",\"target\":[\"https:\\\/\\\/damianruiz.eu\\\/analisis-junguiano\\\/\"]}]},{\"@type\":\"ImageObject\",\"inLanguage\":\"fr-FR\",\"@id\":\"https:\\\/\\\/damianruiz.eu\\\/analisis-junguiano\\\/#primaryimage\",\"url\":\"https:\\\/\\\/damianruiz.eu\\\/wp-content\\\/uploads\\\/2020\\\/08\\\/man-1209957_1280.jpg\",\"contentUrl\":\"https:\\\/\\\/damianruiz.eu\\\/wp-content\\\/uploads\\\/2020\\\/08\\\/man-1209957_1280.jpg\",\"width\":1280,\"height\":960},{\"@type\":\"BreadcrumbList\",\"@id\":\"https:\\\/\\\/damianruiz.eu\\\/analisis-junguiano\\\/#breadcrumb\",\"itemListElement\":[{\"@type\":\"ListItem\",\"position\":1,\"name\":\"Portada\",\"item\":\"https:\\\/\\\/damianruiz.eu\\\/fr\\\/\"},{\"@type\":\"ListItem\",\"position\":2,\"name\":\"Analyse junguienne\"}]},{\"@type\":\"WebSite\",\"@id\":\"https:\\\/\\\/damianruiz.eu\\\/#website\",\"url\":\"https:\\\/\\\/damianruiz.eu\\\/\",\"name\":\"Dami\u00e1n Ruiz\",\"description\":\"Licenciado y Postgraduado en Psicolog\u00eda por la Universidad de Barcelona.\",\"publisher\":{\"@id\":\"https:\\\/\\\/damianruiz.eu\\\/#organization\"},\"potentialAction\":[{\"@type\":\"SearchAction\",\"target\":{\"@type\":\"EntryPoint\",\"urlTemplate\":\"https:\\\/\\\/damianruiz.eu\\\/?s={search_term_string}\"},\"query-input\":{\"@type\":\"PropertyValueSpecification\",\"valueRequired\":true,\"valueName\":\"search_term_string\"}}],\"inLanguage\":\"fr-FR\"},{\"@type\":\"Organization\",\"@id\":\"https:\\\/\\\/damianruiz.eu\\\/#organization\",\"name\":\"Dami\u00e1n Ruiz\",\"url\":\"https:\\\/\\\/damianruiz.eu\\\/\",\"logo\":{\"@type\":\"ImageObject\",\"inLanguage\":\"fr-FR\",\"@id\":\"https:\\\/\\\/damianruiz.eu\\\/#\\\/schema\\\/logo\\\/image\\\/\",\"url\":\"https:\\\/\\\/damianruiz.eu\\\/wp-content\\\/uploads\\\/2024\\\/04\\\/cropped-logo-2024-damian-ruiz-233.png\",\"contentUrl\":\"https:\\\/\\\/damianruiz.eu\\\/wp-content\\\/uploads\\\/2024\\\/04\\\/cropped-logo-2024-damian-ruiz-233.png\",\"width\":233,\"height\":60,\"caption\":\"Dami\u00e1n Ruiz\"},\"image\":{\"@id\":\"https:\\\/\\\/damianruiz.eu\\\/#\\\/schema\\\/logo\\\/image\\\/\"}}]}<\/script>\n<!-- \/ Yoast SEO plugin. -->","yoast_head_json":{"title":"Analyse junguienne - Dami\u00e1n Ruiz","robots":{"index":"index","follow":"follow","max-snippet":"max-snippet:-1","max-image-preview":"max-image-preview:large","max-video-preview":"max-video-preview:-1"},"canonical":"https:\/\/damianruiz.eu\/analisis-junguiano\/","og_locale":"fr_FR","og_type":"article","og_title":"Analyse junguienne - Dami\u00e1n Ruiz","og_description":"Qu&rsquo;est-ce que l&rsquo;analyse jungienne? C&rsquo;est un processus profond de connaissance de soi bas\u00e9 sur l&rsquo;exploration de l&rsquo;inconscient, selon la th\u00e9orie [&hellip;]","og_url":"https:\/\/damianruiz.eu\/analisis-junguiano\/","og_site_name":"Dami\u00e1n Ruiz","article_modified_time":"2021-05-31T18:14:19+00:00","og_image":[{"width":1280,"height":960,"url":"https:\/\/damianruiz.eu\/wp-content\/uploads\/2020\/08\/man-1209957_1280.jpg","type":"image\/jpeg"}],"twitter_card":"summary_large_image","twitter_misc":{"Dur\u00e9e de lecture estim\u00e9e":"2 minutes"},"schema":{"@context":"https:\/\/schema.org","@graph":[{"@type":"WebPage","@id":"https:\/\/damianruiz.eu\/analisis-junguiano\/","url":"https:\/\/damianruiz.eu\/analisis-junguiano\/","name":"Analyse junguienne - Dami\u00e1n Ruiz","isPartOf":{"@id":"https:\/\/damianruiz.eu\/#website"},"primaryImageOfPage":{"@id":"https:\/\/damianruiz.eu\/analisis-junguiano\/#primaryimage"},"image":{"@id":"https:\/\/damianruiz.eu\/analisis-junguiano\/#primaryimage"},"thumbnailUrl":"https:\/\/damianruiz.eu\/wp-content\/uploads\/2020\/08\/man-1209957_1280.jpg","datePublished":"2020-08-20T20:27:32+00:00","dateModified":"2021-05-31T18:14:19+00:00","breadcrumb":{"@id":"https:\/\/damianruiz.eu\/analisis-junguiano\/#breadcrumb"},"inLanguage":"fr-FR","potentialAction":[{"@type":"ReadAction","target":["https:\/\/damianruiz.eu\/analisis-junguiano\/"]}]},{"@type":"ImageObject","inLanguage":"fr-FR","@id":"https:\/\/damianruiz.eu\/analisis-junguiano\/#primaryimage","url":"https:\/\/damianruiz.eu\/wp-content\/uploads\/2020\/08\/man-1209957_1280.jpg","contentUrl":"https:\/\/damianruiz.eu\/wp-content\/uploads\/2020\/08\/man-1209957_1280.jpg","width":1280,"height":960},{"@type":"BreadcrumbList","@id":"https:\/\/damianruiz.eu\/analisis-junguiano\/#breadcrumb","itemListElement":[{"@type":"ListItem","position":1,"name":"Portada","item":"https:\/\/damianruiz.eu\/fr\/"},{"@type":"ListItem","position":2,"name":"Analyse junguienne"}]},{"@type":"WebSite","@id":"https:\/\/damianruiz.eu\/#website","url":"https:\/\/damianruiz.eu\/","name":"Dami\u00e1n Ruiz","description":"Licenciado y Postgraduado en Psicolog\u00eda por la Universidad de Barcelona.","publisher":{"@id":"https:\/\/damianruiz.eu\/#organization"},"potentialAction":[{"@type":"SearchAction","target":{"@type":"EntryPoint","urlTemplate":"https:\/\/damianruiz.eu\/?s={search_term_string}"},"query-input":{"@type":"PropertyValueSpecification","valueRequired":true,"valueName":"search_term_string"}}],"inLanguage":"fr-FR"},{"@type":"Organization","@id":"https:\/\/damianruiz.eu\/#organization","name":"Dami\u00e1n Ruiz","url":"https:\/\/damianruiz.eu\/","logo":{"@type":"ImageObject","inLanguage":"fr-FR","@id":"https:\/\/damianruiz.eu\/#\/schema\/logo\/image\/","url":"https:\/\/damianruiz.eu\/wp-content\/uploads\/2024\/04\/cropped-logo-2024-damian-ruiz-233.png","contentUrl":"https:\/\/damianruiz.eu\/wp-content\/uploads\/2024\/04\/cropped-logo-2024-damian-ruiz-233.png","width":233,"height":60,"caption":"Dami\u00e1n Ruiz"},"image":{"@id":"https:\/\/damianruiz.eu\/#\/schema\/logo\/image\/"}}]}},"uagb_featured_image_src":{"full":["https:\/\/damianruiz.eu\/wp-content\/uploads\/2020\/08\/man-1209957_1280.jpg",1280,960,false],"thumbnail":["https:\/\/damianruiz.eu\/wp-content\/uploads\/2020\/08\/man-1209957_1280-150x150.jpg",150,150,true],"medium":["https:\/\/damianruiz.eu\/wp-content\/uploads\/2020\/08\/man-1209957_1280-300x225.jpg",300,225,true],"medium_large":["https:\/\/damianruiz.eu\/wp-content\/uploads\/2020\/08\/man-1209957_1280-768x576.jpg",768,576,true],"large":["https:\/\/damianruiz.eu\/wp-content\/uploads\/2020\/08\/man-1209957_1280-1024x768.jpg",1024,768,true],"1536x1536":["https:\/\/damianruiz.eu\/wp-content\/uploads\/2020\/08\/man-1209957_1280.jpg",1280,960,false],"2048x2048":["https:\/\/damianruiz.eu\/wp-content\/uploads\/2020\/08\/man-1209957_1280.jpg",1280,960,false]},"uagb_author_info":{"display_name":"Dami\u00e1n Ruiz","author_link":"https:\/\/damianruiz.eu\/fr\/author\/damianruiz\/"},"uagb_comment_info":0,"uagb_excerpt":"Qu&rsquo;est-ce que l&rsquo;analyse jungienne? C&rsquo;est un processus profond de connaissance de soi bas\u00e9 sur l&rsquo;exploration de l&rsquo;inconscient, selon la th\u00e9orie [&hellip;]","_links":{"self":[{"href":"https:\/\/damianruiz.eu\/fr\/wp-json\/wp\/v2\/pages\/725","targetHints":{"allow":["GET"]}}],"collection":[{"href":"https:\/\/damianruiz.eu\/fr\/wp-json\/wp\/v2\/pages"}],"about":[{"href":"https:\/\/damianruiz.eu\/fr\/wp-json\/wp\/v2\/types\/page"}],"author":[{"embeddable":true,"href":"https:\/\/damianruiz.eu\/fr\/wp-json\/wp\/v2\/users\/4"}],"replies":[{"embeddable":true,"href":"https:\/\/damianruiz.eu\/fr\/wp-json\/wp\/v2\/comments?post=725"}],"version-history":[{"count":5,"href":"https:\/\/damianruiz.eu\/fr\/wp-json\/wp\/v2\/pages\/725\/revisions"}],"predecessor-version":[{"id":979,"href":"https:\/\/damianruiz.eu\/fr\/wp-json\/wp\/v2\/pages\/725\/revisions\/979"}],"wp:featuredmedia":[{"embeddable":true,"href":"https:\/\/damianruiz.eu\/fr\/wp-json\/wp\/v2\/media\/468"}],"wp:attachment":[{"href":"https:\/\/damianruiz.eu\/fr\/wp-json\/wp\/v2\/media?parent=725"}],"curies":[{"name":"wp","href":"https:\/\/api.w.org\/{rel}","templated":true}]}}