{"id":730,"date":"2020-08-10T22:48:07","date_gmt":"2020-08-10T22:48:07","guid":{"rendered":"https:\/\/damianruiz.eu\/2024\/?page_id=730"},"modified":"2025-11-16T10:30:22","modified_gmt":"2025-11-16T10:30:22","slug":"livres-damian-ruiz","status":"publish","type":"page","link":"https:\/\/damianruiz.eu\/fr\/livres-damian-ruiz\/","title":{"rendered":"Livres"},"content":{"rendered":"<div class=\"wpb-content-wrapper\">\t\t<div data-elementor-type=\"wp-page\" data-elementor-id=\"730\" class=\"elementor elementor-730 elementor-384\">\n\t\t\t\t<div class=\"elementor-element elementor-element-7d60971 e-flex e-con-boxed e-con e-parent\" data-id=\"7d60971\" data-element_type=\"container\" data-e-type=\"container\">\n\t\t\t\t\t<div class=\"e-con-inner\">\n\t\t\t\t<div class=\"elementor-element elementor-element-d5318da elementor-widget elementor-widget-text-editor\" data-id=\"d5318da\" data-element_type=\"widget\" data-e-type=\"widget\" data-widget_type=\"text-editor.default\">\n\t\t\t\t<div class=\"elementor-widget-container\">\n\t\t\t\t\t\t\t\t\t<p>Dans cette page, vous trouverez tous les <strong data-start=\"477\" data-end=\"502\">livres de Dami\u00e1n Ruiz<\/strong>, psychologue et \u00e9crivain. Ses ouvrages combinent la psychologie, la r\u00e9flexion personnelle et la narration, offrant des lectures qui inspirent la connaissance de soi et la croissance \u00e9motionnelle.<\/p><p><strong>Dami\u00e1n Ruiz<\/strong> est l\u2019auteur de plusieurs livres qui abordent des th\u00e8mes tels que l\u2019addiction, le d\u00e9veloppement personnel, l\u2019identit\u00e9 et les relations humaines. Parmi ses titres les plus remarquables figurent <em data-start=\"1334\" data-end=\"1375\"><strong>Lib\u00e9rer le singe<\/strong>,<strong> sauver la princesse<\/strong><\/em>, une proposition th\u00e9rapeutique pour le traitement du trouble obsessionnel,<strong> <em data-start=\"1447\" data-end=\"1470\">Fort, libre et noble<\/em><\/strong>, un guide de r\u00e9flexion destin\u00e9 aux jeunes adultes,<strong> <em data-start=\"1516\" data-end=\"1558\">Au 46e \u00e9tage et dix-neuf autres r\u00e9cits<\/em><\/strong>, une incursion dans la narration contemporaine, et <strong><em data-start=\"1607\" data-end=\"1649\">Comment arr\u00eater \u2013 ou faire arr\u00eater \u2013 la coca\u00efne<\/em><\/strong>, une m\u00e9thode de prise de conscience personnelle et de d\u00e9passement des addictions.<\/p><p>Les livres de Dami\u00e1n Ruiz se distinguent par leur profondeur psychologique et leur approche humaine. \u00c0 travers ses ouvrages, l\u2019auteur invite le lecteur \u00e0 r\u00e9fl\u00e9chir \u00e0 son propre parcours de vie, \u00e0 ses \u00e9motions et \u00e0 la recherche de sens dans la vie moderne. Chaque titre combine savoir clinique et sensibilit\u00e9 narrative, devenant un guide pour ceux qui souhaitent mieux comprendre leur esprit et renforcer leur \u00e9quilibre int\u00e9rieur. Si vous vous int\u00e9ressez \u00e0 la psychologie, au d\u00e9veloppement personnel ou aux histoires empreintes d\u2019\u00e2me, les livres de Dami\u00e1n Ruiz sont un excellent choix.<\/p><p><br data-start=\"1719\" data-end=\"1722\" \/>Chacun des <strong data-start=\"1740\" data-end=\"1765\">livres de Dami\u00e1n Ruiz<\/strong> offre un regard unique sur les processus psychologiques et \u00e9motionnels, invitant le lecteur \u00e0 se comprendre et \u00e0 se transformer.<\/p>\t\t\t\t\t\t\t\t<\/div>\n\t\t\t\t<\/div>\n\t\t\t\t\t<\/div>\n\t\t\t\t<\/div>\n\t\t<div class=\"elementor-element elementor-element-4040358d e-flex e-con-boxed e-con e-parent\" data-id=\"4040358d\" data-element_type=\"container\" data-e-type=\"container\">\n\t\t\t\t\t<div class=\"e-con-inner\">\n\t\t\t\t<div class=\"elementor-element elementor-element-49b0aaec elementor-widget elementor-widget-text-editor\" data-id=\"49b0aaec\" data-element_type=\"widget\" data-e-type=\"widget\" data-widget_type=\"text-editor.default\">\n\t\t\t\t<div class=\"elementor-widget-container\">\n\t\t\t\t\t\t\t\t\t<p>[vc_row][vc_column width=\u00a0\u00bb1\/4&Prime;][vc_column_text]<img fetchpriority=\"high\" decoding=\"async\" class=\"w-full h-auto mx-auto aligncenter\" style=\"font-style: inherit; font-weight: inherit;\" src=\"https:\/\/damianruiz.eu\/wp-content\/uploads\/2021\/12\/61LZW1-ftoS.jpg\" sizes=\"(max-width: 1000px) 100vw, 1000px\" srcset=\"https:\/\/damianruiz.eu\/wp-content\/uploads\/2021\/12\/61LZW1-ftoS.jpg 1000w, https:\/\/damianruiz.eu\/wp-content\/uploads\/2021\/12\/61LZW1-ftoS-200x300.jpg 200w, https:\/\/damianruiz.eu\/wp-content\/uploads\/2021\/12\/61LZW1-ftoS-683x1024.jpg 683w, https:\/\/damianruiz.eu\/wp-content\/uploads\/2021\/12\/61LZW1-ftoS-768x1152.jpg 768w\" alt=\"\" width=\"320\" height=\"480\" \/><\/p><div class=\"book-block\"><div class=\"flex flex-wrap py-8 -mx-4 md:py-16\"><div class=\"w-full px-4 pt-4 md:w-3\/4 md:pt-0\" style=\"text-align: center;\"><article class=\"content-styles\"><a href=\"https:\/\/damianruiz.eu\/liberar-al-mono-rescatar-a-la-princesa\/\"><b>Liberar al mono, rescatar a la princesa\u00a0<\/b><\/a>(Psychologie : Troubles obsessionnels)<\/article><article><a href=\"https:\/\/amzn.to\/4ec6GUX\">Acheter Liberar al mono, rescatar a la princesa en Amazon<\/a><\/article><\/div><\/div><\/div><p>[\/vc_column_text][\/vc_column][vc_column width=\u00a0\u00bb1\/4&Prime;][vc_column_text]<\/p><p style=\"text-align: center;\"><a href=\"https:\/\/damianruiz.eu\/fuerte-libre-y-noble\/\"><img decoding=\"async\" class=\"alignnone wp-image-2128 size-full\" src=\"https:\/\/damianruiz.eu\/wp-content\/uploads\/2024\/04\/fuerte-libre-y-noble.png\" alt=\"\" width=\"368\" height=\"566\" srcset=\"https:\/\/damianruiz.eu\/wp-content\/uploads\/2024\/04\/fuerte-libre-y-noble.png 368w, https:\/\/damianruiz.eu\/wp-content\/uploads\/2024\/04\/fuerte-libre-y-noble-195x300.png 195w\" sizes=\"(max-width: 368px) 100vw, 368px\" \/><\/a><br \/><b><a href=\"https:\/\/damianruiz.eu\/fuerte-libre-y-noble\/\">Fuerte, libre y noble<\/a>\u00a0\u00a0<\/b>(Livre de r\u00e9flexions et d&rsquo;exercices psychologiques pour la connaissance de soi)<\/p><p style=\"text-align: center;\"><a style=\"font-size: 16px; background-color: #ffffff;\" href=\"https:\/\/amzn.to\/4flDP1a\">Acheter Fuerte libre y noble en Amazon<\/a><span style=\"font-size: 16px;\">.<\/span><\/p><p>[\/vc_column_text][\/vc_column][vc_column width=\u00a0\u00bb1\/4&Prime;][vc_column_text]<\/p><p style=\"text-align: center;\"><a href=\"https:\/\/damianruiz.eu\/en-la-planta-46-y-diecinueve-relatos-mas\/\"><img decoding=\"async\" class=\"w-full h-auto mx-auto aligncenter\" style=\"font-size: 16px; font-style: inherit; font-weight: inherit;\" src=\"https:\/\/damianruiz.eu\/wp-content\/uploads\/2023\/03\/IMG-20230220-WA0015.jpg\" sizes=\"(max-width: 368px) 100vw, 368px\" srcset=\"https:\/\/damianruiz.eu\/wp-content\/uploads\/2023\/03\/IMG-20230220-WA0015.jpg 368w, https:\/\/damianruiz.eu\/wp-content\/uploads\/2023\/03\/IMG-20230220-WA0015-195x300.jpg 195w\" alt=\"\" width=\"368\" height=\"566\" \/><\/a><br \/><b><a href=\"https:\/\/damianruiz.eu\/en-la-planta-46-y-diecinueve-relatos-mas\/\">En la planta 46 y diecinueve relatos m\u00e1s<\/a>\u00a0\u00a0<\/b>(Narratif)<\/p><p style=\"text-align: center;\"><a href=\"https:\/\/amzn.to\/4f7SHRe\">Acheter<br \/><\/a><a href=\"https:\/\/damianruiz.eu\/en-la-planta-46-y-diecinueve-relatos-mas\/\">En la planta 46 y diecinueve relatos m\u00e1s<\/a><a href=\"https:\/\/amzn.to\/4f7SHRe\"> en Amazon<\/a><\/p><p>[\/vc_column_text][\/vc_column][vc_column width=\u00a0\u00bb1\/4&Prime;][vc_column_text]<img loading=\"lazy\" decoding=\"async\" class=\"wp-image-388 size-full aligncenter\" src=\"https:\/\/damianruiz.eu\/wp-content\/uploads\/2020\/08\/libro-como-dejar-la-cocaina.jpg\" alt=\"\" width=\"457\" height=\"700\" srcset=\"https:\/\/damianruiz.eu\/wp-content\/uploads\/2020\/08\/libro-como-dejar-la-cocaina.jpg 457w, https:\/\/damianruiz.eu\/wp-content\/uploads\/2020\/08\/libro-como-dejar-la-cocaina-196x300.jpg 196w\" sizes=\"(max-width: 457px) 100vw, 457px\" \/><\/p><p style=\"text-align: center;\">C\u00f3mo dejar la coca\u00edna (Psychologie : Les addictions)<\/p><p style=\"text-align: center;\"><a href=\"https:\/\/amzn.to\/3YrIw2H\">Acheter en Amazon<\/a><\/p><p>[\/vc_column_text][\/vc_column][\/vc_row]<\/p>\t\t\t\t\t\t\t\t<\/div>\n\t\t\t\t<\/div>\n\t\t\t\t\t<\/div>\n\t\t\t\t<\/div>\n\t\t\t\t<\/div>\n\t\t<\/div>","protected":false},"excerpt":{"rendered":"<p>Dans cette page, vous trouverez tous les livres de Dami\u00e1n Ruiz, psychologue et \u00e9crivain. Ses ouvrages combinent la psychologie, la [&hellip;]<\/p>\n","protected":false},"author":4,"featured_media":0,"parent":0,"menu_order":0,"comment_status":"closed","ping_status":"closed","template":"","meta":{"_uag_custom_page_level_css":"","site-sidebar-layout":"no-sidebar","site-content-layout":"plain-container","ast-site-content-layout":"default","site-content-style":"default","site-sidebar-style":"default","ast-global-header-display":"","ast-banner-title-visibility":"","ast-main-header-display":"","ast-hfb-above-header-display":"","ast-hfb-below-header-display":"","ast-hfb-mobile-header-display":"","site-post-title":"","ast-breadcrumbs-content":"","ast-featured-img":"disabled","footer-sml-layout":"","theme-transparent-header-meta":"default","adv-header-id-meta":"","stick-header-meta":"","header-above-stick-meta":"","header-main-stick-meta":"","header-below-stick-meta":"","astra-migrate-meta-layouts":"set","ast-page-background-enabled":"default","ast-page-background-meta":{"desktop":{"background-color":"var(--ast-global-color-4)","background-image":"","background-repeat":"repeat","background-position":"center center","background-size":"auto","background-attachment":"scroll","background-type":"","background-media":"","overlay-type":"","overlay-color":"","overlay-opacity":"","overlay-gradient":""},"tablet":{"background-color":"","background-image":"","background-repeat":"repeat","background-position":"center center","background-size":"auto","background-attachment":"scroll","background-type":"","background-media":"","overlay-type":"","overlay-color":"","overlay-opacity":"","overlay-gradient":""},"mobile":{"background-color":"","background-image":"","background-repeat":"repeat","background-position":"center center","background-size":"auto","background-attachment":"scroll","background-type":"","background-media":"","overlay-type":"","overlay-color":"","overlay-opacity":"","overlay-gradient":""}},"ast-content-background-meta":{"desktop":{"background-color":"var(--ast-global-color-5)","background-image":"","background-repeat":"repeat","background-position":"center center","background-size":"auto","background-attachment":"scroll","background-type":"","background-media":"","overlay-type":"","overlay-color":"","overlay-opacity":"","overlay-gradient":""},"tablet":{"background-color":"var(--ast-global-color-5)","background-image":"","background-repeat":"repeat","background-position":"center center","background-size":"auto","background-attachment":"scroll","background-type":"","background-media":"","overlay-type":"","overlay-color":"","overlay-opacity":"","overlay-gradient":""},"mobile":{"background-color":"var(--ast-global-color-5)","background-image":"","background-repeat":"repeat","background-position":"center center","background-size":"auto","background-attachment":"scroll","background-type":"","background-media":"","overlay-type":"","overlay-color":"","overlay-opacity":"","overlay-gradient":""}},"footnotes":""},"class_list":["post-730","page","type-page","status-publish","hentry"],"yoast_head":"<!-- This site is optimized with the Yoast SEO plugin v27.5 - https:\/\/yoast.com\/product\/yoast-seo-wordpress\/ -->\n<title>Libros de Dami\u00e1n Ruiz | Psicolog\u00eda<\/title>\n<meta name=\"description\" content=\"Explora los libros de Dami\u00e1n Ruiz sobre psicolog\u00eda, adicciones, autoconocimiento y narrativa. Descubre sus mejores obras como en la planta 46\" \/>\n<meta name=\"robots\" content=\"index, follow, max-snippet:-1, max-image-preview:large, max-video-preview:-1\" \/>\n<link rel=\"canonical\" href=\"https:\/\/damianruiz.eu\/fr\/livres-damian-ruiz\/\" \/>\n<meta property=\"og:locale\" content=\"fr_FR\" \/>\n<meta property=\"og:type\" content=\"article\" \/>\n<meta property=\"og:title\" content=\"Libros de Dami\u00e1n Ruiz | Psicolog\u00eda\" \/>\n<meta property=\"og:description\" content=\"Explora los libros de Dami\u00e1n Ruiz sobre psicolog\u00eda, adicciones, autoconocimiento y narrativa. Descubre sus mejores obras como en la planta 46\" \/>\n<meta property=\"og:url\" content=\"https:\/\/damianruiz.eu\/fr\/livres-damian-ruiz\/\" \/>\n<meta property=\"og:site_name\" content=\"Dami\u00e1n Ruiz\" \/>\n<meta property=\"article:modified_time\" content=\"2025-11-16T10:30:22+00:00\" \/>\n<meta property=\"og:image\" content=\"https:\/\/damianruiz.eu\/wp-content\/uploads\/2021\/12\/61LZW1-ftoS.jpg\" \/>\n<meta name=\"twitter:card\" content=\"summary_large_image\" \/>\n<meta name=\"twitter:label1\" content=\"Dur\u00e9e de lecture estim\u00e9e\" \/>\n\t<meta name=\"twitter:data1\" content=\"3 minutes\" \/>\n<script type=\"application\/ld+json\" class=\"yoast-schema-graph\">{\"@context\":\"https:\\\/\\\/schema.org\",\"@graph\":[{\"@type\":\"WebPage\",\"@id\":\"https:\\\/\\\/damianruiz.eu\\\/fr\\\/livres-damian-ruiz\\\/\",\"url\":\"https:\\\/\\\/damianruiz.eu\\\/fr\\\/livres-damian-ruiz\\\/\",\"name\":\"Libros de Dami\u00e1n Ruiz | Psicolog\u00eda\",\"isPartOf\":{\"@id\":\"https:\\\/\\\/damianruiz.eu\\\/#website\"},\"primaryImageOfPage\":{\"@id\":\"https:\\\/\\\/damianruiz.eu\\\/fr\\\/livres-damian-ruiz\\\/#primaryimage\"},\"image\":{\"@id\":\"https:\\\/\\\/damianruiz.eu\\\/fr\\\/livres-damian-ruiz\\\/#primaryimage\"},\"thumbnailUrl\":\"https:\\\/\\\/damianruiz.eu\\\/wp-content\\\/uploads\\\/2021\\\/12\\\/61LZW1-ftoS.jpg\",\"datePublished\":\"2020-08-10T22:48:07+00:00\",\"dateModified\":\"2025-11-16T10:30:22+00:00\",\"description\":\"Explora los libros de Dami\u00e1n Ruiz sobre psicolog\u00eda, adicciones, autoconocimiento y narrativa. Descubre sus mejores obras como en la planta 46\",\"breadcrumb\":{\"@id\":\"https:\\\/\\\/damianruiz.eu\\\/fr\\\/livres-damian-ruiz\\\/#breadcrumb\"},\"inLanguage\":\"fr-FR\",\"potentialAction\":[{\"@type\":\"ReadAction\",\"target\":[\"https:\\\/\\\/damianruiz.eu\\\/fr\\\/livres-damian-ruiz\\\/\"]}]},{\"@type\":\"ImageObject\",\"inLanguage\":\"fr-FR\",\"@id\":\"https:\\\/\\\/damianruiz.eu\\\/fr\\\/livres-damian-ruiz\\\/#primaryimage\",\"url\":\"https:\\\/\\\/damianruiz.eu\\\/wp-content\\\/uploads\\\/2021\\\/12\\\/61LZW1-ftoS.jpg\",\"contentUrl\":\"https:\\\/\\\/damianruiz.eu\\\/wp-content\\\/uploads\\\/2021\\\/12\\\/61LZW1-ftoS.jpg\"},{\"@type\":\"BreadcrumbList\",\"@id\":\"https:\\\/\\\/damianruiz.eu\\\/fr\\\/livres-damian-ruiz\\\/#breadcrumb\",\"itemListElement\":[{\"@type\":\"ListItem\",\"position\":1,\"name\":\"Portada\",\"item\":\"https:\\\/\\\/damianruiz.eu\\\/fr\\\/\"},{\"@type\":\"ListItem\",\"position\":2,\"name\":\"Livres\"}]},{\"@type\":\"WebSite\",\"@id\":\"https:\\\/\\\/damianruiz.eu\\\/#website\",\"url\":\"https:\\\/\\\/damianruiz.eu\\\/\",\"name\":\"Dami\u00e1n Ruiz\",\"description\":\"Licenciado y Postgraduado en Psicolog\u00eda por la Universidad de Barcelona.\",\"publisher\":{\"@id\":\"https:\\\/\\\/damianruiz.eu\\\/#organization\"},\"potentialAction\":[{\"@type\":\"SearchAction\",\"target\":{\"@type\":\"EntryPoint\",\"urlTemplate\":\"https:\\\/\\\/damianruiz.eu\\\/?s={search_term_string}\"},\"query-input\":{\"@type\":\"PropertyValueSpecification\",\"valueRequired\":true,\"valueName\":\"search_term_string\"}}],\"inLanguage\":\"fr-FR\"},{\"@type\":\"Organization\",\"@id\":\"https:\\\/\\\/damianruiz.eu\\\/#organization\",\"name\":\"Dami\u00e1n Ruiz\",\"url\":\"https:\\\/\\\/damianruiz.eu\\\/\",\"logo\":{\"@type\":\"ImageObject\",\"inLanguage\":\"fr-FR\",\"@id\":\"https:\\\/\\\/damianruiz.eu\\\/#\\\/schema\\\/logo\\\/image\\\/\",\"url\":\"https:\\\/\\\/damianruiz.eu\\\/wp-content\\\/uploads\\\/2024\\\/04\\\/cropped-logo-2024-damian-ruiz-233.png\",\"contentUrl\":\"https:\\\/\\\/damianruiz.eu\\\/wp-content\\\/uploads\\\/2024\\\/04\\\/cropped-logo-2024-damian-ruiz-233.png\",\"width\":233,\"height\":60,\"caption\":\"Dami\u00e1n Ruiz\"},\"image\":{\"@id\":\"https:\\\/\\\/damianruiz.eu\\\/#\\\/schema\\\/logo\\\/image\\\/\"}}]}<\/script>\n<!-- \/ Yoast SEO plugin. -->","yoast_head_json":{"title":"Libros de Dami\u00e1n Ruiz | Psicolog\u00eda","description":"Explora los libros de Dami\u00e1n Ruiz sobre psicolog\u00eda, adicciones, autoconocimiento y narrativa. Descubre sus mejores obras como en la planta 46","robots":{"index":"index","follow":"follow","max-snippet":"max-snippet:-1","max-image-preview":"max-image-preview:large","max-video-preview":"max-video-preview:-1"},"canonical":"https:\/\/damianruiz.eu\/fr\/livres-damian-ruiz\/","og_locale":"fr_FR","og_type":"article","og_title":"Libros de Dami\u00e1n Ruiz | Psicolog\u00eda","og_description":"Explora los libros de Dami\u00e1n Ruiz sobre psicolog\u00eda, adicciones, autoconocimiento y narrativa. Descubre sus mejores obras como en la planta 46","og_url":"https:\/\/damianruiz.eu\/fr\/livres-damian-ruiz\/","og_site_name":"Dami\u00e1n Ruiz","article_modified_time":"2025-11-16T10:30:22+00:00","og_image":[{"url":"https:\/\/damianruiz.eu\/wp-content\/uploads\/2021\/12\/61LZW1-ftoS.jpg","type":"","width":"","height":""}],"twitter_card":"summary_large_image","twitter_misc":{"Dur\u00e9e de lecture estim\u00e9e":"3 minutes"},"schema":{"@context":"https:\/\/schema.org","@graph":[{"@type":"WebPage","@id":"https:\/\/damianruiz.eu\/fr\/livres-damian-ruiz\/","url":"https:\/\/damianruiz.eu\/fr\/livres-damian-ruiz\/","name":"Libros de Dami\u00e1n Ruiz | Psicolog\u00eda","isPartOf":{"@id":"https:\/\/damianruiz.eu\/#website"},"primaryImageOfPage":{"@id":"https:\/\/damianruiz.eu\/fr\/livres-damian-ruiz\/#primaryimage"},"image":{"@id":"https:\/\/damianruiz.eu\/fr\/livres-damian-ruiz\/#primaryimage"},"thumbnailUrl":"https:\/\/damianruiz.eu\/wp-content\/uploads\/2021\/12\/61LZW1-ftoS.jpg","datePublished":"2020-08-10T22:48:07+00:00","dateModified":"2025-11-16T10:30:22+00:00","description":"Explora los libros de Dami\u00e1n Ruiz sobre psicolog\u00eda, adicciones, autoconocimiento y narrativa. Descubre sus mejores obras como en la planta 46","breadcrumb":{"@id":"https:\/\/damianruiz.eu\/fr\/livres-damian-ruiz\/#breadcrumb"},"inLanguage":"fr-FR","potentialAction":[{"@type":"ReadAction","target":["https:\/\/damianruiz.eu\/fr\/livres-damian-ruiz\/"]}]},{"@type":"ImageObject","inLanguage":"fr-FR","@id":"https:\/\/damianruiz.eu\/fr\/livres-damian-ruiz\/#primaryimage","url":"https:\/\/damianruiz.eu\/wp-content\/uploads\/2021\/12\/61LZW1-ftoS.jpg","contentUrl":"https:\/\/damianruiz.eu\/wp-content\/uploads\/2021\/12\/61LZW1-ftoS.jpg"},{"@type":"BreadcrumbList","@id":"https:\/\/damianruiz.eu\/fr\/livres-damian-ruiz\/#breadcrumb","itemListElement":[{"@type":"ListItem","position":1,"name":"Portada","item":"https:\/\/damianruiz.eu\/fr\/"},{"@type":"ListItem","position":2,"name":"Livres"}]},{"@type":"WebSite","@id":"https:\/\/damianruiz.eu\/#website","url":"https:\/\/damianruiz.eu\/","name":"Dami\u00e1n Ruiz","description":"Licenciado y Postgraduado en Psicolog\u00eda por la Universidad de Barcelona.","publisher":{"@id":"https:\/\/damianruiz.eu\/#organization"},"potentialAction":[{"@type":"SearchAction","target":{"@type":"EntryPoint","urlTemplate":"https:\/\/damianruiz.eu\/?s={search_term_string}"},"query-input":{"@type":"PropertyValueSpecification","valueRequired":true,"valueName":"search_term_string"}}],"inLanguage":"fr-FR"},{"@type":"Organization","@id":"https:\/\/damianruiz.eu\/#organization","name":"Dami\u00e1n Ruiz","url":"https:\/\/damianruiz.eu\/","logo":{"@type":"ImageObject","inLanguage":"fr-FR","@id":"https:\/\/damianruiz.eu\/#\/schema\/logo\/image\/","url":"https:\/\/damianruiz.eu\/wp-content\/uploads\/2024\/04\/cropped-logo-2024-damian-ruiz-233.png","contentUrl":"https:\/\/damianruiz.eu\/wp-content\/uploads\/2024\/04\/cropped-logo-2024-damian-ruiz-233.png","width":233,"height":60,"caption":"Dami\u00e1n Ruiz"},"image":{"@id":"https:\/\/damianruiz.eu\/#\/schema\/logo\/image\/"}}]}},"uagb_featured_image_src":{"full":false,"thumbnail":false,"medium":false,"medium_large":false,"large":false,"1536x1536":false,"2048x2048":false},"uagb_author_info":{"display_name":"Dami\u00e1n Ruiz","author_link":"https:\/\/damianruiz.eu\/fr\/author\/damianruiz\/"},"uagb_comment_info":0,"uagb_excerpt":"Dans cette page, vous trouverez tous les livres de Dami\u00e1n Ruiz, psychologue et \u00e9crivain. Ses ouvrages combinent la psychologie, la [&hellip;]","_links":{"self":[{"href":"https:\/\/damianruiz.eu\/fr\/wp-json\/wp\/v2\/pages\/730","targetHints":{"allow":["GET"]}}],"collection":[{"href":"https:\/\/damianruiz.eu\/fr\/wp-json\/wp\/v2\/pages"}],"about":[{"href":"https:\/\/damianruiz.eu\/fr\/wp-json\/wp\/v2\/types\/page"}],"author":[{"embeddable":true,"href":"https:\/\/damianruiz.eu\/fr\/wp-json\/wp\/v2\/users\/4"}],"replies":[{"embeddable":true,"href":"https:\/\/damianruiz.eu\/fr\/wp-json\/wp\/v2\/comments?post=730"}],"version-history":[{"count":19,"href":"https:\/\/damianruiz.eu\/fr\/wp-json\/wp\/v2\/pages\/730\/revisions"}],"predecessor-version":[{"id":3396,"href":"https:\/\/damianruiz.eu\/fr\/wp-json\/wp\/v2\/pages\/730\/revisions\/3396"}],"wp:attachment":[{"href":"https:\/\/damianruiz.eu\/fr\/wp-json\/wp\/v2\/media?parent=730"}],"curies":[{"name":"wp","href":"https:\/\/api.w.org\/{rel}","templated":true}]}}